{"id":32951,"date":"2017-06-28T16:23:30","date_gmt":"2017-06-28T09:23:30","guid":{"rendered":"https:\/\/innocom.vn\/phan-mem-truy-xuat-nguon-goc\/"},"modified":"2017-06-28T16:23:30","modified_gmt":"2017-06-28T09:23:30","slug":"phan-mem-truy-xuat-nguon-goc","status":"publish","type":"page","link":"https:\/\/innocom.vn\/en\/software\/phan-mem-truy-xuat-nguon-goc\/","title":{"rendered":"Ph\u1ea7n m\u1ec1m truy xu\u1ea5t ngu\u1ed3n g\u1ed1c"},"content":{"rendered":"<figure id=\"attachment_15199\" aria-describedby=\"caption-attachment-15199\" style=\"width: 624px\" class=\"wp-caption aligncenter\"><img loading=\"lazy\" decoding=\"async\" class=\"wp-image-15199 size-full\" src=\"https:\/\/innocom.vn\/wp-content\/uploads\/2017\/07\/1.jpg\" alt=\"Ph\u1ea7n m\u1ec1m truy xu\u1ea5t ngu\u1ed3n g\u1ed1c\" width=\"624\" height=\"416\" srcset=\"https:\/\/innocom.vn\/wp-content\/uploads\/2017\/07\/1.jpg 624w, https:\/\/innocom.vn\/wp-content\/uploads\/2017\/07\/1-300x200.jpg 300w, https:\/\/innocom.vn\/wp-content\/uploads\/2017\/07\/1-280x187.jpg 280w\" sizes=\"auto, (max-width: 624px) 100vw, 624px\" \/><figcaption id=\"caption-attachment-15199\" class=\"wp-caption-text\">Ph\u1ea7n m\u1ec1m truy xu\u1ea5t ngu\u1ed3n g\u1ed1c<\/figcaption><\/figure>\n<ol>\n<li>\n<h4><span style=\"color: #04a6cf;\"><strong>Truy xu\u1ea5t ngu\u1ed3n g\u1ed1c<\/strong><\/span><\/h4>\n<\/li>\n<\/ol>\n<p>L\u00e0 gi\u1ea3i ph\u00e1p thu th\u1eadp th\u00f4ng tin v\u00e0 cung c\u1ea5p th\u00f4ng tin \u0111\u1ea7y \u0111\u1ee7 v\u1ec1 m\u1ed9t m\u1eb7t h\u00e0ng nh\u1eb1m t\u00e1i hi\u1ec7n qua tr\u00ecnh s\u1ea3n xu\u1ea5t, h\u00ecnh th\u00e0nh c\u1ee7a s\u1ea3n ph\u1ea9m \u0111\u00f3 ( vd: nh\u00e0 cung c\u1ea5p, nguy\u00ean li\u1ec7u, c\u00e1c kh\u00e2u s\u1ea3n xu\u1ea5t, xu\u1ea5t x\u01b0\u1edfng\u2026.) .<\/p>\n<p>To\u00e0n b\u1ed9 th\u00f4ng tin c\u1ee7a s\u1ea3n ph\u1ea9m c\u00f3 ngay tr\u00ean nh\u00e3n v\u00e0 khi truy xu\u1ea5t s\u1ebd cho bi\u1ebft li\u1ec7u \u0111\u01a1n v\u1ecb cung c\u1ea5p c\u00f3 n\u1ed7 l\u1ef1c trong vi\u1ec7c t\u1ea1o ra s\u1ea3n ph\u1ea9m ch\u1ea5t l\u01b0\u1ee3ng hay kh\u00f4ng? C\u00f3 \u0111\u01b0\u1ee3c ki\u1ec3m so\u00e1t v\u1ec1 v\u1ec7 sinh an to\u00e0n hay kh\u00f4ng\u2026 N\u00f3 c\u0169ng gi\u00fap gi\u1ea3m b\u1edbt g\u00e1nh n\u1eb7ng cho nh\u00e0 nh\u1eadp kh\u1ea9u trong vi\u1ec7c tr\u00ecnh b\u00e1o th\u00f4ng tin v\u1ec1 h\u00e0ng h\u00f3a b\u1edfi d\u1eef li\u1ec7u lu\u00f4n c\u00f3 th\u1ec3 ki\u1ec3m tra nhanh ch\u00f3ng v\u00e0 d\u1ec5 d\u00e0ng.<\/p>\n<ol start=\"2\">\n<li>\n<h4><span style=\"color: #04a6cf;\"><strong>L\u1ee3i \u00edch c\u1ee7a ph\u1ea7n m\u1ec1m truy xu\u1ea5t ngu\u1ed3n g\u1ed1c Origin Traceable<\/strong><\/span><\/h4>\n<\/li>\n<\/ol>\n<p>L\u00e0 c\u00f4ng c\u1ee5 gi\u00fap truy\u1ec1n t\u1ea3i th\u00f4ng tin \u0111\u00e3 \u0111\u01b0\u1ee3c x\u00e1c th\u1ef1c t\u1eeb c\u00e1c nh\u00e0 s\u1ea3n xu\u1ea5t th\u1ef1c ph\u1ea9m \u0111\u1ebfn v\u1edbi ng\u01b0\u1eddi ti\u00eau d\u00f9ng, \u0111em l\u1ea1i l\u1ee3i \u00edch cho c\u00e1c \u0111\u1ed1i t\u01b0\u1ee3ng c\u1ee5 th\u1ec3:<\/p>\n<h5><strong>V\u1edbi ng\u01b0\u1eddi ti\u00eau d\u00f9ng<\/strong><\/h5>\n<ul>\n<li>D\u1ec5 d\u00e0ng truy c\u1eadp v\u00e0o c\u1ed5ng th\u00f4ng tin \u0111i\u1ec7n t\u1eed v\u00e0 t\u00ecm theo m\u00e3 s\u1ed1 \u0111\u01b0\u1ee3c in tr\u00ean bao b\u00ec s\u1ea3n ph\u1ea9m, ho\u1eb7c \u0111\u01a1n gi\u1ea3n s\u1eed d\u1ee5ng c\u00e1c thi\u1ebft b\u1ecb \u0111i\u1ec7n t\u1eed \u0111\u1ec3 qu\u00e9t m\u00e3 v\u00e0 s\u1ebd nh\u1eadn \u0111\u01b0\u1ee3c b\u00e1o c\u00e1o ngu\u1ed3n g\u1ed1c chi ti\u1ebft, c\u1ee5 th\u1ec3 v\u1ec1 s\u1ea3n ph\u1ea9m.<\/li>\n<li>Origin Traceable gi\u00fap ng\u01b0\u1eddi ti\u00eau d\u00f9ng hi\u1ec3u r\u00f5 nh\u1eefng g\u00ec h\u1ecd \u0111ang th\u1ef1c s\u1ef1 mua \u0111\u1ec3 \u0111\u01b0a ra quy\u1ebft \u0111\u1ecbnh mua h\u00e0ng ch\u00ednh x\u00e1c.<\/li>\n<\/ul>\n<figure id=\"attachment_15091\" aria-describedby=\"caption-attachment-15091\" style=\"width: 640px\" class=\"wp-caption aligncenter\"><a href=\"https:\/\/innocom.vn\/wp-content\/uploads\/2017\/06\/img-8727-1484572144623.jpg\"><img loading=\"lazy\" decoding=\"async\" class=\"wp-image-15091 size-full\" src=\"https:\/\/innocom.vn\/wp-content\/uploads\/2017\/06\/img-8727-1484572144623.jpg\" alt=\"Ph\u1ea7n m\u1ec1m truy xu\u1ea5t ngu\u1ed3n g\u1ed1c\" width=\"640\" height=\"427\" srcset=\"https:\/\/innocom.vn\/wp-content\/uploads\/2017\/06\/img-8727-1484572144623.jpg 640w, https:\/\/innocom.vn\/wp-content\/uploads\/2017\/06\/img-8727-1484572144623-300x200.jpg 300w, https:\/\/innocom.vn\/wp-content\/uploads\/2017\/06\/img-8727-1484572144623-280x187.jpg 280w\" sizes=\"auto, (max-width: 640px) 100vw, 640px\" \/><\/a><figcaption id=\"caption-attachment-15091\" class=\"wp-caption-text\">Truy xu\u1ea5t ngu\u1ed3n g\u1ed1c s\u1ea3n ph\u1ea9m<\/figcaption><\/figure>\n<h5><strong>V\u1edbi nh\u00e0 s\u1ea3n xu\u1ea5t<\/strong><\/h5>\n<ul>\n<li>Truy xu\u1ea5t ngu\u1ed3n g\u1ed1c Origin Traceable s\u1ebd gi\u00fap nh\u00e0 s\u1ea3n xu\u1ea5t ghi nh\u1eadn\u00a0b\u1eb1ng \u0111i\u1ec7n t\u1eed\u00a0c\u00e1c d\u1eef li\u1ec7u quan tr\u1ecdng trong chu\u1ed7i s\u1ea3n xu\u1ea5t.<\/li>\n<li>Gi\u1ed1ng nh\u01b0 m\u1ed9t c\u00f4ng c\u1ee5 qu\u1ea3n l\u00fd gi\u00fap b\u1ed9 ph\u1eadn ki\u1ec3m so\u00e1t t\u00ecm th\u00f4ng tin m\u1ed9t c\u00e1ch d\u1ec5 d\u00e0ng, qu\u1ea3n l\u00fd d\u1eef li\u1ec7u t\u1eeb xa an to\u00e0n v\u00e0 ch\u1ee7 \u0111\u1ed9ng.<\/li>\n<li>L\u00e0 c\u00f4ng c\u1ee5 marketing gi\u00fap n\u00e2ng cao ni\u1ec1m tin c\u1ee7a ng\u01b0\u1eddi ti\u00eau d\u00f9ng v\u00e0o s\u1ea3n ph\u1ea9m c\u1ee7a doanh nghi\u1ec7p.<\/li>\n<li>L\u00e0 c\u00f4ng c\u1ee5 c\u1ea1nh tranh, ch\u1ee9ng minh v\u1ec1 n\u0103ng l\u1ef1c s\u1ea3n xu\u1ea5t c\u0169ng nh\u01b0 ch\u1ea5t l\u01b0\u1ee3ng c\u1ee7a m\u00ecnh tr\u00ean th\u1ecb tr\u01b0\u1eddng, l\u00e0 c\u01a1 s\u1edf \u0111\u1ec3 \u0111\u1ecbnh gi\u00e1 s\u1ea3n ph\u1ea9m.<\/li>\n<\/ul>\n<h5><strong>V\u1edbi c\u01a1 quan ch\u1ee9c n\u0103ng<\/strong><\/h5>\n<p>H\u1ec7 th\u1ed1ng truy xu\u1ea5t ngu\u1ed3n g\u1ed1c \u0111i\u1ec7n t\u1eed Origin Traceable gi\u00fap c\u00e1c c\u01a1 quan ch\u1ee9c n\u0103ng qu\u1ea3n l\u00fd \u0111\u01b0\u1ee3c ngu\u1ed3n g\u1ed1c c\u00e1c s\u1ea3n ph\u1ea9m, th\u1ef1c hi\u1ec7n theo c\u00e1c v\u0103n b\u1ea3n lu\u1eadt ph\u00e1p qu\u1ed1c gia v\u00e0 qu\u1ed1c t\u1ebf y\u00eau c\u1ea7u:<\/p>\n<p><strong>Th\u00f4ng t\u01b0 s\u1ed1 48\/2013\/TT-BNNPTNT<\/strong>\u00a0ng\u00e0y 12 th\u00e1ng 11 n\u0103m 2013 c\u1ee7a B\u1ed9 NN&amp;PTNT Quy \u0111\u1ecbnh v\u1ec1 ki\u1ec3m tra, ch\u1ee9ng nh\u1eadn an to\u00e0n th\u1ef1c ph\u1ea9m th\u1ee7y s\u1ea3n xu\u1ea5t kh\u1ea9u<\/p>\n<p><strong>Th\u00f4ng t\u01b0 s\u1ed1 03\/2011\/TT-BNNPTNT<\/strong>\u00a0ng\u00e0y 21\/1\/2011 c\u1ee7a B\u1ed9 NN&amp;PTNT ban h\u00e0nh Quy \u0111\u1ecbnh v\u1ec1 truy xu\u1ea5t ngu\u1ed3n g\u1ed1c v\u00e0 thu h\u1ed3i s\u1ea3n ph\u1ea9m kh\u00f4ng \u0111\u1ea3m b\u1ea3o ch\u1ea5t l\u01b0\u1ee3ng, an to\u00e0n th\u1ef1c ph\u1ea9m trong l\u0129nh v\u1ef1c th\u1ee7y s\u1ea3n<\/p>\n<p><strong>Th\u00f4ng t\u01b0 s\u1ed1 74\/2011\/TT-BNNPTNT<\/strong>\u00a0ng\u00e0y 31\/10\/2011 c\u1ee7a B\u1ed9 NN&amp;PTNT Quy \u0111\u1ecbnh v\u1ec1 truy xu\u1ea5t ngu\u1ed3n g\u1ed1c, thu h\u1ed3i v\u00e0 x\u1eed l\u00fd th\u1ef1c ph\u1ea9m n\u00f4ng l\u00e2m s\u1ea3n kh\u00f4ng b\u1ea3o \u0111\u1ea3m an to\u00e0n. \u0110\u1ed1i t\u01b0\u1ee3ng \u00e1p d\u1ee5ng: c\u01a1 s\u1edf s\u1ea3n xu\u1ea5t, kinh doanh th\u1ef1c ph\u1ea9m c\u00f3 ngu\u1ed3n g\u1ed1c th\u1ef1c v\u1eadt; v\u00e0 \u0111\u1ed9ng v\u1eadt tr\u00ean c\u1ea1n.<\/p>\n<p><strong>Quy \u0111\u1ecbnh EU s\u1ed1 178\/2002\/EC (\u0111i\u1ec1u 18):<\/strong><\/p>\n<p>H\u1ec7 th\u1ed1ng truy xu\u1ea5t ngu\u1ed3n g\u1ed1c ph\u1ea3i \u0111\u01b0\u1ee3c thi\u1ebft l\u1eadp \u1edf t\u1ea5t c\u1ea3 c\u00e1c giai \u0111o\u1ea1n c\u1ee7a chu\u1ed7i trong qu\u00e1 tr\u00ecnh s\u1ea3n xu\u1ea5t.<\/p>\n<p>T\u1ea5t c\u1ea3 c\u00e1c giai \u0111o\u1ea1n ph\u1ea3i thi\u1ebft l\u1eadp h\u1ec7 th\u1ed1ng\/th\u1ee7 t\u1ee5c \u0111\u1ec3 x\u00e1c \u0111\u1ecbnh v\u00e0 l\u01b0u tr\u1eef th\u00f4ng tin v\u1ec1 s\u1ea3n xu\u1ea5t s\u1ea3n ph\u1ea9m (nh\u1eadp v\u00e0o v\u00e0 b\u00e1n ra) theo y\u00eau c\u1ea7u c\u1ee5 th\u1ec3 c\u1ee7a c\u01a1 quan th\u1ea9m quy\u1ec1n.<\/p>\n<p>H\u00e0ng h\u00f3a \u0111\u01b0a ra th\u1ecb tr\u01b0\u1eddng ph\u1ea3i \u0111\u01b0\u1ee3c d\u00e1n nh\u00e3n b\u1eb1ng ph\u01b0\u01a1ng th\u1ee9c th\u00edch h\u1ee3p \u0111\u1ec3 truy xu\u1ea5t \u0111\u01b0\u1ee3c ngu\u1ed3n g\u1ed1c (ph\u00f9 h\u1ee3p v\u1edbi th\u1ee7 t\u1ee5c \u0111\u00e3 quy \u0111\u1ecbnh).<\/p>\n<ol start=\"3\">\n<li>\n<h4><span style=\"color: #04a6cf;\"><strong>C\u00e0i \u0111\u1eb7t v\u00e0 s\u1eed d\u1ee5ng<\/strong><\/span><\/h4>\n<\/li>\n<\/ol>\n<p>Xin qu\u00fd kh\u00e1ch vui l\u00f2ng li\u00ean h\u1ec7 tr\u1ef1c ti\u1ebfp t\u1edbi email: hello@innocom.vn<\/p>\n<p>Ho\u1eb7c g\u1ecdi ngay : 0942.8888.95<\/p>\n<p>\u0110\u1ec3 \u0111\u01b0\u1ee3c h\u1ed7 tr\u1ee3 t\u01b0 v\u1ea5n.<\/p>\n","protected":false},"excerpt":{"rendered":"<p>Truy xu\u1ea5t ngu\u1ed3n g\u1ed1c L\u00e0 gi\u1ea3i ph\u00e1p thu th\u1eadp th\u00f4ng tin v\u00e0 cung c\u1ea5p th\u00f4ng tin \u0111\u1ea7y \u0111\u1ee7 v\u1ec1 m\u1ed9t m\u1eb7t h\u00e0ng nh\u1eb1m t\u00e1i hi\u1ec7n qua tr\u00ecnh s\u1ea3n xu\u1ea5t, h\u00ecnh th\u00e0nh c\u1ee7a s\u1ea3n ph\u1ea9m \u0111\u00f3 ( vd: nh\u00e0 cung c\u1ea5p, nguy\u00ean li\u1ec7u, c\u00e1c kh\u00e2u s\u1ea3n xu\u1ea5t, xu\u1ea5t x\u01b0\u1edfng\u2026.) . To\u00e0n b\u1ed9 th\u00f4ng tin c\u1ee7a s\u1ea3n [&#8230;]\n","protected":false},"author":4,"featured_media":32952,"parent":38745,"menu_order":0,"comment_status":"open","ping_status":"closed","template":"","meta":{"footnotes":""},"class_list":["post-32951","page","type-page","status-publish","has-post-thumbnail","hentry"],"yoast_head":"<!-- This site is optimized with the Yoast SEO Premium plugin v24.5 (Yoast SEO v26.1.1) - https:\/\/yoast.com\/wordpress\/plugins\/seo\/ -->\n<title>Ph\u1ea7n m\u1ec1m truy xu\u1ea5t ngu\u1ed3n g\u1ed1c - C\u00f4ng ty C\u00f4ng ngh\u1ec7 v\u00e0 T\u01b0 v\u1ea5n Doanh nghi\u1ec7p INNOCOM<\/title>\n<meta name=\"description\" content=\"Truy xu\u1ea5t ngu\u1ed3n g\u1ed1c L\u00e0 gi\u1ea3i ph\u00e1p thu th\u1eadp th\u00f4ng tin v\u00e0 cung c\u1ea5p th\u00f4ng tin \u0111\u1ea7y \u0111\u1ee7 v\u1ec1 m\u1ed9t m\u1eb7t h\u00e0ng nh\u1eb1m t\u00e1i hi\u1ec7n qua tr\u00ecnh s\u1ea3n xu\u1ea5t, h\u00ecnh th\u00e0nh c\u1ee7a s\u1ea3n ph\u1ea9m \u2013 C\u00f4ng ty C\u00f4ng ngh\u1ec7 v\u00e0 T\u01b0 v\u1ea5n Doanh nghi\u1ec7p INNOCOM\" \/>\n<meta name=\"robots\" content=\"index, follow, max-snippet:-1, max-image-preview:large, max-video-preview:-1\" \/>\n<link rel=\"canonical\" href=\"https:\/\/innocom.vn\/en\/software\/phan-mem-truy-xuat-nguon-goc\/\" \/>\n<meta property=\"og:locale\" content=\"en_US\" \/>\n<meta property=\"og:type\" content=\"article\" \/>\n<meta property=\"og:title\" content=\"Ph\u1ea7n m\u1ec1m truy xu\u1ea5t ngu\u1ed3n g\u1ed1c\" \/>\n<meta property=\"og:description\" content=\"Truy xu\u1ea5t ngu\u1ed3n g\u1ed1c L\u00e0 gi\u1ea3i ph\u00e1p thu th\u1eadp th\u00f4ng tin v\u00e0 cung c\u1ea5p th\u00f4ng tin \u0111\u1ea7y \u0111\u1ee7 v\u1ec1 m\u1ed9t m\u1eb7t h\u00e0ng nh\u1eb1m t\u00e1i hi\u1ec7n qua tr\u00ecnh s\u1ea3n xu\u1ea5t, h\u00ecnh th\u00e0nh c\u1ee7a s\u1ea3n ph\u1ea9m \u2013 C\u00f4ng ty C\u00f4ng ngh\u1ec7 v\u00e0 T\u01b0 v\u1ea5n Doanh nghi\u1ec7p INNOCOM\" \/>\n<meta property=\"og:url\" content=\"https:\/\/innocom.vn\/en\/software\/phan-mem-truy-xuat-nguon-goc\/\" \/>\n<meta property=\"og:site_name\" content=\"C\u00f4ng ty C\u00f4ng ngh\u1ec7 v\u00e0 T\u01b0 v\u1ea5n Doanh nghi\u1ec7p INNOCOM\" \/>\n<meta property=\"og:image\" content=\"https:\/\/innocom.vn\/wp-content\/uploads\/2017\/06\/giai-phap-truy-xuat-nguon-goc-thuc-pham-origin-traceable-5.jpg\" \/>\n\t<meta property=\"og:image:width\" content=\"1250\" \/>\n\t<meta property=\"og:image:height\" content=\"400\" \/>\n\t<meta property=\"og:image:type\" content=\"image\/jpeg\" \/>\n<meta name=\"twitter:label1\" content=\"Est. reading time\" \/>\n\t<meta name=\"twitter:data1\" content=\"5 minutes\" \/>\n<script type=\"application\/ld+json\" class=\"yoast-schema-graph\">{\"@context\":\"https:\/\/schema.org\",\"@graph\":[{\"@type\":\"WebPage\",\"@id\":\"https:\/\/innocom.vn\/en\/software\/phan-mem-truy-xuat-nguon-goc\/\",\"url\":\"https:\/\/innocom.vn\/en\/software\/phan-mem-truy-xuat-nguon-goc\/\",\"name\":\"Ph\u1ea7n m\u1ec1m truy xu\u1ea5t ngu\u1ed3n g\u1ed1c - C\u00f4ng ty C\u00f4ng ngh\u1ec7 v\u00e0 T\u01b0 v\u1ea5n Doanh nghi\u1ec7p INNOCOM\",\"isPartOf\":{\"@id\":\"https:\/\/innocom.vn\/#website\"},\"primaryImageOfPage\":{\"@id\":\"https:\/\/innocom.vn\/en\/software\/phan-mem-truy-xuat-nguon-goc\/#primaryimage\"},\"image\":{\"@id\":\"https:\/\/innocom.vn\/en\/software\/phan-mem-truy-xuat-nguon-goc\/#primaryimage\"},\"thumbnailUrl\":\"https:\/\/innocom.vn\/wp-content\/uploads\/2017\/06\/giai-phap-truy-xuat-nguon-goc-thuc-pham-origin-traceable-5.jpg\",\"datePublished\":\"2017-06-28T09:23:30+00:00\",\"description\":\"Truy xu\u1ea5t ngu\u1ed3n g\u1ed1c L\u00e0 gi\u1ea3i ph\u00e1p thu th\u1eadp th\u00f4ng tin v\u00e0 cung c\u1ea5p th\u00f4ng tin \u0111\u1ea7y \u0111\u1ee7 v\u1ec1 m\u1ed9t m\u1eb7t h\u00e0ng nh\u1eb1m t\u00e1i hi\u1ec7n qua tr\u00ecnh s\u1ea3n xu\u1ea5t, h\u00ecnh th\u00e0nh c\u1ee7a s\u1ea3n ph\u1ea9m \u2013 C\u00f4ng ty C\u00f4ng ngh\u1ec7 v\u00e0 T\u01b0 v\u1ea5n Doanh nghi\u1ec7p INNOCOM\",\"breadcrumb\":{\"@id\":\"https:\/\/innocom.vn\/en\/software\/phan-mem-truy-xuat-nguon-goc\/#breadcrumb\"},\"inLanguage\":\"en-US\",\"potentialAction\":[{\"@type\":\"ReadAction\",\"target\":[\"https:\/\/innocom.vn\/en\/software\/phan-mem-truy-xuat-nguon-goc\/\"]}]},{\"@type\":\"ImageObject\",\"inLanguage\":\"en-US\",\"@id\":\"https:\/\/innocom.vn\/en\/software\/phan-mem-truy-xuat-nguon-goc\/#primaryimage\",\"url\":\"https:\/\/innocom.vn\/wp-content\/uploads\/2017\/06\/giai-phap-truy-xuat-nguon-goc-thuc-pham-origin-traceable-5.jpg\",\"contentUrl\":\"https:\/\/innocom.vn\/wp-content\/uploads\/2017\/06\/giai-phap-truy-xuat-nguon-goc-thuc-pham-origin-traceable-5.jpg\",\"width\":1250,\"height\":400},{\"@type\":\"BreadcrumbList\",\"@id\":\"https:\/\/innocom.vn\/en\/software\/phan-mem-truy-xuat-nguon-goc\/#breadcrumb\",\"itemListElement\":[{\"@type\":\"ListItem\",\"position\":1,\"name\":\"Home\",\"item\":\"https:\/\/innocom.vn\/en\/\"},{\"@type\":\"ListItem\",\"position\":2,\"name\":\"Software\",\"item\":\"https:\/\/innocom.vn\/en\/software\/\"},{\"@type\":\"ListItem\",\"position\":3,\"name\":\"Ph\u1ea7n m\u1ec1m truy xu\u1ea5t ngu\u1ed3n g\u1ed1c\"}]},{\"@type\":\"WebSite\",\"@id\":\"https:\/\/innocom.vn\/#website\",\"url\":\"https:\/\/innocom.vn\/\",\"name\":\"C\u00f4ng ty C\u00f4ng ngh\u1ec7 v\u00e0 T\u01b0 v\u1ea5n Doanh nghi\u1ec7p INNOCOM\",\"description\":\"\",\"publisher\":{\"@id\":\"https:\/\/innocom.vn\/#organization\"},\"potentialAction\":[{\"@type\":\"SearchAction\",\"target\":{\"@type\":\"EntryPoint\",\"urlTemplate\":\"https:\/\/innocom.vn\/?s={search_term_string}\"},\"query-input\":{\"@type\":\"PropertyValueSpecification\",\"valueRequired\":true,\"valueName\":\"search_term_string\"}}],\"inLanguage\":\"en-US\"},{\"@type\":\"Organization\",\"@id\":\"https:\/\/innocom.vn\/#organization\",\"name\":\"Innocom\",\"url\":\"https:\/\/innocom.vn\/\",\"logo\":{\"@type\":\"ImageObject\",\"inLanguage\":\"en-US\",\"@id\":\"https:\/\/innocom.vn\/#\/schema\/logo\/image\/\",\"url\":\"https:\/\/innocom.vn\/wp-content\/uploads\/2016\/01\/innocom-logo.png\",\"contentUrl\":\"https:\/\/innocom.vn\/wp-content\/uploads\/2016\/01\/innocom-logo.png\",\"width\":2048,\"height\":2046,\"caption\":\"Innocom\"},\"image\":{\"@id\":\"https:\/\/innocom.vn\/#\/schema\/logo\/image\/\"}}]}<\/script>\n<!-- \/ Yoast SEO Premium plugin. -->","yoast_head_json":{"title":"Ph\u1ea7n m\u1ec1m truy xu\u1ea5t ngu\u1ed3n g\u1ed1c - C\u00f4ng ty C\u00f4ng ngh\u1ec7 v\u00e0 T\u01b0 v\u1ea5n Doanh nghi\u1ec7p INNOCOM","description":"Truy xu\u1ea5t ngu\u1ed3n g\u1ed1c L\u00e0 gi\u1ea3i ph\u00e1p thu th\u1eadp th\u00f4ng tin v\u00e0 cung c\u1ea5p th\u00f4ng tin \u0111\u1ea7y \u0111\u1ee7 v\u1ec1 m\u1ed9t m\u1eb7t h\u00e0ng nh\u1eb1m t\u00e1i hi\u1ec7n qua tr\u00ecnh s\u1ea3n xu\u1ea5t, h\u00ecnh th\u00e0nh c\u1ee7a s\u1ea3n ph\u1ea9m \u2013 C\u00f4ng ty C\u00f4ng ngh\u1ec7 v\u00e0 T\u01b0 v\u1ea5n Doanh nghi\u1ec7p INNOCOM","robots":{"index":"index","follow":"follow","max-snippet":"max-snippet:-1","max-image-preview":"max-image-preview:large","max-video-preview":"max-video-preview:-1"},"canonical":"https:\/\/innocom.vn\/en\/software\/phan-mem-truy-xuat-nguon-goc\/","og_locale":"en_US","og_type":"article","og_title":"Ph\u1ea7n m\u1ec1m truy xu\u1ea5t ngu\u1ed3n g\u1ed1c","og_description":"Truy xu\u1ea5t ngu\u1ed3n g\u1ed1c L\u00e0 gi\u1ea3i ph\u00e1p thu th\u1eadp th\u00f4ng tin v\u00e0 cung c\u1ea5p th\u00f4ng tin \u0111\u1ea7y \u0111\u1ee7 v\u1ec1 m\u1ed9t m\u1eb7t h\u00e0ng nh\u1eb1m t\u00e1i hi\u1ec7n qua tr\u00ecnh s\u1ea3n xu\u1ea5t, h\u00ecnh th\u00e0nh c\u1ee7a s\u1ea3n ph\u1ea9m \u2013 C\u00f4ng ty C\u00f4ng ngh\u1ec7 v\u00e0 T\u01b0 v\u1ea5n Doanh nghi\u1ec7p INNOCOM","og_url":"https:\/\/innocom.vn\/en\/software\/phan-mem-truy-xuat-nguon-goc\/","og_site_name":"C\u00f4ng ty C\u00f4ng ngh\u1ec7 v\u00e0 T\u01b0 v\u1ea5n Doanh nghi\u1ec7p INNOCOM","og_image":[{"width":1250,"height":400,"url":"https:\/\/innocom.vn\/wp-content\/uploads\/2017\/06\/giai-phap-truy-xuat-nguon-goc-thuc-pham-origin-traceable-5.jpg","type":"image\/jpeg"}],"twitter_misc":{"Est. reading time":"5 minutes"},"schema":{"@context":"https:\/\/schema.org","@graph":[{"@type":"WebPage","@id":"https:\/\/innocom.vn\/en\/software\/phan-mem-truy-xuat-nguon-goc\/","url":"https:\/\/innocom.vn\/en\/software\/phan-mem-truy-xuat-nguon-goc\/","name":"Ph\u1ea7n m\u1ec1m truy xu\u1ea5t ngu\u1ed3n g\u1ed1c - C\u00f4ng ty C\u00f4ng ngh\u1ec7 v\u00e0 T\u01b0 v\u1ea5n Doanh nghi\u1ec7p INNOCOM","isPartOf":{"@id":"https:\/\/innocom.vn\/#website"},"primaryImageOfPage":{"@id":"https:\/\/innocom.vn\/en\/software\/phan-mem-truy-xuat-nguon-goc\/#primaryimage"},"image":{"@id":"https:\/\/innocom.vn\/en\/software\/phan-mem-truy-xuat-nguon-goc\/#primaryimage"},"thumbnailUrl":"https:\/\/innocom.vn\/wp-content\/uploads\/2017\/06\/giai-phap-truy-xuat-nguon-goc-thuc-pham-origin-traceable-5.jpg","datePublished":"2017-06-28T09:23:30+00:00","description":"Truy xu\u1ea5t ngu\u1ed3n g\u1ed1c L\u00e0 gi\u1ea3i ph\u00e1p thu th\u1eadp th\u00f4ng tin v\u00e0 cung c\u1ea5p th\u00f4ng tin \u0111\u1ea7y \u0111\u1ee7 v\u1ec1 m\u1ed9t m\u1eb7t h\u00e0ng nh\u1eb1m t\u00e1i hi\u1ec7n qua tr\u00ecnh s\u1ea3n xu\u1ea5t, h\u00ecnh th\u00e0nh c\u1ee7a s\u1ea3n ph\u1ea9m \u2013 C\u00f4ng ty C\u00f4ng ngh\u1ec7 v\u00e0 T\u01b0 v\u1ea5n Doanh nghi\u1ec7p INNOCOM","breadcrumb":{"@id":"https:\/\/innocom.vn\/en\/software\/phan-mem-truy-xuat-nguon-goc\/#breadcrumb"},"inLanguage":"en-US","potentialAction":[{"@type":"ReadAction","target":["https:\/\/innocom.vn\/en\/software\/phan-mem-truy-xuat-nguon-goc\/"]}]},{"@type":"ImageObject","inLanguage":"en-US","@id":"https:\/\/innocom.vn\/en\/software\/phan-mem-truy-xuat-nguon-goc\/#primaryimage","url":"https:\/\/innocom.vn\/wp-content\/uploads\/2017\/06\/giai-phap-truy-xuat-nguon-goc-thuc-pham-origin-traceable-5.jpg","contentUrl":"https:\/\/innocom.vn\/wp-content\/uploads\/2017\/06\/giai-phap-truy-xuat-nguon-goc-thuc-pham-origin-traceable-5.jpg","width":1250,"height":400},{"@type":"BreadcrumbList","@id":"https:\/\/innocom.vn\/en\/software\/phan-mem-truy-xuat-nguon-goc\/#breadcrumb","itemListElement":[{"@type":"ListItem","position":1,"name":"Home","item":"https:\/\/innocom.vn\/en\/"},{"@type":"ListItem","position":2,"name":"Software","item":"https:\/\/innocom.vn\/en\/software\/"},{"@type":"ListItem","position":3,"name":"Ph\u1ea7n m\u1ec1m truy xu\u1ea5t ngu\u1ed3n g\u1ed1c"}]},{"@type":"WebSite","@id":"https:\/\/innocom.vn\/#website","url":"https:\/\/innocom.vn\/","name":"C\u00f4ng ty C\u00f4ng ngh\u1ec7 v\u00e0 T\u01b0 v\u1ea5n Doanh nghi\u1ec7p INNOCOM","description":"","publisher":{"@id":"https:\/\/innocom.vn\/#organization"},"potentialAction":[{"@type":"SearchAction","target":{"@type":"EntryPoint","urlTemplate":"https:\/\/innocom.vn\/?s={search_term_string}"},"query-input":{"@type":"PropertyValueSpecification","valueRequired":true,"valueName":"search_term_string"}}],"inLanguage":"en-US"},{"@type":"Organization","@id":"https:\/\/innocom.vn\/#organization","name":"Innocom","url":"https:\/\/innocom.vn\/","logo":{"@type":"ImageObject","inLanguage":"en-US","@id":"https:\/\/innocom.vn\/#\/schema\/logo\/image\/","url":"https:\/\/innocom.vn\/wp-content\/uploads\/2016\/01\/innocom-logo.png","contentUrl":"https:\/\/innocom.vn\/wp-content\/uploads\/2016\/01\/innocom-logo.png","width":2048,"height":2046,"caption":"Innocom"},"image":{"@id":"https:\/\/innocom.vn\/#\/schema\/logo\/image\/"}}]}},"_links":{"self":[{"href":"https:\/\/innocom.vn\/en\/wp-json\/wp\/v2\/pages\/32951","targetHints":{"allow":["GET"]}}],"collection":[{"href":"https:\/\/innocom.vn\/en\/wp-json\/wp\/v2\/pages"}],"about":[{"href":"https:\/\/innocom.vn\/en\/wp-json\/wp\/v2\/types\/page"}],"author":[{"embeddable":true,"href":"https:\/\/innocom.vn\/en\/wp-json\/wp\/v2\/users\/4"}],"replies":[{"embeddable":true,"href":"https:\/\/innocom.vn\/en\/wp-json\/wp\/v2\/comments?post=32951"}],"version-history":[{"count":0,"href":"https:\/\/innocom.vn\/en\/wp-json\/wp\/v2\/pages\/32951\/revisions"}],"up":[{"embeddable":true,"href":"https:\/\/innocom.vn\/en\/wp-json\/wp\/v2\/pages\/38745"}],"wp:featuredmedia":[{"embeddable":true,"href":"https:\/\/innocom.vn\/en\/wp-json\/wp\/v2\/media\/32952"}],"wp:attachment":[{"href":"https:\/\/innocom.vn\/en\/wp-json\/wp\/v2\/media?parent=32951"}],"curies":[{"name":"wp","href":"https:\/\/api.w.org\/{rel}","templated":true}]}}