{"id":13810,"date":"2016-01-09T08:21:59","date_gmt":"2016-01-09T01:21:59","guid":{"rendered":"https:\/\/innocom.vn\/?page_id=13810"},"modified":"2016-01-09T08:21:59","modified_gmt":"2016-01-09T01:21:59","slug":"terms-and-policy","status":"publish","type":"page","link":"https:\/\/innocom.vn\/en\/terms-and-policy\/","title":{"rendered":"Terms and Policy"},"content":{"rendered":"<h1><span style=\"color: #000000;\">1. Ch\u00ednh s\u00e1ch b\u1ea3o m\u1eadt th\u00f4ng tin<\/span><\/h1>\n<p><strong>Ch\u00ednh s\u00e1ch b\u1ea3o m\u1eadt th\u00f4ng tin \u0111\u01b0\u1ee3c ch\u00fang t\u00f4i x\u00e2y d\u1ef1ng d\u1ef1a v\u00e0o Ngh\u1ecb \u0111\u1ecbnh 52\/2013\/N\u0110-CP\u00a0t\u1eeb \u0111i\u1ec1u 68 \u0111\u1ebfn \u0110i\u1ec1u 73.<\/strong><\/p>\n<p><span style=\"color: #ff0000;\"><strong>C\u00f4ng ty ch\u00fang t\u00f4i cam k\u1ebft<\/strong><\/span><\/p>\n<p><span style=\"color: #000000;\"><strong>\u0110i\u1ec1u\u00a0<\/strong><strong>1. Ch\u00ednh s\u00e1ch b\u1ea3o v\u1ec7 th\u00f4ng tin c\u00e1 nh\u00e2n c\u1ee7a ng\u01b0\u1eddi ti\u00eau d\u00f9ng<\/strong><\/span><\/p>\n<ol>\n<li>C\u00f4ng ty ch\u00fang t\u00f4i khi thu th\u1eadp v\u00e0 s\u1eed d\u1ee5ng th\u00f4ng tin c\u00e1 nh\u00e2n c\u1ee7a ng\u01b0\u1eddi ti\u00eau d\u00f9ng s\u1ebd g\u1eedi cho qu\u00fd kh\u00e1ch h\u00e0ng c\u00e1c ch\u00ednh s\u00e1ch b\u1ea3o v\u1ec7 th\u00f4ng tin c\u00e1 nh\u00e2n v\u1edbi c\u00e1c n\u1ed9i dung sau:<\/li>\n<\/ol>\n<p>a) M\u1ee5c \u0111\u00edch thu th\u1eadp th\u00f4ng tin c\u00e1 nh\u00e2n;<\/p>\n<p>b)\u00a0Ph\u1ea1m vi s\u1eed d\u1ee5ng th\u00f4ng tin;<\/p>\n<p>c)\u00a0Th\u1eddi gian l\u01b0u tr\u1eef th\u00f4ng tin;<\/p>\n<p>d)\u00a0Nh\u1eefng ng\u01b0\u1eddi ho\u1eb7c t\u1ed5 ch\u1ee9c c\u00f3 th\u1ec3 \u0111\u01b0\u1ee3c ti\u1ebfp c\u1eadn v\u1edbi th\u00f4ng tin \u0111\u00f3;<\/p>\n<p>\u0111) \u0110\u1ecba ch\u1ec9 c\u1ee7a \u0111\u01a1n v\u1ecb thu th\u1eadp v\u00e0 qu\u1ea3n l\u00fd th\u00f4ng tin, bao g\u1ed3m c\u00e1ch th\u1ee9c li\u00ean l\u1ea1c \u0111\u1ec3 ng\u01b0\u1eddi ti\u00eau d\u00f9ng c\u00f3 th\u1ec3 h\u1ecfi v\u1ec1 ho\u1ea1t \u0111\u1ed9ng thu th\u1eadp, x\u1eed l\u00fd th\u00f4ng tin li\u00ean quan \u0111\u1ebfn c\u00e1 nh\u00e2n m\u00ecnh;<\/p>\n<p>e)\u00a0Ph\u01b0\u01a1ng th\u1ee9c v\u00e0 c\u00f4ng c\u1ee5 \u0111\u1ec3 ng\u01b0\u1eddi ti\u00eau d\u00f9ng ti\u1ebfp c\u1eadn v\u00e0 ch\u1ec9nh s\u1eeda d\u1eef li\u1ec7u c\u00e1 nh\u00e2n c\u1ee7a m\u00ecnh tr\u00ean h\u1ec7 th\u1ed1ng th\u01b0\u01a1ng m\u1ea1i \u0111i\u1ec7n t\u1eed c\u1ee7a \u0111\u01a1n v\u1ecb thu th\u1eadp th\u00f4ng tin.<\/p>\n<p>2. \u00a0Nh\u1eefng n\u1ed9i dung tr\u00ean s\u1ebd \u0111\u01b0\u1ee3c hi\u1ec3n th\u1ecb r\u00f5 r\u00e0ng cho ng\u01b0\u1eddi ti\u00eau d\u00f9ng tr\u01b0\u1edbc ho\u1eb7c t\u1ea1i th\u1eddi \u0111i\u1ec3m thu th\u1eadp th\u00f4ng tin.<\/p>\n<p><span style=\"color: #000000;\"><strong>\u0110i\u1ec1u\u00a0<\/strong><strong>2. Xin ph\u00e9p ng\u01b0\u1eddi ti\u00eau d\u00f9ng khi ti\u1ebfn h\u00e0nh thu th\u1eadp th\u00f4ng tin<\/strong><\/span><\/p>\n<ol>\n<li>Khi ti\u1ebfn h\u00e0nh thu th\u1eadp, s\u1eed d\u1ee5ng th\u00f4ng tin c\u00e1 nh\u00e2n c\u1ee7a kh\u00e1ch h\u00e0ng tr\u00ean website th\u01b0\u01a1ng m\u1ea1i \u0111i\u1ec7n t\u1eed ch\u00fang t\u00f4i s\u1ebd c\u00f3 s\u1ef1 th\u1ecfa thu\u1eadn ho\u1eb7c \u0111\u1ed3ng \u00fd tr\u01b0\u1edbc c\u1ee7a ch\u1ee7 th\u1ec3 th\u00f4ng tin.<\/li>\n<li>Kh\u00e1ch h\u00e0ng \u0111\u01b0\u1ee3c l\u1ef1a ch\u1ecdn vi\u1ec7c cho ph\u00e9p ho\u1eb7c kh\u00f4ng cho ph\u00e9p s\u1eed d\u1ee5ng th\u00f4ng tin c\u00e1 nh\u00e2n c\u1ee7a h\u1ecd trong nh\u1eefng tr\u01b0\u1eddng h\u1ee3p sau:<\/li>\n<\/ol>\n<p>a)\u00a0Chia s\u1ebb, ti\u1ebft l\u1ed9, chuy\u1ec3n giao th\u00f4ng tin cho m\u1ed9t b\u00ean th\u1ee9 ba;<\/p>\n<p>b)\u00a0S\u1eed d\u1ee5ng th\u00f4ng tin c\u00e1 nh\u00e2n \u0111\u1ec3 g\u1eedi qu\u1ea3ng c\u00e1o, gi\u1edbi thi\u1ec7u s\u1ea3n ph\u1ea9m v\u00e0 c\u00e1c th\u00f4ng tin c\u00f3 t\u00ednh th\u01b0\u01a1ng m\u1ea1i kh\u00e1c.<\/p>\n<p><span style=\"color: #000000;\"><strong>\u0110i\u1ec1u\u00a0<\/strong><strong>3. S\u1eed d\u1ee5ng th\u00f4ng tin c\u00e1 nh\u00e2n<\/strong><\/span><\/p>\n<p>Ch\u00fang t\u00f4i cam k\u1ebft s\u1eed d\u1ee5ng th\u00f4ng tin c\u00e1 nh\u00e2n c\u1ee7a kh\u00e1ch h\u00e0ng \u0111\u00fang m\u1ee5c \u0111\u00edch nh\u01b0 th\u1ecfa thu\u1eadn trong h\u1ee3p \u0111\u1ed3ng (bi\u00ean b\u1ea3n \u0111\u1ed3ng \u00fd), kh\u00f4ng s\u1eed d\u1ee5ng v\u00e0o c\u00e1c m\u1ee5c \u0111\u00edch sai tr\u00e1i, l\u00e0m t\u1ed5n h\u1ea1i \u0111\u1ebfn kh\u00e1ch h\u00e0ng.<\/p>\n<p><span style=\"color: #000000;\"><strong>\u0110i\u1ec1u\u00a0<\/strong><strong>4. B\u1ea3o \u0111\u1ea3m an to\u00e0n, an ninh th\u00f4ng tin c\u00e1 nh\u00e2n<\/strong><\/span><\/p>\n<ol>\n<li>Ch\u00fang t\u00f4i cam k\u1ebft \u0111\u1ea3m b\u1ea3o an to\u00e0n, an ninh cho th\u00f4ng tin c\u00e1 nh\u00e2n m\u00e0 ch\u00fang t\u00f4i thu th\u1eadp v\u00e0 l\u01b0u tr\u1eef, ng\u0103n ng\u1eeba c\u00e1c h\u00e0nh vi sau:<\/li>\n<\/ol>\n<p>a)\u00a0\u0110\u00e1nh c\u1eafp ho\u1eb7c ti\u1ebfp c\u1eadn th\u00f4ng tin tr\u00e1i ph\u00e9p;<\/p>\n<p>b)\u00a0S\u1eed d\u1ee5ng th\u00f4ng tin tr\u00e1i ph\u00e9p;<\/p>\n<p>c)\u00a0Thay \u0111\u1ed5i, ph\u00e1 h\u1ee7y th\u00f4ng tin tr\u00e1i ph\u00e9p.<\/p>\n<p><span style=\"color: #000000;\"><strong>\u0110i\u1ec1u\u00a0<\/strong><strong>5. Ki\u1ec3m tra, c\u1eadp nh\u1eadt v\u00e0 \u0111i\u1ec1u ch\u1ec9nh th\u00f4ng tin c\u00e1 nh\u00e2n<\/strong><\/span><\/p>\n<ol>\n<li>Ch\u1ee7 th\u1ec3 th\u00f4ng tin c\u00f3 quy\u1ec1n y\u00eau c\u1ea7u ch\u00fang t\u00f4i th\u1ef1c hi\u1ec7n vi\u1ec7c ki\u1ec3m tra, c\u1eadp nh\u1eadt, \u0111i\u1ec1u ch\u1ec9nh ho\u1eb7c h\u1ee7y b\u1ecf th\u00f4ng tin c\u00e1 nh\u00e2n c\u1ee7a m\u00ecnh.<\/li>\n<li>Ch\u00fang t\u00f4i s\u1ebd c\u00f3 ngh\u0129a v\u1ee5 ki\u1ec3m tra, c\u1eadp nh\u1eadt, \u0111i\u1ec1u ch\u1ec9nh, h\u1ee7y b\u1ecf th\u00f4ng tin c\u00e1 nh\u00e2n c\u1ee7a ch\u1ee7 th\u1ec3 th\u00f4ng tin khi c\u00f3 y\u00eau c\u1ea7u ho\u1eb7c cung c\u1ea5p cho ch\u1ee7 th\u1ec3 th\u00f4ng tin c\u00f4ng c\u1ee5 \u0111\u1ec3 t\u1ef1 ki\u1ec3m tra, c\u1eadp nh\u1eadt, \u0111i\u1ec1u ch\u1ec9nh th\u00f4ng tin c\u00e1 nh\u00e2n c\u1ee7a m\u00ecnh.<\/li>\n<\/ol>\n<p>_________________________________________<\/p>\n<h1><span style=\"color: #000000;\">2. H\u00ecnh th\u1ee9c thanh to\u00e1n<\/span><\/h1>\n<p>Qu\u00fd kh\u00e1ch c\u00f3 th\u1ec3 ch\u1ecdn 1 trong c\u00e1c ph\u01b0\u01a1ng th\u1ee9c thanh to\u00e1n sau:<\/p>\n<ol>\n<li><span style=\"color: #000000;\"><strong>Thanh to\u00e1n b\u1eb1ng ti\u1ec1n m\u1eb7t:<\/strong><\/span>\u00a0\u0110\u1ed1i v\u1edbi kh\u00e1ch h\u00e0ng khi k\u00ed k\u1ebft h\u1ee3p \u0111\u1ed3ng cung \u1ee9ng d\u1ecbch v\u1ee5 v\u1edbi ch\u00fang t\u00f4i \u0111\u00e3 th\u1ecfa thu\u1eadn th\u1eddi gian thanh to\u00e1n th\u00ec kh\u00e1ch h\u00e0ng c\u00f3 th\u1ec3 thanh to\u00e1n b\u1eb1ng ti\u1ec1n m\u1eb7t tr\u1ef1c ti\u1ebfp t\u1ea1i \u0111\u1ecba ch\u1ec9: T\u1ea7ng 3, s\u1ed1 28 Nguy\u1ec5n Ch\u00ed Thanh, Ph\u01b0\u1eddng Ng\u1ecdc Kh\u00e1nh, Qu\u1eadn Ba \u0110\u00ecnh, Th\u00e0nh ph\u1ed1 H\u00e0 N\u1ed9i.<\/li>\n<li><span style=\"color: #000000;\"><strong>Chuy\u1ec3n kho\u1ea3n ng\u00e2n h\u00e0ng:<\/strong>\u00a0<\/span>Thanh to\u00e1n b\u1eb1ng c\u00e1ch chuy\u1ec3n kho\u1ea3n hay n\u1ed9p ti\u1ec1n m\u1eb7t qua Ng\u00e2n h\u00e0ng:<\/li>\n<\/ol>\n<ul>\n<li>T\u00e0i kho\u1ea3n c\u00f4ng ty:\u00a0<span style=\"color: #000000;\"><strong>0011.<\/strong><strong>0041.63.159\u00a0 T\u1ea1i S\u1edf giao d\u1ecbch Vietcombank<\/strong><\/span><\/li>\n<li>T\u00ean t\u00e0i kho\u1ea3n:<span style=\"color: #000000;\">\u00a0<strong>C\u00f4ng ty TNHH C\u00f4ng ngh\u1ec7 v\u00e0 T\u01b0 v\u1ea5n Doanh nghi\u1ec7p INNOCOM<\/strong><\/span><\/li>\n<li>T\u00e0i kho\u1ea3n c\u00e1 nh\u00e2n:\u00a0<span style=\"color: #000000;\"><strong>054.100.169.3474 T\u1ea1i Vietcombank Ch\u01b0\u01a1ng D\u01b0\u01a1ng<\/strong><\/span><\/li>\n<li>T\u00ean t\u00e0i kho\u1ea3n:\u00a0<span style=\"color: #000000;\"><strong>Nguy\u1ec5n Ho\u00e0ng Hi\u1ec7p<\/strong><\/span><\/li>\n<\/ul>\n<p>_________________________________________<\/p>\n<h1><span style=\"color: #000000;\">3. Ch\u00ednh s\u00e1ch \u0111\u1ed5i, tr\u1ea3 h\u00e0ng v\u00e0 ho\u00e0n ti\u1ec1n<\/span><\/h1>\n<p>Cam k\u1ebft v\u1ec1 ch\u1ea5t l\u01b0\u1ee3ng d\u1ecbch v\u1ee5 h\u1eadu m\u00e3i c\u1ee7a\u00a0<span style=\"color: #ff0000;\"><strong>INNOCOM<\/strong>,<\/span>\u00a0\u0111\u1ed3ng th\u1eddi b\u1ea3o v\u1ec7 quy\u1ec1n l\u1ee3i c\u1ee7a kh\u00e1ch h\u00e0ng, INNOCOM ch\u00fang t\u00f4i s\u1eb5n s\u00e0ng ho\u00e0n l\u1ea1i 100% gi\u00e1 tr\u1ecb h\u1ee3p \u0111\u1ed3ng n\u1ebfu d\u1ecbch v\u1ee5 ch\u00fang t\u00f4i cung \u1ee9ng kh\u00f4ng th\u1ecfa m\u00e3n quy \u0111\u1ecbnh c\u1ee7a h\u1ee3p \u0111\u1ed3ng.<\/p>\n<p>Qu\u00fd kh\u00e1ch h\u00e0ng n\u1ebfu nh\u1eadn \u0111\u01b0\u1ee3c d\u1ecbch v\u1ee5 ch\u00fang t\u00f4i cung \u1ee9ng kh\u00f4ng \u0111\u00fang nh\u01b0 trong h\u1ee3p \u0111\u1ed3ng quy \u0111\u1ecbnh th\u00ec h\u00e3y li\u00ean h\u1ec7 ngay v\u1edbi ch\u00fang t\u00f4i \u0111\u1ec3 c\u00f3 \u0111\u01b0\u1ee3c gi\u1ea3i ph\u00e1p t\u1ed1t nh\u1ea5t. Ch\u00fang t\u00f4i cam k\u1ebft s\u1ebd l\u00e0m h\u00e0i l\u00f2ng t\u1ea5t c\u1ea3 c\u00e1c kh\u00e1ch h\u00e0ng.<\/p>\n<p>_________________________________________<\/p>\n<h1><span style=\"color: #000000;\">4. Ch\u00ednh s\u00e1ch b\u1ea3o h\u00e0nh<\/span><\/h1>\n<p><span style=\"color: #ff0000;\"><strong>INNOCOM<\/strong><\/span>\u00a0lu\u00f4n mong mu\u1ed1n mang \u0111\u1ebfn cho kh\u00e1ch h\u00e0ng s\u1ef1 h\u00e0i l\u00f2ng tr\u01b0\u1edbc v\u00e0 sau khi s\u1eed d\u1ee5ng d\u1ecbch v\u1ee5 c\u1ee7a ch\u00fang t\u00f4i b\u1eb1ng nh\u1eefng ch\u00ednh s\u00e1ch ch\u0103m s\u00f3c kh\u00e1ch h\u00e0ng chu \u0111\u00e1o v\u00e0 t\u1eadn t\u00e2m. V\u00ec v\u1eady, trong th\u1eddi gian s\u1eed d\u1ee5ng d\u1ecbch v\u1ee5, n\u1ebfu g\u1eb7p b\u1ea5t k\u00ec tr\u1ee5c tr\u1eb7c n\u00e0o do l\u1ed7i k\u1ef9 thu\u1eadt, kh\u00e1ch h\u00e0ng c\u00f3 th\u1ec3 li\u00ean h\u1ec7 tr\u1ef1c ti\u1ebfp t\u1edbi v\u0103n ph\u00f2ng ch\u00fang t\u00f4i.\u00a0<strong>\u00a0<\/strong><\/p>\n<ul>\n<li>S\u0110T li\u00ean h\u1ec7:<\/li>\n<li>HOTLINE:\u00a0<span style=\"color: #ff0000;\"><strong>043-9840235<\/strong><\/span><\/li>\n<li>Mr. Hi\u1ec7p:\u00a0<span style=\"color: #ff0000;\"><strong>0942.8888.95<\/strong><\/span><\/li>\n<\/ul>\n<p>_________________________________________<\/p>\n","protected":false},"excerpt":{"rendered":"<p>1. Ch\u00ednh s\u00e1ch b\u1ea3o m\u1eadt th\u00f4ng tin Ch\u00ednh s\u00e1ch b\u1ea3o m\u1eadt th\u00f4ng tin \u0111\u01b0\u1ee3c ch\u00fang t\u00f4i x\u00e2y d\u1ef1ng d\u1ef1a v\u00e0o Ngh\u1ecb \u0111\u1ecbnh 52\/2013\/N\u0110-CP\u00a0t\u1eeb \u0111i\u1ec1u 68 \u0111\u1ebfn \u0110i\u1ec1u 73. C\u00f4ng ty ch\u00fang t\u00f4i cam k\u1ebft \u0110i\u1ec1u\u00a01. Ch\u00ednh s\u00e1ch b\u1ea3o v\u1ec7 th\u00f4ng tin c\u00e1 nh\u00e2n c\u1ee7a ng\u01b0\u1eddi ti\u00eau d\u00f9ng C\u00f4ng ty ch\u00fang t\u00f4i khi thu th\u1eadp v\u00e0 [&#8230;]\n","protected":false},"author":4,"featured_media":0,"parent":0,"menu_order":0,"comment_status":"closed","ping_status":"closed","template":"","meta":{"footnotes":""},"class_list":["post-13810","page","type-page","status-publish","hentry"],"yoast_head":"<!-- This site is optimized with the Yoast SEO Premium plugin v24.5 (Yoast SEO v26.1.1) - https:\/\/yoast.com\/wordpress\/plugins\/seo\/ -->\n<title>Terms and Policy - C\u00f4ng ty C\u00f4ng ngh\u1ec7 v\u00e0 T\u01b0 v\u1ea5n Doanh nghi\u1ec7p INNOCOM<\/title>\n<meta name=\"description\" content=\"1. Ch\u00ednh s\u00e1ch b\u1ea3o m\u1eadt th\u00f4ng tin Ch\u00ednh s\u00e1ch b\u1ea3o m\u1eadt th\u00f4ng tin \u0111\u01b0\u1ee3c ch\u00fang t\u00f4i x\u00e2y d\u1ef1ng d\u1ef1a v\u00e0o Ngh\u1ecb \u0111\u1ecbnh 52\/2013\/N\u0110-CP\u00a0t\u1eeb \u0111i\u1ec1u 68 \u0111\u1ebfn \u0110i\u1ec1u 73. C\u00f4ng ty ch\u00fang \u2013 C\u00f4ng ty C\u00f4ng ngh\u1ec7 v\u00e0 T\u01b0 v\u1ea5n Doanh nghi\u1ec7p INNOCOM\" \/>\n<meta name=\"robots\" content=\"index, follow, max-snippet:-1, max-image-preview:large, max-video-preview:-1\" \/>\n<link rel=\"canonical\" href=\"https:\/\/innocom.vn\/en\/terms-and-policy\/\" \/>\n<meta property=\"og:locale\" content=\"en_US\" \/>\n<meta property=\"og:type\" content=\"article\" \/>\n<meta property=\"og:title\" content=\"Terms and Policy\" \/>\n<meta property=\"og:description\" content=\"1. Ch\u00ednh s\u00e1ch b\u1ea3o m\u1eadt th\u00f4ng tin Ch\u00ednh s\u00e1ch b\u1ea3o m\u1eadt th\u00f4ng tin \u0111\u01b0\u1ee3c ch\u00fang t\u00f4i x\u00e2y d\u1ef1ng d\u1ef1a v\u00e0o Ngh\u1ecb \u0111\u1ecbnh 52\/2013\/N\u0110-CP\u00a0t\u1eeb \u0111i\u1ec1u 68 \u0111\u1ebfn \u0110i\u1ec1u 73. C\u00f4ng ty ch\u00fang \u2013 C\u00f4ng ty C\u00f4ng ngh\u1ec7 v\u00e0 T\u01b0 v\u1ea5n Doanh nghi\u1ec7p INNOCOM\" \/>\n<meta property=\"og:url\" content=\"https:\/\/innocom.vn\/en\/terms-and-policy\/\" \/>\n<meta property=\"og:site_name\" content=\"C\u00f4ng ty C\u00f4ng ngh\u1ec7 v\u00e0 T\u01b0 v\u1ea5n Doanh nghi\u1ec7p INNOCOM\" \/>\n<meta name=\"twitter:label1\" content=\"Est. reading time\" \/>\n\t<meta name=\"twitter:data1\" content=\"7 minutes\" \/>\n<script type=\"application\/ld+json\" class=\"yoast-schema-graph\">{\"@context\":\"https:\/\/schema.org\",\"@graph\":[{\"@type\":\"WebPage\",\"@id\":\"https:\/\/innocom.vn\/en\/terms-and-policy\/\",\"url\":\"https:\/\/innocom.vn\/en\/terms-and-policy\/\",\"name\":\"Terms and Policy - C\u00f4ng ty C\u00f4ng ngh\u1ec7 v\u00e0 T\u01b0 v\u1ea5n Doanh nghi\u1ec7p INNOCOM\",\"isPartOf\":{\"@id\":\"https:\/\/innocom.vn\/#website\"},\"datePublished\":\"2016-01-09T01:21:59+00:00\",\"description\":\"1. Ch\u00ednh s\u00e1ch b\u1ea3o m\u1eadt th\u00f4ng tin Ch\u00ednh s\u00e1ch b\u1ea3o m\u1eadt th\u00f4ng tin \u0111\u01b0\u1ee3c ch\u00fang t\u00f4i x\u00e2y d\u1ef1ng d\u1ef1a v\u00e0o Ngh\u1ecb \u0111\u1ecbnh 52\/2013\/N\u0110-CP\u00a0t\u1eeb \u0111i\u1ec1u 68 \u0111\u1ebfn \u0110i\u1ec1u 73. C\u00f4ng ty ch\u00fang \u2013 C\u00f4ng ty C\u00f4ng ngh\u1ec7 v\u00e0 T\u01b0 v\u1ea5n Doanh nghi\u1ec7p INNOCOM\",\"breadcrumb\":{\"@id\":\"https:\/\/innocom.vn\/en\/terms-and-policy\/#breadcrumb\"},\"inLanguage\":\"en-US\",\"potentialAction\":[{\"@type\":\"ReadAction\",\"target\":[\"https:\/\/innocom.vn\/en\/terms-and-policy\/\"]}]},{\"@type\":\"BreadcrumbList\",\"@id\":\"https:\/\/innocom.vn\/en\/terms-and-policy\/#breadcrumb\",\"itemListElement\":[{\"@type\":\"ListItem\",\"position\":1,\"name\":\"Home\",\"item\":\"https:\/\/innocom.vn\/en\/\"},{\"@type\":\"ListItem\",\"position\":2,\"name\":\"Terms and Policy\"}]},{\"@type\":\"WebSite\",\"@id\":\"https:\/\/innocom.vn\/#website\",\"url\":\"https:\/\/innocom.vn\/\",\"name\":\"C\u00f4ng ty C\u00f4ng ngh\u1ec7 v\u00e0 T\u01b0 v\u1ea5n Doanh nghi\u1ec7p INNOCOM\",\"description\":\"\",\"publisher\":{\"@id\":\"https:\/\/innocom.vn\/#organization\"},\"potentialAction\":[{\"@type\":\"SearchAction\",\"target\":{\"@type\":\"EntryPoint\",\"urlTemplate\":\"https:\/\/innocom.vn\/?s={search_term_string}\"},\"query-input\":{\"@type\":\"PropertyValueSpecification\",\"valueRequired\":true,\"valueName\":\"search_term_string\"}}],\"inLanguage\":\"en-US\"},{\"@type\":\"Organization\",\"@id\":\"https:\/\/innocom.vn\/#organization\",\"name\":\"Innocom\",\"url\":\"https:\/\/innocom.vn\/\",\"logo\":{\"@type\":\"ImageObject\",\"inLanguage\":\"en-US\",\"@id\":\"https:\/\/innocom.vn\/#\/schema\/logo\/image\/\",\"url\":\"https:\/\/innocom.vn\/wp-content\/uploads\/2016\/01\/innocom-logo.png\",\"contentUrl\":\"https:\/\/innocom.vn\/wp-content\/uploads\/2016\/01\/innocom-logo.png\",\"width\":2048,\"height\":2046,\"caption\":\"Innocom\"},\"image\":{\"@id\":\"https:\/\/innocom.vn\/#\/schema\/logo\/image\/\"}}]}<\/script>\n<!-- \/ Yoast SEO Premium plugin. -->","yoast_head_json":{"title":"Terms and Policy - C\u00f4ng ty C\u00f4ng ngh\u1ec7 v\u00e0 T\u01b0 v\u1ea5n Doanh nghi\u1ec7p INNOCOM","description":"1. Ch\u00ednh s\u00e1ch b\u1ea3o m\u1eadt th\u00f4ng tin Ch\u00ednh s\u00e1ch b\u1ea3o m\u1eadt th\u00f4ng tin \u0111\u01b0\u1ee3c ch\u00fang t\u00f4i x\u00e2y d\u1ef1ng d\u1ef1a v\u00e0o Ngh\u1ecb \u0111\u1ecbnh 52\/2013\/N\u0110-CP\u00a0t\u1eeb \u0111i\u1ec1u 68 \u0111\u1ebfn \u0110i\u1ec1u 73. C\u00f4ng ty ch\u00fang \u2013 C\u00f4ng ty C\u00f4ng ngh\u1ec7 v\u00e0 T\u01b0 v\u1ea5n Doanh nghi\u1ec7p INNOCOM","robots":{"index":"index","follow":"follow","max-snippet":"max-snippet:-1","max-image-preview":"max-image-preview:large","max-video-preview":"max-video-preview:-1"},"canonical":"https:\/\/innocom.vn\/en\/terms-and-policy\/","og_locale":"en_US","og_type":"article","og_title":"Terms and Policy","og_description":"1. Ch\u00ednh s\u00e1ch b\u1ea3o m\u1eadt th\u00f4ng tin Ch\u00ednh s\u00e1ch b\u1ea3o m\u1eadt th\u00f4ng tin \u0111\u01b0\u1ee3c ch\u00fang t\u00f4i x\u00e2y d\u1ef1ng d\u1ef1a v\u00e0o Ngh\u1ecb \u0111\u1ecbnh 52\/2013\/N\u0110-CP\u00a0t\u1eeb \u0111i\u1ec1u 68 \u0111\u1ebfn \u0110i\u1ec1u 73. C\u00f4ng ty ch\u00fang \u2013 C\u00f4ng ty C\u00f4ng ngh\u1ec7 v\u00e0 T\u01b0 v\u1ea5n Doanh nghi\u1ec7p INNOCOM","og_url":"https:\/\/innocom.vn\/en\/terms-and-policy\/","og_site_name":"C\u00f4ng ty C\u00f4ng ngh\u1ec7 v\u00e0 T\u01b0 v\u1ea5n Doanh nghi\u1ec7p INNOCOM","twitter_misc":{"Est. reading time":"7 minutes"},"schema":{"@context":"https:\/\/schema.org","@graph":[{"@type":"WebPage","@id":"https:\/\/innocom.vn\/en\/terms-and-policy\/","url":"https:\/\/innocom.vn\/en\/terms-and-policy\/","name":"Terms and Policy - C\u00f4ng ty C\u00f4ng ngh\u1ec7 v\u00e0 T\u01b0 v\u1ea5n Doanh nghi\u1ec7p INNOCOM","isPartOf":{"@id":"https:\/\/innocom.vn\/#website"},"datePublished":"2016-01-09T01:21:59+00:00","description":"1. Ch\u00ednh s\u00e1ch b\u1ea3o m\u1eadt th\u00f4ng tin Ch\u00ednh s\u00e1ch b\u1ea3o m\u1eadt th\u00f4ng tin \u0111\u01b0\u1ee3c ch\u00fang t\u00f4i x\u00e2y d\u1ef1ng d\u1ef1a v\u00e0o Ngh\u1ecb \u0111\u1ecbnh 52\/2013\/N\u0110-CP\u00a0t\u1eeb \u0111i\u1ec1u 68 \u0111\u1ebfn \u0110i\u1ec1u 73. C\u00f4ng ty ch\u00fang \u2013 C\u00f4ng ty C\u00f4ng ngh\u1ec7 v\u00e0 T\u01b0 v\u1ea5n Doanh nghi\u1ec7p INNOCOM","breadcrumb":{"@id":"https:\/\/innocom.vn\/en\/terms-and-policy\/#breadcrumb"},"inLanguage":"en-US","potentialAction":[{"@type":"ReadAction","target":["https:\/\/innocom.vn\/en\/terms-and-policy\/"]}]},{"@type":"BreadcrumbList","@id":"https:\/\/innocom.vn\/en\/terms-and-policy\/#breadcrumb","itemListElement":[{"@type":"ListItem","position":1,"name":"Home","item":"https:\/\/innocom.vn\/en\/"},{"@type":"ListItem","position":2,"name":"Terms and Policy"}]},{"@type":"WebSite","@id":"https:\/\/innocom.vn\/#website","url":"https:\/\/innocom.vn\/","name":"C\u00f4ng ty C\u00f4ng ngh\u1ec7 v\u00e0 T\u01b0 v\u1ea5n Doanh nghi\u1ec7p INNOCOM","description":"","publisher":{"@id":"https:\/\/innocom.vn\/#organization"},"potentialAction":[{"@type":"SearchAction","target":{"@type":"EntryPoint","urlTemplate":"https:\/\/innocom.vn\/?s={search_term_string}"},"query-input":{"@type":"PropertyValueSpecification","valueRequired":true,"valueName":"search_term_string"}}],"inLanguage":"en-US"},{"@type":"Organization","@id":"https:\/\/innocom.vn\/#organization","name":"Innocom","url":"https:\/\/innocom.vn\/","logo":{"@type":"ImageObject","inLanguage":"en-US","@id":"https:\/\/innocom.vn\/#\/schema\/logo\/image\/","url":"https:\/\/innocom.vn\/wp-content\/uploads\/2016\/01\/innocom-logo.png","contentUrl":"https:\/\/innocom.vn\/wp-content\/uploads\/2016\/01\/innocom-logo.png","width":2048,"height":2046,"caption":"Innocom"},"image":{"@id":"https:\/\/innocom.vn\/#\/schema\/logo\/image\/"}}]}},"_links":{"self":[{"href":"https:\/\/innocom.vn\/en\/wp-json\/wp\/v2\/pages\/13810","targetHints":{"allow":["GET"]}}],"collection":[{"href":"https:\/\/innocom.vn\/en\/wp-json\/wp\/v2\/pages"}],"about":[{"href":"https:\/\/innocom.vn\/en\/wp-json\/wp\/v2\/types\/page"}],"author":[{"embeddable":true,"href":"https:\/\/innocom.vn\/en\/wp-json\/wp\/v2\/users\/4"}],"replies":[{"embeddable":true,"href":"https:\/\/innocom.vn\/en\/wp-json\/wp\/v2\/comments?post=13810"}],"version-history":[{"count":0,"href":"https:\/\/innocom.vn\/en\/wp-json\/wp\/v2\/pages\/13810\/revisions"}],"wp:attachment":[{"href":"https:\/\/innocom.vn\/en\/wp-json\/wp\/v2\/media?parent=13810"}],"curies":[{"name":"wp","href":"https:\/\/api.w.org\/{rel}","templated":true}]}}