{"id":13682,"date":"2016-01-08T17:55:30","date_gmt":"2016-01-08T10:55:30","guid":{"rendered":"https:\/\/innocom.vn\/?page_id=13682"},"modified":"2016-01-08T17:55:30","modified_gmt":"2016-01-08T10:55:30","slug":"consulting-online","status":"publish","type":"page","link":"https:\/\/innocom.vn\/en\/clients\/consulting-online\/","title":{"rendered":"Consulting Online"},"content":{"rendered":"[vc_row][vc_column width=&#8221;1\/2&#8243;][vc_column_text]\n<h3>We are usually asked about:<\/h3>\n[\/vc_column_text][dt_gap height=&#8221;25&#8243;][vc_accordion active_tab=&#8221;false&#8221; collapsible=&#8221;yes&#8221;][vc_accordion_tab title=&#8221;L\u00e0m th\u1ebf n\u00e0o \u0111\u1ec3 t\u01b0 v\u1ea5n?&#8221;][vc_column_text]\u0110\u1ec3 \u0111\u01b0\u1ee3c t\u01b0 v\u1ea5n gi\u00fap \u0111\u1ee1, tr\u1ea3 l\u1eddi c\u00e1c c\u00e2u h\u1ecfi c\u0169ng <strong>nh\u01b0 th\u1eafc m\u1eafc<\/strong> c\u1ee7a c\u00e1c b\u1ea1n th\u00ec xin h\u00e3y li\u00ean l\u1ea1c v\u1edbi Chuy\u00ean Gia T\u01b0 V\u1ea5n Online, b\u1eb1ng c\u00e1ch g\u1eedi email t\u1edbi: <strong>hiep.nguyen@innocom.vn <\/strong><\/p>\n<p>Chuy\u00ean Gia T\u01b0 V\u1ea5n Online s\u1ebd tr\u1ea3 l\u1eddi tin nh\u1eafn, email th\u1eafc m\u1eafc c\u1ee7a b\u1ea1n v\u1ec1 t\u1ea5t c\u1ea3 l\u0129nh v\u1ef1c kinh doanh,marketing,<strong>l\u00e0m th\u1ebf n\u00e0o \u0111\u1ec3 doanh nghi\u1ec7p ph\u00e1t tri\u1ec3n t\u1ed1t nh\u1ea5t<\/strong> ? Ch\u1ec9 \u00a0trong kho\u1ea3ng th\u1eddi gian nh\u1ea5t (1-3 ti\u1ebfng sau khi nh\u1eadn \u0111\u01b0\u1ee3c email, tin nh\u1eafn c\u1ee7a c\u00e1c b\u1ea1n)&#8230;[\/vc_column_text][\/vc_accordion_tab][\/vc_accordion][\/vc_column][vc_column width=&#8221;1\/2&#8243;][dt_gap height=&#8221;15&#8243;][vc_column_text]Lorem ipsum dolor sit amet, consectetur adipiscing elit. Vestibulum egestas orci vel felis volutpat rutrum placerat a lectus. Sed gravida accumsan nulla vitae mattis. In ac nibh eget massa auctor congue eget a eros. Donec tempus hendrerit molestie. Cras urna felis, lacinia vitae porttitor convallis, vehicula in odio. Donec eget diam purus. Sed id auctor metus. Phasellus in pulvinar leo.<\/p>\n<p>Sed lectus augue, pretium vitae lectus vitae, posuere fringilla ligula. Morbi ut mauris non ligula euismod dignissim ac ut orci. Nulla sodales tempus turpis, non interdum orci gravida eget. Nam suscipit et neque at pulvinar. Phasellus et viverra dolor. Integer eleifend vehicula quam nec pulvinar. Sed sed eros lobortis, ultrices enim id, semper justo.[\/vc_column_text][dt_gap height=&#8221;25&#8243;][dt_banner target_blank=&#8221;false&#8221; bg_color=&#8221;#000000&#8243; bg_opacity=&#8221;50&#8243; text_color=&#8221;#ffffff&#8221; text_size=&#8221;normal&#8221; border_width=&#8221;1&#8243; outer_padding=&#8221;5&#8243; inner_padding=&#8221;4&#8243; min_height=&#8221;100&#8243; animation=&#8221;fade&#8221; bg_image=&#8221;http:\/\/the7.dream-demo.com\/wp-content\/uploads\/2013\/08\/3d23.jpg&#8221; link=&#8221;http:\/\/the7.dream-demo.com\/features-2\/what-buyers-say-about-the7\/&#8221;][dt_gap height=&#8221;5&#8243; \/]\n<h5 style=\"text-align: center;\">READ BUYER REVIEWS<\/h5>\n<p style=\"text-align: center;\">don&#8217;t forget to write about your own experience too<\/p>\n[\/dt_banner][dt_gap height=&#8221;15&#8243;][vc_column_text]Phasellus nec neque id odio dignissim fringilla quis nec magna. Aliquam lobortis velit molestie, tincidunt mi quis, condimentum nulla. Sed a cursus arcu, in malesuada purus. Suspendisse tincidunt sem non mauris ornare, id faucibus magna ullamcorper.<\/p>\n<p>Lorem ipsum dolor sit amet, consectetur adipiscing elit. Vestibulum egestas orci vel felis volutpat rutrum placerat a lectus. Sed gravida accumsan nulla vitae mattis. In ac nibh eget massa auctor congue eget a eros.<\/p>\n<p>Sed lectus augue, pretium vitae lectus vitae, posuere fringilla ligula. Morbi ut mauris non ligula euismod dignissim ac ut orci. Nulla sodales tempus turpis, non interdum orci gravida eget. Nam suscipit et neque at pulvinar. Phasellus et viverra dolor. Integer eleifend vehicula quam nec pulvinar.[\/vc_column_text][\/vc_column][\/vc_row]\n","protected":false},"excerpt":{"rendered":"[vc_row][vc_column width=&#8221;1\/2&#8243;][vc_column_text] We are usually asked about: [\/vc_column_text][dt_gap height=&#8221;25&#8243;][vc_accordion active_tab=&#8221;false&#8221; collapsible=&#8221;yes&#8221;][vc_accordion_tab title=&#8221;L\u00e0m th\u1ebf n\u00e0o \u0111\u1ec3 t\u01b0 v\u1ea5n?&#8221;][vc_column_text]\u0110\u1ec3 \u0111\u01b0\u1ee3c t\u01b0 v\u1ea5n gi\u00fap \u0111\u1ee1, tr\u1ea3 l\u1eddi c\u00e1c c\u00e2u h\u1ecfi c\u0169ng nh\u01b0 th\u1eafc m\u1eafc c\u1ee7a c\u00e1c b\u1ea1n th\u00ec xin h\u00e3y li\u00ean l\u1ea1c v\u1edbi Chuy\u00ean Gia T\u01b0 V\u1ea5n Online, b\u1eb1ng c\u00e1ch g\u1eedi email t\u1edbi: hiep.nguyen@innocom.vn Chuy\u00ean Gia T\u01b0 V\u1ea5n [&#8230;]\n","protected":false},"author":4,"featured_media":0,"parent":13677,"menu_order":1,"comment_status":"closed","ping_status":"closed","template":"","meta":{"footnotes":""},"class_list":["post-13682","page","type-page","status-publish","hentry"],"yoast_head":"<!-- This site is optimized with the Yoast SEO Premium plugin v24.5 (Yoast SEO v26.1.1) - https:\/\/yoast.com\/wordpress\/plugins\/seo\/ -->\n<title>Consulting Online - C\u00f4ng ty C\u00f4ng ngh\u1ec7 v\u00e0 T\u01b0 v\u1ea5n Doanh nghi\u1ec7p INNOCOM<\/title>\n<meta name=\"description\" content=\"We are usually asked about: \u0110\u1ec3 \u0111\u01b0\u1ee3c t\u01b0 v\u1ea5n gi\u00fap \u0111\u1ee1, tr\u1ea3 l\u1eddi c\u00e1c c\u00e2u h\u1ecfi c\u0169ng nh\u01b0 th\u1eafc m\u1eafc c\u1ee7a c\u00e1c b\u1ea1n th\u00ec xin h\u00e3y li\u00ean l\u1ea1c v\u1edbi Chuy\u00ean Gia T\u01b0 V\u1ea5n Online, \u2013 C\u00f4ng ty C\u00f4ng ngh\u1ec7 v\u00e0 T\u01b0 v\u1ea5n Doanh nghi\u1ec7p INNOCOM\" \/>\n<meta name=\"robots\" content=\"index, follow, max-snippet:-1, max-image-preview:large, max-video-preview:-1\" \/>\n<link rel=\"canonical\" href=\"https:\/\/innocom.vn\/en\/clients\/consulting-online\/\" \/>\n<meta property=\"og:locale\" content=\"en_US\" \/>\n<meta property=\"og:type\" content=\"article\" \/>\n<meta property=\"og:title\" content=\"Consulting Online\" \/>\n<meta property=\"og:description\" content=\"We are usually asked about: \u0110\u1ec3 \u0111\u01b0\u1ee3c t\u01b0 v\u1ea5n gi\u00fap \u0111\u1ee1, tr\u1ea3 l\u1eddi c\u00e1c c\u00e2u h\u1ecfi c\u0169ng nh\u01b0 th\u1eafc m\u1eafc c\u1ee7a c\u00e1c b\u1ea1n th\u00ec xin h\u00e3y li\u00ean l\u1ea1c v\u1edbi Chuy\u00ean Gia T\u01b0 V\u1ea5n Online, \u2013 C\u00f4ng ty C\u00f4ng ngh\u1ec7 v\u00e0 T\u01b0 v\u1ea5n Doanh nghi\u1ec7p INNOCOM\" \/>\n<meta property=\"og:url\" content=\"https:\/\/innocom.vn\/en\/clients\/consulting-online\/\" \/>\n<meta property=\"og:site_name\" content=\"C\u00f4ng ty C\u00f4ng ngh\u1ec7 v\u00e0 T\u01b0 v\u1ea5n Doanh nghi\u1ec7p INNOCOM\" \/>\n<meta name=\"twitter:label1\" content=\"Est. reading time\" \/>\n\t<meta name=\"twitter:data1\" content=\"3 minutes\" \/>\n<script type=\"application\/ld+json\" class=\"yoast-schema-graph\">{\"@context\":\"https:\/\/schema.org\",\"@graph\":[{\"@type\":\"WebPage\",\"@id\":\"https:\/\/innocom.vn\/en\/clients\/consulting-online\/\",\"url\":\"https:\/\/innocom.vn\/en\/clients\/consulting-online\/\",\"name\":\"Consulting Online - C\u00f4ng ty C\u00f4ng ngh\u1ec7 v\u00e0 T\u01b0 v\u1ea5n Doanh nghi\u1ec7p INNOCOM\",\"isPartOf\":{\"@id\":\"https:\/\/innocom.vn\/#website\"},\"datePublished\":\"2016-01-08T10:55:30+00:00\",\"description\":\"We are usually asked about: \u0110\u1ec3 \u0111\u01b0\u1ee3c t\u01b0 v\u1ea5n gi\u00fap \u0111\u1ee1, tr\u1ea3 l\u1eddi c\u00e1c c\u00e2u h\u1ecfi c\u0169ng nh\u01b0 th\u1eafc m\u1eafc c\u1ee7a c\u00e1c b\u1ea1n th\u00ec xin h\u00e3y li\u00ean l\u1ea1c v\u1edbi Chuy\u00ean Gia T\u01b0 V\u1ea5n Online, \u2013 C\u00f4ng ty C\u00f4ng ngh\u1ec7 v\u00e0 T\u01b0 v\u1ea5n Doanh nghi\u1ec7p INNOCOM\",\"breadcrumb\":{\"@id\":\"https:\/\/innocom.vn\/en\/clients\/consulting-online\/#breadcrumb\"},\"inLanguage\":\"en-US\",\"potentialAction\":[{\"@type\":\"ReadAction\",\"target\":[\"https:\/\/innocom.vn\/en\/clients\/consulting-online\/\"]}]},{\"@type\":\"BreadcrumbList\",\"@id\":\"https:\/\/innocom.vn\/en\/clients\/consulting-online\/#breadcrumb\",\"itemListElement\":[{\"@type\":\"ListItem\",\"position\":1,\"name\":\"Home\",\"item\":\"https:\/\/innocom.vn\/en\/\"},{\"@type\":\"ListItem\",\"position\":2,\"name\":\"Clients\",\"item\":\"https:\/\/innocom.vn\/en\/clients\/\"},{\"@type\":\"ListItem\",\"position\":3,\"name\":\"Consulting Online\"}]},{\"@type\":\"WebSite\",\"@id\":\"https:\/\/innocom.vn\/#website\",\"url\":\"https:\/\/innocom.vn\/\",\"name\":\"C\u00f4ng ty C\u00f4ng ngh\u1ec7 v\u00e0 T\u01b0 v\u1ea5n Doanh nghi\u1ec7p INNOCOM\",\"description\":\"\",\"publisher\":{\"@id\":\"https:\/\/innocom.vn\/#organization\"},\"potentialAction\":[{\"@type\":\"SearchAction\",\"target\":{\"@type\":\"EntryPoint\",\"urlTemplate\":\"https:\/\/innocom.vn\/?s={search_term_string}\"},\"query-input\":{\"@type\":\"PropertyValueSpecification\",\"valueRequired\":true,\"valueName\":\"search_term_string\"}}],\"inLanguage\":\"en-US\"},{\"@type\":\"Organization\",\"@id\":\"https:\/\/innocom.vn\/#organization\",\"name\":\"Innocom\",\"url\":\"https:\/\/innocom.vn\/\",\"logo\":{\"@type\":\"ImageObject\",\"inLanguage\":\"en-US\",\"@id\":\"https:\/\/innocom.vn\/#\/schema\/logo\/image\/\",\"url\":\"https:\/\/innocom.vn\/wp-content\/uploads\/2016\/01\/innocom-logo.png\",\"contentUrl\":\"https:\/\/innocom.vn\/wp-content\/uploads\/2016\/01\/innocom-logo.png\",\"width\":2048,\"height\":2046,\"caption\":\"Innocom\"},\"image\":{\"@id\":\"https:\/\/innocom.vn\/#\/schema\/logo\/image\/\"}}]}<\/script>\n<!-- \/ Yoast SEO Premium plugin. -->","yoast_head_json":{"title":"Consulting Online - C\u00f4ng ty C\u00f4ng ngh\u1ec7 v\u00e0 T\u01b0 v\u1ea5n Doanh nghi\u1ec7p INNOCOM","description":"We are usually asked about: \u0110\u1ec3 \u0111\u01b0\u1ee3c t\u01b0 v\u1ea5n gi\u00fap \u0111\u1ee1, tr\u1ea3 l\u1eddi c\u00e1c c\u00e2u h\u1ecfi c\u0169ng nh\u01b0 th\u1eafc m\u1eafc c\u1ee7a c\u00e1c b\u1ea1n th\u00ec xin h\u00e3y li\u00ean l\u1ea1c v\u1edbi Chuy\u00ean Gia T\u01b0 V\u1ea5n Online, \u2013 C\u00f4ng ty C\u00f4ng ngh\u1ec7 v\u00e0 T\u01b0 v\u1ea5n Doanh nghi\u1ec7p INNOCOM","robots":{"index":"index","follow":"follow","max-snippet":"max-snippet:-1","max-image-preview":"max-image-preview:large","max-video-preview":"max-video-preview:-1"},"canonical":"https:\/\/innocom.vn\/en\/clients\/consulting-online\/","og_locale":"en_US","og_type":"article","og_title":"Consulting Online","og_description":"We are usually asked about: \u0110\u1ec3 \u0111\u01b0\u1ee3c t\u01b0 v\u1ea5n gi\u00fap \u0111\u1ee1, tr\u1ea3 l\u1eddi c\u00e1c c\u00e2u h\u1ecfi c\u0169ng nh\u01b0 th\u1eafc m\u1eafc c\u1ee7a c\u00e1c b\u1ea1n th\u00ec xin h\u00e3y li\u00ean l\u1ea1c v\u1edbi Chuy\u00ean Gia T\u01b0 V\u1ea5n Online, \u2013 C\u00f4ng ty C\u00f4ng ngh\u1ec7 v\u00e0 T\u01b0 v\u1ea5n Doanh nghi\u1ec7p INNOCOM","og_url":"https:\/\/innocom.vn\/en\/clients\/consulting-online\/","og_site_name":"C\u00f4ng ty C\u00f4ng ngh\u1ec7 v\u00e0 T\u01b0 v\u1ea5n Doanh nghi\u1ec7p INNOCOM","twitter_misc":{"Est. reading time":"3 minutes"},"schema":{"@context":"https:\/\/schema.org","@graph":[{"@type":"WebPage","@id":"https:\/\/innocom.vn\/en\/clients\/consulting-online\/","url":"https:\/\/innocom.vn\/en\/clients\/consulting-online\/","name":"Consulting Online - C\u00f4ng ty C\u00f4ng ngh\u1ec7 v\u00e0 T\u01b0 v\u1ea5n Doanh nghi\u1ec7p INNOCOM","isPartOf":{"@id":"https:\/\/innocom.vn\/#website"},"datePublished":"2016-01-08T10:55:30+00:00","description":"We are usually asked about: \u0110\u1ec3 \u0111\u01b0\u1ee3c t\u01b0 v\u1ea5n gi\u00fap \u0111\u1ee1, tr\u1ea3 l\u1eddi c\u00e1c c\u00e2u h\u1ecfi c\u0169ng nh\u01b0 th\u1eafc m\u1eafc c\u1ee7a c\u00e1c b\u1ea1n th\u00ec xin h\u00e3y li\u00ean l\u1ea1c v\u1edbi Chuy\u00ean Gia T\u01b0 V\u1ea5n Online, \u2013 C\u00f4ng ty C\u00f4ng ngh\u1ec7 v\u00e0 T\u01b0 v\u1ea5n Doanh nghi\u1ec7p INNOCOM","breadcrumb":{"@id":"https:\/\/innocom.vn\/en\/clients\/consulting-online\/#breadcrumb"},"inLanguage":"en-US","potentialAction":[{"@type":"ReadAction","target":["https:\/\/innocom.vn\/en\/clients\/consulting-online\/"]}]},{"@type":"BreadcrumbList","@id":"https:\/\/innocom.vn\/en\/clients\/consulting-online\/#breadcrumb","itemListElement":[{"@type":"ListItem","position":1,"name":"Home","item":"https:\/\/innocom.vn\/en\/"},{"@type":"ListItem","position":2,"name":"Clients","item":"https:\/\/innocom.vn\/en\/clients\/"},{"@type":"ListItem","position":3,"name":"Consulting Online"}]},{"@type":"WebSite","@id":"https:\/\/innocom.vn\/#website","url":"https:\/\/innocom.vn\/","name":"C\u00f4ng ty C\u00f4ng ngh\u1ec7 v\u00e0 T\u01b0 v\u1ea5n Doanh nghi\u1ec7p INNOCOM","description":"","publisher":{"@id":"https:\/\/innocom.vn\/#organization"},"potentialAction":[{"@type":"SearchAction","target":{"@type":"EntryPoint","urlTemplate":"https:\/\/innocom.vn\/?s={search_term_string}"},"query-input":{"@type":"PropertyValueSpecification","valueRequired":true,"valueName":"search_term_string"}}],"inLanguage":"en-US"},{"@type":"Organization","@id":"https:\/\/innocom.vn\/#organization","name":"Innocom","url":"https:\/\/innocom.vn\/","logo":{"@type":"ImageObject","inLanguage":"en-US","@id":"https:\/\/innocom.vn\/#\/schema\/logo\/image\/","url":"https:\/\/innocom.vn\/wp-content\/uploads\/2016\/01\/innocom-logo.png","contentUrl":"https:\/\/innocom.vn\/wp-content\/uploads\/2016\/01\/innocom-logo.png","width":2048,"height":2046,"caption":"Innocom"},"image":{"@id":"https:\/\/innocom.vn\/#\/schema\/logo\/image\/"}}]}},"_links":{"self":[{"href":"https:\/\/innocom.vn\/en\/wp-json\/wp\/v2\/pages\/13682","targetHints":{"allow":["GET"]}}],"collection":[{"href":"https:\/\/innocom.vn\/en\/wp-json\/wp\/v2\/pages"}],"about":[{"href":"https:\/\/innocom.vn\/en\/wp-json\/wp\/v2\/types\/page"}],"author":[{"embeddable":true,"href":"https:\/\/innocom.vn\/en\/wp-json\/wp\/v2\/users\/4"}],"replies":[{"embeddable":true,"href":"https:\/\/innocom.vn\/en\/wp-json\/wp\/v2\/comments?post=13682"}],"version-history":[{"count":0,"href":"https:\/\/innocom.vn\/en\/wp-json\/wp\/v2\/pages\/13682\/revisions"}],"up":[{"embeddable":true,"href":"https:\/\/innocom.vn\/en\/wp-json\/wp\/v2\/pages\/13677"}],"wp:attachment":[{"href":"https:\/\/innocom.vn\/en\/wp-json\/wp\/v2\/media?parent=13682"}],"curies":[{"name":"wp","href":"https:\/\/api.w.org\/{rel}","templated":true}]}}