{"id":13646,"date":"2016-01-08T17:24:08","date_gmt":"2016-01-08T10:24:08","guid":{"rendered":"https:\/\/innocom.vn\/?page_id=13646"},"modified":"2020-04-24T15:32:59","modified_gmt":"2020-04-24T08:32:59","slug":"website-design1","status":"publish","type":"page","link":"https:\/\/innocom.vn\/en\/website-design1\/","title":{"rendered":"Website Design1"},"content":{"rendered":"<p>Thi\u1ebft k\u1ebf website\u00a0c\u00f4ng ty,\u00a0<a title=\"Thi\u1ebft k\u1ebf website b\u00e1n h\u00e0ng\" href=\"https:\/\/innocom.vn\"><strong>website b\u00e1n h\u00e0ng<\/strong>\u00a0<\/a>m\u1ea1nh m\u1ebd, hi\u1ec7u qu\u1ea3 th\u1eadt s\u1ef1 d\u1ec5 d\u00e0ng v\u1edbi INNOCOM . B\u1ea1n h\u00e3y li\u00ean h\u1ec7 v\u1edbi INNOCOM \u0111\u1ec3 c\u00f3 th\u1ec3 s\u1edf h\u1eefu 1\u00a0<a href=\"https:\/\/innocom.vn\"><strong>website b\u00e1n h\u00e0ng<\/strong>\u00a0<\/a>online chuy\u00ean nghi\u1ec7p theo phong c\u00e1ch c\u1ee7a ri\u00eang m\u00ecnh.<\/p>\n<ul>\n<li>Giao di\u1ec7n \u0111\u01b0\u1ee3c thi\u1ebft k\u1ebf theo y\u00eau c\u1ea7u c\u1ee7a m\u1ed7i kh\u00e1ch h\u00e0ng. Website hi\u1ec3n th\u1ecb ch\u00ednh x\u00e1c v\u1edbi t\u1ea5t c\u1ea3 tr\u00ecnh duy\u1ec7t ph\u1ed5 bi\u1ebfn, b\u1ea3o m\u1eadt, \u1ed5n \u0111\u1ecbnh v\u00e0 d\u1ec5 s\u1eed d\u1ee5ng. Th\u1eddi gian\u00a0<a title=\"Thi\u1ebft k\u1ebf website\" href=\"https:\/\/innocom.vn\"><strong>thi\u1ebft k\u1ebf website<\/strong><\/a>\u00a0nhanh v\u00e0 ch\u00ednh s\u00e1ch gi\u00e1 h\u1ee3p l\u00fd<\/li>\n<\/ul>\n<ul>\n<li>Ch\u1ebf \u0111\u1ed9 h\u1ed7 tr\u1ee3 c\u1eadp nh\u1eadt website, t\u01b0 v\u1ea5n qu\u1ea3ng b\u00e1 v\u00e0o top 10 Google, mi\u1ec5n ph\u00ed t\u00ean mi\u1ec1n qu\u1ed1c t\u1ebf &amp; hosting khi\u00a0<a href=\"https:\/\/innocom.vn\"><strong>thi\u1ebft k\u1ebf web<\/strong><\/a>. \u0110\u1eb7c bi\u1ec7t l\u00e0\u00a0<a href=\"https:\/\/innocom.vn\"><strong>b\u1ea3o h\u00e0nh website<\/strong><\/a>\u00a0v\u0129nh vi\u1ec5n<\/li>\n<\/ul>\n","protected":false},"excerpt":{"rendered":"<p>Thi\u1ebft k\u1ebf website\u00a0c\u00f4ng ty,\u00a0website b\u00e1n h\u00e0ng\u00a0m\u1ea1nh m\u1ebd, hi\u1ec7u qu\u1ea3 th\u1eadt s\u1ef1 d\u1ec5 d\u00e0ng v\u1edbi INNOCOM . B\u1ea1n h\u00e3y li\u00ean h\u1ec7 v\u1edbi INNOCOM \u0111\u1ec3 c\u00f3 th\u1ec3 s\u1edf h\u1eefu 1\u00a0website b\u00e1n h\u00e0ng\u00a0online chuy\u00ean nghi\u1ec7p theo phong c\u00e1ch c\u1ee7a ri\u00eang m\u00ecnh. Giao di\u1ec7n \u0111\u01b0\u1ee3c thi\u1ebft k\u1ebf theo y\u00eau c\u1ea7u c\u1ee7a m\u1ed7i kh\u00e1ch h\u00e0ng. Website hi\u1ec3n th\u1ecb ch\u00ednh x\u00e1c [&#8230;]\n","protected":false},"author":4,"featured_media":0,"parent":0,"menu_order":2,"comment_status":"closed","ping_status":"closed","template":"","meta":{"footnotes":""},"class_list":["post-13646","page","type-page","status-publish","hentry"],"yoast_head":"<!-- This site is optimized with the Yoast SEO Premium plugin v24.5 (Yoast SEO v26.1.1) - https:\/\/yoast.com\/wordpress\/plugins\/seo\/ -->\n<title>Website Design1 - C\u00f4ng ty C\u00f4ng ngh\u1ec7 v\u00e0 T\u01b0 v\u1ea5n Doanh nghi\u1ec7p INNOCOM<\/title>\n<meta name=\"description\" content=\"Thi\u1ebft k\u1ebf website\u00a0c\u00f4ng ty,\u00a0website b\u00e1n h\u00e0ng\u00a0m\u1ea1nh m\u1ebd, hi\u1ec7u qu\u1ea3 th\u1eadt s\u1ef1 d\u1ec5 d\u00e0ng v\u1edbi INNOCOM . B\u1ea1n h\u00e3y li\u00ean h\u1ec7 v\u1edbi INNOCOM \u0111\u1ec3 c\u00f3 th\u1ec3 s\u1edf h\u1eefu 1\u00a0website b\u00e1n \u2013 C\u00f4ng ty C\u00f4ng ngh\u1ec7 v\u00e0 T\u01b0 v\u1ea5n Doanh nghi\u1ec7p INNOCOM\" \/>\n<meta name=\"robots\" content=\"index, follow, max-snippet:-1, max-image-preview:large, max-video-preview:-1\" \/>\n<link rel=\"canonical\" href=\"https:\/\/innocom.vn\/en\/website-design1\/\" \/>\n<meta property=\"og:locale\" content=\"en_US\" \/>\n<meta property=\"og:type\" content=\"article\" \/>\n<meta property=\"og:title\" content=\"Website Design1\" \/>\n<meta property=\"og:description\" content=\"Thi\u1ebft k\u1ebf website\u00a0c\u00f4ng ty,\u00a0website b\u00e1n h\u00e0ng\u00a0m\u1ea1nh m\u1ebd, hi\u1ec7u qu\u1ea3 th\u1eadt s\u1ef1 d\u1ec5 d\u00e0ng v\u1edbi INNOCOM . B\u1ea1n h\u00e3y li\u00ean h\u1ec7 v\u1edbi INNOCOM \u0111\u1ec3 c\u00f3 th\u1ec3 s\u1edf h\u1eefu 1\u00a0website b\u00e1n \u2013 C\u00f4ng ty C\u00f4ng ngh\u1ec7 v\u00e0 T\u01b0 v\u1ea5n Doanh nghi\u1ec7p INNOCOM\" \/>\n<meta property=\"og:url\" content=\"https:\/\/innocom.vn\/en\/website-design1\/\" \/>\n<meta property=\"og:site_name\" content=\"C\u00f4ng ty C\u00f4ng ngh\u1ec7 v\u00e0 T\u01b0 v\u1ea5n Doanh nghi\u1ec7p INNOCOM\" \/>\n<meta property=\"article:modified_time\" content=\"2020-04-24T08:32:59+00:00\" \/>\n<meta name=\"twitter:label1\" content=\"Est. reading time\" \/>\n\t<meta name=\"twitter:data1\" content=\"1 minute\" \/>\n<script type=\"application\/ld+json\" class=\"yoast-schema-graph\">{\"@context\":\"https:\/\/schema.org\",\"@graph\":[{\"@type\":\"WebPage\",\"@id\":\"https:\/\/innocom.vn\/en\/website-design1\/\",\"url\":\"https:\/\/innocom.vn\/en\/website-design1\/\",\"name\":\"Website Design1 - C\u00f4ng ty C\u00f4ng ngh\u1ec7 v\u00e0 T\u01b0 v\u1ea5n Doanh nghi\u1ec7p INNOCOM\",\"isPartOf\":{\"@id\":\"https:\/\/innocom.vn\/#website\"},\"datePublished\":\"2016-01-08T10:24:08+00:00\",\"dateModified\":\"2020-04-24T08:32:59+00:00\",\"description\":\"Thi\u1ebft k\u1ebf website\u00a0c\u00f4ng ty,\u00a0website b\u00e1n h\u00e0ng\u00a0m\u1ea1nh m\u1ebd, hi\u1ec7u qu\u1ea3 th\u1eadt s\u1ef1 d\u1ec5 d\u00e0ng v\u1edbi INNOCOM . B\u1ea1n h\u00e3y li\u00ean h\u1ec7 v\u1edbi INNOCOM \u0111\u1ec3 c\u00f3 th\u1ec3 s\u1edf h\u1eefu 1\u00a0website b\u00e1n \u2013 C\u00f4ng ty C\u00f4ng ngh\u1ec7 v\u00e0 T\u01b0 v\u1ea5n Doanh nghi\u1ec7p INNOCOM\",\"breadcrumb\":{\"@id\":\"https:\/\/innocom.vn\/en\/website-design1\/#breadcrumb\"},\"inLanguage\":\"en-US\",\"potentialAction\":[{\"@type\":\"ReadAction\",\"target\":[\"https:\/\/innocom.vn\/en\/website-design1\/\"]}]},{\"@type\":\"BreadcrumbList\",\"@id\":\"https:\/\/innocom.vn\/en\/website-design1\/#breadcrumb\",\"itemListElement\":[{\"@type\":\"ListItem\",\"position\":1,\"name\":\"Home\",\"item\":\"https:\/\/innocom.vn\/en\/\"},{\"@type\":\"ListItem\",\"position\":2,\"name\":\"Website Design1\"}]},{\"@type\":\"WebSite\",\"@id\":\"https:\/\/innocom.vn\/#website\",\"url\":\"https:\/\/innocom.vn\/\",\"name\":\"C\u00f4ng ty C\u00f4ng ngh\u1ec7 v\u00e0 T\u01b0 v\u1ea5n Doanh nghi\u1ec7p INNOCOM\",\"description\":\"\",\"publisher\":{\"@id\":\"https:\/\/innocom.vn\/#organization\"},\"potentialAction\":[{\"@type\":\"SearchAction\",\"target\":{\"@type\":\"EntryPoint\",\"urlTemplate\":\"https:\/\/innocom.vn\/?s={search_term_string}\"},\"query-input\":{\"@type\":\"PropertyValueSpecification\",\"valueRequired\":true,\"valueName\":\"search_term_string\"}}],\"inLanguage\":\"en-US\"},{\"@type\":\"Organization\",\"@id\":\"https:\/\/innocom.vn\/#organization\",\"name\":\"Innocom\",\"url\":\"https:\/\/innocom.vn\/\",\"logo\":{\"@type\":\"ImageObject\",\"inLanguage\":\"en-US\",\"@id\":\"https:\/\/innocom.vn\/#\/schema\/logo\/image\/\",\"url\":\"https:\/\/innocom.vn\/wp-content\/uploads\/2016\/01\/innocom-logo.png\",\"contentUrl\":\"https:\/\/innocom.vn\/wp-content\/uploads\/2016\/01\/innocom-logo.png\",\"width\":2048,\"height\":2046,\"caption\":\"Innocom\"},\"image\":{\"@id\":\"https:\/\/innocom.vn\/#\/schema\/logo\/image\/\"}}]}<\/script>\n<!-- \/ Yoast SEO Premium plugin. -->","yoast_head_json":{"title":"Website Design1 - C\u00f4ng ty C\u00f4ng ngh\u1ec7 v\u00e0 T\u01b0 v\u1ea5n Doanh nghi\u1ec7p INNOCOM","description":"Thi\u1ebft k\u1ebf website\u00a0c\u00f4ng ty,\u00a0website b\u00e1n h\u00e0ng\u00a0m\u1ea1nh m\u1ebd, hi\u1ec7u qu\u1ea3 th\u1eadt s\u1ef1 d\u1ec5 d\u00e0ng v\u1edbi INNOCOM . B\u1ea1n h\u00e3y li\u00ean h\u1ec7 v\u1edbi INNOCOM \u0111\u1ec3 c\u00f3 th\u1ec3 s\u1edf h\u1eefu 1\u00a0website b\u00e1n \u2013 C\u00f4ng ty C\u00f4ng ngh\u1ec7 v\u00e0 T\u01b0 v\u1ea5n Doanh nghi\u1ec7p INNOCOM","robots":{"index":"index","follow":"follow","max-snippet":"max-snippet:-1","max-image-preview":"max-image-preview:large","max-video-preview":"max-video-preview:-1"},"canonical":"https:\/\/innocom.vn\/en\/website-design1\/","og_locale":"en_US","og_type":"article","og_title":"Website Design1","og_description":"Thi\u1ebft k\u1ebf website\u00a0c\u00f4ng ty,\u00a0website b\u00e1n h\u00e0ng\u00a0m\u1ea1nh m\u1ebd, hi\u1ec7u qu\u1ea3 th\u1eadt s\u1ef1 d\u1ec5 d\u00e0ng v\u1edbi INNOCOM . B\u1ea1n h\u00e3y li\u00ean h\u1ec7 v\u1edbi INNOCOM \u0111\u1ec3 c\u00f3 th\u1ec3 s\u1edf h\u1eefu 1\u00a0website b\u00e1n \u2013 C\u00f4ng ty C\u00f4ng ngh\u1ec7 v\u00e0 T\u01b0 v\u1ea5n Doanh nghi\u1ec7p INNOCOM","og_url":"https:\/\/innocom.vn\/en\/website-design1\/","og_site_name":"C\u00f4ng ty C\u00f4ng ngh\u1ec7 v\u00e0 T\u01b0 v\u1ea5n Doanh nghi\u1ec7p INNOCOM","article_modified_time":"2020-04-24T08:32:59+00:00","twitter_misc":{"Est. reading time":"1 minute"},"schema":{"@context":"https:\/\/schema.org","@graph":[{"@type":"WebPage","@id":"https:\/\/innocom.vn\/en\/website-design1\/","url":"https:\/\/innocom.vn\/en\/website-design1\/","name":"Website Design1 - C\u00f4ng ty C\u00f4ng ngh\u1ec7 v\u00e0 T\u01b0 v\u1ea5n Doanh nghi\u1ec7p INNOCOM","isPartOf":{"@id":"https:\/\/innocom.vn\/#website"},"datePublished":"2016-01-08T10:24:08+00:00","dateModified":"2020-04-24T08:32:59+00:00","description":"Thi\u1ebft k\u1ebf website\u00a0c\u00f4ng ty,\u00a0website b\u00e1n h\u00e0ng\u00a0m\u1ea1nh m\u1ebd, hi\u1ec7u qu\u1ea3 th\u1eadt s\u1ef1 d\u1ec5 d\u00e0ng v\u1edbi INNOCOM . B\u1ea1n h\u00e3y li\u00ean h\u1ec7 v\u1edbi INNOCOM \u0111\u1ec3 c\u00f3 th\u1ec3 s\u1edf h\u1eefu 1\u00a0website b\u00e1n \u2013 C\u00f4ng ty C\u00f4ng ngh\u1ec7 v\u00e0 T\u01b0 v\u1ea5n Doanh nghi\u1ec7p INNOCOM","breadcrumb":{"@id":"https:\/\/innocom.vn\/en\/website-design1\/#breadcrumb"},"inLanguage":"en-US","potentialAction":[{"@type":"ReadAction","target":["https:\/\/innocom.vn\/en\/website-design1\/"]}]},{"@type":"BreadcrumbList","@id":"https:\/\/innocom.vn\/en\/website-design1\/#breadcrumb","itemListElement":[{"@type":"ListItem","position":1,"name":"Home","item":"https:\/\/innocom.vn\/en\/"},{"@type":"ListItem","position":2,"name":"Website Design1"}]},{"@type":"WebSite","@id":"https:\/\/innocom.vn\/#website","url":"https:\/\/innocom.vn\/","name":"C\u00f4ng ty C\u00f4ng ngh\u1ec7 v\u00e0 T\u01b0 v\u1ea5n Doanh nghi\u1ec7p INNOCOM","description":"","publisher":{"@id":"https:\/\/innocom.vn\/#organization"},"potentialAction":[{"@type":"SearchAction","target":{"@type":"EntryPoint","urlTemplate":"https:\/\/innocom.vn\/?s={search_term_string}"},"query-input":{"@type":"PropertyValueSpecification","valueRequired":true,"valueName":"search_term_string"}}],"inLanguage":"en-US"},{"@type":"Organization","@id":"https:\/\/innocom.vn\/#organization","name":"Innocom","url":"https:\/\/innocom.vn\/","logo":{"@type":"ImageObject","inLanguage":"en-US","@id":"https:\/\/innocom.vn\/#\/schema\/logo\/image\/","url":"https:\/\/innocom.vn\/wp-content\/uploads\/2016\/01\/innocom-logo.png","contentUrl":"https:\/\/innocom.vn\/wp-content\/uploads\/2016\/01\/innocom-logo.png","width":2048,"height":2046,"caption":"Innocom"},"image":{"@id":"https:\/\/innocom.vn\/#\/schema\/logo\/image\/"}}]}},"_links":{"self":[{"href":"https:\/\/innocom.vn\/en\/wp-json\/wp\/v2\/pages\/13646","targetHints":{"allow":["GET"]}}],"collection":[{"href":"https:\/\/innocom.vn\/en\/wp-json\/wp\/v2\/pages"}],"about":[{"href":"https:\/\/innocom.vn\/en\/wp-json\/wp\/v2\/types\/page"}],"author":[{"embeddable":true,"href":"https:\/\/innocom.vn\/en\/wp-json\/wp\/v2\/users\/4"}],"replies":[{"embeddable":true,"href":"https:\/\/innocom.vn\/en\/wp-json\/wp\/v2\/comments?post=13646"}],"version-history":[{"count":0,"href":"https:\/\/innocom.vn\/en\/wp-json\/wp\/v2\/pages\/13646\/revisions"}],"wp:attachment":[{"href":"https:\/\/innocom.vn\/en\/wp-json\/wp\/v2\/media?parent=13646"}],"curies":[{"name":"wp","href":"https:\/\/api.w.org\/{rel}","templated":true}]}}