{"id":13640,"date":"2016-01-08T17:28:12","date_gmt":"2016-01-08T10:28:12","guid":{"rendered":"https:\/\/innocom.vn\/?page_id=13640"},"modified":"2016-01-08T17:28:12","modified_gmt":"2016-01-08T10:28:12","slug":"careers","status":"publish","type":"page","link":"https:\/\/innocom.vn\/en\/careers\/","title":{"rendered":"Careers"},"content":{"rendered":"<div><a href=\"https:\/\/innocom.vn\/wp-content\/uploads\/2014\/01\/recruitment-banner.jpg\"><img decoding=\"async\" class=\"alignnone wp-image-13508 size-full\" src=\"https:\/\/innocom.vn\/wp-content\/uploads\/2014\/01\/recruitment-banner.jpg\" alt=\"recruitment-banner\" width=\"100%\" srcset=\"https:\/\/innocom.vn\/wp-content\/uploads\/2014\/01\/recruitment-banner.jpg 979w, https:\/\/innocom.vn\/wp-content\/uploads\/2014\/01\/recruitment-banner-300x74.jpg 300w\" sizes=\"(max-width: 979px) 100vw, 979px\" \/><\/a><\/div>\n<div>\n<div><span style=\"text-decoration: underline;\"><b>01. V\u1ecb tr\u00ed Accounts Management Associate\u00a0(<\/b><b>Chuy\u00ean vi\u00ean QL<\/b> <b>Quan h\u1ec7 kh\u00e1ch h\u00e0ng)<\/b><\/span><\/div>\n<div><\/div>\n<div><b>M\u00f4 t\u1ea3 c\u00f4ng vi\u1ec7c<\/b>:\u00a0<b><br \/>\n<\/b><\/div>\n<div>X\u00e2y d\u1ef1ng danh s\u00e1ch kh\u00e1ch h\u00e0ng v\u00e0 ti\u1ebfp c\u1eadn<\/div>\n<div>H\u1ed7 tr\u1ee3 kh\u00e1ch h\u00e0ng s\u1eed d\u1ee5ng s\u1ea3n ph\u1ea9m d\u1ecbch v\u1ee5<\/div>\n<div>Ch\u0103m s\u00f3c kh\u00e1ch h\u00e0ng<\/div>\n<div>L\u00e0m vi\u1ec7c v\u1edbi c\u00e1c b\u1ed9 ph\u1eadn kh\u00e1c \u0111\u1ec3 th\u1ef1c hi\u1ec7n y\u00eau c\u1ea7u c\u1ee7a kh\u00e1ch h\u00e0ng<\/div>\n<div>\n<div><\/div>\n<div><b>\u1ee8ng vi\u00ean ph\u00f9 h\u1ee3p th\u01b0\u1eddng c\u1ea7n:<\/b><\/div>\n<div>&#8211; K\u1ef9 n\u0103ng tin h\u1ecdc v\u0103n ph\u00f2ng<\/div>\n<div>&#8211; Ti\u1ebfng Anh<\/div>\n<\/div>\n<div>&#8211; K\u1ef9 n\u0103ng t\u00ecm ki\u1ebfm th\u00f4ng tin<\/div>\n<div>&#8211; Ph\u01b0\u01a1ng ti\u1ec7n \u0111i l\u1ea1i<\/div>\n<div>&#8211; N\u1eafm b\u1eaft \u0111\u01b0\u1ee3c t\u00e2m l\u00fd v\u00e0 nhu c\u1ea7u c\u1ee7a kh\u00e1ch h\u00e0ng<\/div>\n<div>&#8211; Bi\u1ebft c\u00e1ch x\u00e2y d\u1ef1ng quan h\u1ec7<\/div>\n<div>&#8211; C\u00f3 kinh nghi\u1ec7m l\u00e0m vi\u1ec7c v\u1edbi c\u00e1c doanh nghi\u1ec7p<\/div>\n<div><\/div>\n<div>\n<div><b>Ch\u1ebf \u0111\u1ed9 l\u00e0m vi\u1ec7c:\u00a0<\/b><\/div>\n<div>Th\u1eddi gian l\u00e0m vi\u1ec7c: full-time t\u1eeb T2 &#8211; T6<\/div>\n<div>Thu nh\u1eadp: Th\u1ecfa thu\u1eadn<\/div>\n<div>Th\u1eed vi\u1ec7c: 1-2 th\u00e1ng<\/div>\n<div><\/div>\n<div><span style=\"color: #141823;\">H\u1ea1n n\u1ed9p h\u1ed3 s\u01a1: D\u1eebng l\u1ea1i khi t\u00ecm \u0111\u01b0\u1ee3c \u1ee9ng vi\u00ean ph\u00f9 h\u1ee3p.<\/span><br style=\"color: #141823;\" \/><span style=\"color: #141823;\">CV xin g\u1eedi v\u1ec1: RMD@innocom.vn<\/span><br style=\"color: #141823;\" \/><span style=\"color: #141823;\">Ti\u00eau \u0111\u1ec1 th\u01b0 b\u1eaft \u0111\u1ea7u b\u1eb1ng [AMA Application]<\/span><\/div>\n<\/div>\n<hr style=\"margin: 20px 0 20px 0;\" \/>\n<\/div>\n<div><span style=\"text-decoration: underline;\"><b><b>02.\u00a0<\/b>V\u1ecb tr\u00ed\u00a0Resources Management Associate (<\/b><b>Chuy\u00ean vi\u00ean<\/b><b>\u00a0QL T\u00e0i nguy\u00ean)\u00a0<\/b><\/span><\/div>\n<div><\/div>\n<div><b>M\u00f4 t\u1ea3 c\u00f4ng vi\u1ec7c:\u00a0<\/b><\/div>\n<div>Khai th\u00e1c, qu\u1ea3n l\u00fd c\u00e1c t\u00e0i nguy\u00ean \u0111\u1ea7u v\u00e0o c\u1ee7a c\u00f4ng ty:<\/div>\n<div>Nh\u00e0 cung c\u1ea5p, \u0111\u1ed1i t\u00e1c\u00a0cung c\u1ea5p\u00a0d\u1ecbch v\u1ee5,\u00a0Hosting,\u00a0Domain,\u00a0Email, Website kh\u00e1ch h\u00e0ng<\/div>\n<div>T\u00ecm ki\u1ebfm c\u00e1c ngu\u1ed3n thay th\u1ebf<\/div>\n<div>Deal v\u1edbi nh\u00e0 cung c\u1ea5p, \u0111\u1ed1i t\u00e1c v\u1ec1 ch\u1ea5t l\u01b0\u1ee3ng, th\u1eddi gian, chi ph\u00ed<\/div>\n<div>L\u00e0m vi\u1ec7c v\u1edbi c\u00e1c b\u1ed9 ph\u1eadn kh\u00e1c \u0111\u1ec3 th\u1ef1c hi\u1ec7n y\u00eau c\u1ea7u c\u1ee7a kh\u00e1ch h\u00e0ng<\/div>\n<div><\/div>\n<div><b>\u1ee8ng vi\u00ean ph\u00f9 h\u1ee3p th\u01b0\u1eddng c\u1ea7n:<\/b><\/div>\n<div>&#8211; K\u1ef9 n\u0103ng tin h\u1ecdc v\u0103n ph\u00f2ng<\/div>\n<div>&#8211; Ti\u1ebfng Anh<\/div>\n<div>&#8211; K\u1ef9 n\u0103ng t\u00ecm ki\u1ebfm th\u00f4ng tin<\/div>\n<div>&#8211; Bi\u1ebft c\u00e1ch x\u00e2y d\u1ef1ng quan h\u1ec7<\/div>\n<div>&#8211; Bi\u1ebft c\u00e1ch th\u01b0\u01a1ng l\u01b0\u1ee3ng \u0111\u00e0m ph\u00e1n (\u0111i ch\u1ee3\u00a0bi\u1ebft m\u1eb7c c\u1ea3)<\/div>\n<div><\/div>\n<div><b>Ch\u1ebf \u0111\u1ed9 l\u00e0m vi\u1ec7c:\u00a0<\/b><\/div>\n<div>Th\u1eddi gian l\u00e0m vi\u1ec7c: full-time t\u1eeb T2 &#8211; T6<\/div>\n<div>Thu nh\u1eadp: Th\u1ecfa thu\u1eadn<\/div>\n<div>Th\u1eed vi\u1ec7c: 1-2 th\u00e1ng<\/div>\n<div><\/div>\n<div><span style=\"color: #141823;\">H\u1ea1n n\u1ed9p h\u1ed3 s\u01a1: D\u1eebng l\u1ea1i khi t\u00ecm \u0111\u01b0\u1ee3c \u1ee9ng vi\u00ean ph\u00f9 h\u1ee3p.<\/span><br style=\"color: #141823;\" \/><span style=\"color: #141823;\">CV xin g\u1eedi v\u1ec1: RMD@innocom.vn<\/span><br style=\"color: #141823;\" \/><span style=\"color: #141823;\">Ti\u00eau \u0111\u1ec1 th\u01b0 b\u1eaft \u0111\u1ea7u b\u1eb1ng [RMA Application]<\/span><\/div>\n<div>\n<hr style=\"margin: 20px 0 20px 0;\" \/>\n<\/div>\n<div><span style=\"text-decoration: underline;\"><b><b>03.\u00a0<\/b>V\u1ecb tr\u00ed<\/b> <b>Operation Management Associate\u00a0(Chuy\u00ean vi\u00ean \u0110i\u1ec1u ph\u1ed1i\u00a0Ho\u1ea1t \u0111\u1ed9ng)\u00a0<\/b><\/span><\/div>\n<div><\/div>\n<div><b>M\u00f4 t\u1ea3 c\u00f4ng vi\u1ec7c<\/b>:<\/div>\n<div>&#8211; Th\u1ef1c hi\u1ec7n quy tr\u00ecnh ho\u1ea1t \u0111\u1ed9ng<\/div>\n<div>&#8211; Ho\u00e0n thi\u1ec7n quy tr\u00ecnh, bi\u1ec3u m\u1eabu<\/div>\n<div>&#8211; Qu\u1ea3n l\u00fd v\u0103n b\u1ea3n h\u1ed3 s\u01a1<\/div>\n<div>&#8211; So\u1ea1n b\u00e1o gi\u00e1, h\u1ee3p \u0111\u1ed3ng<\/div>\n<div>&#8211; \u0110i\u1ec1u ph\u1ed1i \u0111\u1ea3m b\u1ea3o th\u1ef1c hi\u1ec7n y\u00eau c\u1ea7u c\u1ee7a kh\u00e1ch h\u00e0ng<\/div>\n<div>&#8211; Qu\u1ea3n l\u00fd s\u1ed5 s\u00e1ch k\u1ebf to\u00e1n<\/div>\n<div>&#8211; Qu\u1ea3n l\u00fd v\u0103n ph\u00f2ng<\/div>\n<div><\/div>\n<div>\n<div><b>\u1ee8ng vi\u00ean ph\u00f9 h\u1ee3p th\u01b0\u1eddng c\u1ea7n:<\/b><\/div>\n<div>&#8211; K\u1ef9 n\u0103ng tin h\u1ecdc v\u0103n ph\u00f2ng<\/div>\n<\/div>\n<div>&#8211; Ti\u1ebfng Anh<\/div>\n<div>&#8211; K\u1ef9 n\u0103ng so\u1ea1n th\u1ea3o v\u0103n b\u1ea3n, bi\u1ec3u m\u1eabu<\/div>\n<div>&#8211; C\u00f3 ki\u1ebfn th\u1ee9c ho\u1eb7c kinh nghi\u1ec7m v\u1ec1 c\u00e1c nghi\u1ec7p v\u1ee5 k\u1ebf to\u00e1n<\/div>\n<div>&#8211; C\u1ea9n th\u1eadn, r\u1ea5t c\u1ea9n th\u1eadn<\/div>\n<div>&#8211; Ng\u0103n n\u1eafp, ch\u1ec9n chu, ch\u0103m ch\u1ec9<\/div>\n<div><\/div>\n<div>\n<div><b>Ch\u1ebf \u0111\u1ed9 l\u00e0m vi\u1ec7c:\u00a0<\/b><\/div>\n<div>Th\u1eddi gian l\u00e0m vi\u1ec7c: full-time t\u1eeb T2 &#8211; T6<\/div>\n<div>Thu nh\u1eadp: Th\u1ecfa thu\u1eadn<\/div>\n<div>Th\u1eed vi\u1ec7c: 1-2 th\u00e1ng<\/div>\n<div><\/div>\n<div><span style=\"color: #141823;\">H\u1ea1n n\u1ed9p h\u1ed3 s\u01a1: D\u1eebng l\u1ea1i khi t\u00ecm \u0111\u01b0\u1ee3c \u1ee9ng vi\u00ean ph\u00f9 h\u1ee3p.<\/span><br style=\"color: #141823;\" \/><span style=\"color: #141823;\">CV xin g\u1eedi v\u1ec1: RMD@innocom.vn<\/span><br style=\"color: #141823;\" \/><span style=\"color: #141823;\">Ti\u00eau \u0111\u1ec1 th\u01b0 b\u1eaft \u0111\u1ea7u b\u1eb1ng [OMA Application]<\/span><\/div>\n<\/div>\n<div>\n<hr style=\"margin: 20px 0 20px 0;\" \/>\n<\/div>\n<div><span style=\"text-decoration: underline;\"><b><b>04.\u00a0<\/b>V\u1ecb tr\u00ed Digital\u00a0Marketing Associate\u00a0(Chuy\u00ean vi\u00ean Digital Marketing)<\/b><\/span><\/div>\n<div><\/div>\n<div>\n<div><b>M\u00f4 t\u1ea3 c\u00f4ng vi\u1ec7c<\/b>:<\/div>\n<div>&#8211; Nghi\u00ean c\u1ee9u th\u1ecb tr\u01b0\u1eddng<\/div>\n<div>&#8211; Vi\u1ebft marketing report<\/div>\n<div>&#8211; H\u1ed7 tr\u1ee3 x\u00e2y d\u1ef1ng Marketing budget<\/div>\n<div>&#8211; Tri\u1ec3n khai Marketing Campaign cho kh\u00e1ch h\u00e0ng<\/div>\n<div><\/div>\n<div>\n<div><b>\u1ee8ng vi\u00ean ph\u00f9 h\u1ee3p th\u01b0\u1eddng c\u1ea7n:<\/b><\/div>\n<div>&#8211; K\u1ef9 n\u0103ng tin h\u1ecdc v\u0103n ph\u00f2ng<\/div>\n<\/div>\n<div>&#8211; Ti\u1ebfng Anh<\/div>\n<div>&#8211; \u0110\u01b0\u1ee3c \u0111\u00e0o t\u1ea1o ho\u1eb7c c\u00f3 kinh nghi\u1ec7m l\u00e0m Digital Marketing<\/div>\n<div>&#8211; C\u00f3 ki\u1ebfn th\u1ee9c v\u00e0 kinh nghi\u1ec7m v\u1ec1 Qu\u1ea3ng c\u00e1o internet (Adwords, Facebook), Search Engine Marketing, Email marketing, SMS Marketing<\/div>\n<div><\/div>\n<div>\n<div><b>Ch\u1ebf \u0111\u1ed9 l\u00e0m vi\u1ec7c:\u00a0<\/b><\/div>\n<div>Th\u1eddi gian l\u00e0m vi\u1ec7c: full-time t\u1eeb T2 &#8211; T6<\/div>\n<div>Thu nh\u1eadp: Th\u1ecfa thu\u1eadn<\/div>\n<div>Th\u1eed vi\u1ec7c: 1-2 th\u00e1ng<\/div>\n<div><\/div>\n<div><span style=\"color: #141823;\">H\u1ea1n n\u1ed9p h\u1ed3 s\u01a1: D\u1eebng l\u1ea1i khi t\u00ecm \u0111\u01b0\u1ee3c \u1ee9ng vi\u00ean ph\u00f9 h\u1ee3p.<\/span><br style=\"color: #141823;\" \/><span style=\"color: #141823;\">CV xin g\u1eedi v\u1ec1: RMD@innocom.vn<\/span><br style=\"color: #141823;\" \/><span style=\"color: #141823;\">Ti\u00eau \u0111\u1ec1 th\u01b0 b\u1eaft \u0111\u1ea7u b\u1eb1ng [DMA Application]<\/span><\/div>\n<\/div>\n<div>\n<hr style=\"margin: 20px 0 20px 0;\" \/>\n<\/div>\n<div><span style=\"text-decoration: underline;\"><b><b>05.\u00a0<\/b>V\u1ecb tr\u00ed Apprentice\u00a0(Th\u1ef1c t\u1eadp)<\/b><\/span><\/div>\n<div>\n<div><\/div>\n<div>\n<div><b>M\u00f4 t\u1ea3 c\u00f4ng vi\u1ec7c<\/b>:<\/div>\n<div>&#8211;\u00a0H\u1ed7 tr\u1ee3 Associates th\u1ef1c hi\u1ec7n c\u00e1c c\u00f4ng vi\u1ec7c li\u00ean quan \u0111\u1ebfn qu\u1ea3n l\u00fd ho\u1ea1t \u0111\u1ed9ng, qu\u1ea3n l\u00fd t\u00e0i nguy\u00ean v\u00e0 qu\u1ea3n l\u00fd kh\u00e1ch h\u00e0ng<\/div>\n<div><\/div>\n<div>\n<div><b>\u1ee8ng vi\u00ean ph\u00f9 h\u1ee3p th\u01b0\u1eddng c\u1ea7n:<\/b><\/div>\n<div>&#8211; K\u1ef9 n\u0103ng tin h\u1ecdc v\u0103n ph\u00f2ng<\/div>\n<\/div>\n<div>&#8211; Ti\u1ebfng Anh<\/div>\n<div>&#8211; Sinh vi\u00ean c\u00e1c tr\u01b0\u1eddng kh\u1ed1i Kinh t\u1ebf v\u00e0 C\u00f4ng ngh\u1ec7 th\u00f4ng tin<\/div>\n<div><\/div>\n<div>\n<div><b>Ch\u1ebf \u0111\u1ed9 l\u00e0m vi\u1ec7c:\u00a0<\/b><\/div>\n<div>Th\u1eddi gian l\u00e0m vi\u1ec7c: part-time t\u1eeb T2 &#8211; T6<\/div>\n<div>Thu nh\u1eadp: Th\u1ecfa thu\u1eadn<\/div>\n<div>Th\u1eed vi\u1ec7c: 1-2 th\u00e1ng<\/div>\n<div><\/div>\n<div><span style=\"color: #141823;\">H\u1ea1n n\u1ed9p h\u1ed3 s\u01a1: D\u1eebng l\u1ea1i khi t\u00ecm \u0111\u01b0\u1ee3c \u1ee9ng vi\u00ean ph\u00f9 h\u1ee3p.<\/span><br style=\"color: #141823;\" \/><span style=\"color: #141823;\">CV xin g\u1eedi v\u1ec1: RMD@innocom.vn<\/span><br style=\"color: #141823;\" \/><span style=\"color: #141823;\">Ti\u00eau \u0111\u1ec1 th\u01b0 b\u1eaft \u0111\u1ea7u b\u1eb1ng [Apprentice Application]<\/span><\/div>\n<\/div>\n<div>\n<hr style=\"margin: 20px 0 20px 0;\" \/>\n<\/div>\n<\/div>\n<\/div>\n<div><strong>Th\u1eafc m\u1eafc xin li\u00ean h\u1ec7:<\/strong> Mr. Hi\u1ec7p (0942.8888.95)<\/div>\n<div><\/div>\n<div><\/div>\n<\/div>\n","protected":false},"excerpt":{"rendered":"<p>01. V\u1ecb tr\u00ed Accounts Management Associate\u00a0(Chuy\u00ean vi\u00ean QL Quan h\u1ec7 kh\u00e1ch h\u00e0ng) M\u00f4 t\u1ea3 c\u00f4ng vi\u1ec7c:\u00a0 X\u00e2y d\u1ef1ng danh s\u00e1ch kh\u00e1ch h\u00e0ng v\u00e0 ti\u1ebfp c\u1eadn H\u1ed7 tr\u1ee3 kh\u00e1ch h\u00e0ng s\u1eed d\u1ee5ng s\u1ea3n ph\u1ea9m d\u1ecbch v\u1ee5 Ch\u0103m s\u00f3c kh\u00e1ch h\u00e0ng L\u00e0m vi\u1ec7c v\u1edbi c\u00e1c b\u1ed9 ph\u1eadn kh\u00e1c \u0111\u1ec3 th\u1ef1c hi\u1ec7n y\u00eau c\u1ea7u c\u1ee7a kh\u00e1ch h\u00e0ng \u1ee8ng [&#8230;]\n","protected":false},"author":4,"featured_media":0,"parent":0,"menu_order":1,"comment_status":"closed","ping_status":"closed","template":"","meta":{"footnotes":""},"class_list":["post-13640","page","type-page","status-publish","hentry"],"yoast_head":"<!-- This site is optimized with the Yoast SEO Premium plugin v24.5 (Yoast SEO v26.1.1) - https:\/\/yoast.com\/wordpress\/plugins\/seo\/ -->\n<title>Careers - C\u00f4ng ty C\u00f4ng ngh\u1ec7 v\u00e0 T\u01b0 v\u1ea5n Doanh nghi\u1ec7p INNOCOM<\/title>\n<meta name=\"description\" content=\"01. V\u1ecb tr\u00ed Accounts Management Associate\u00a0(Chuy\u00ean vi\u00ean QL Quan h\u1ec7 kh\u00e1ch h\u00e0ng) M\u00f4 t\u1ea3 c\u00f4ng vi\u1ec7c:\u00a0 X\u00e2y d\u1ef1ng danh s\u00e1ch kh\u00e1ch h\u00e0ng v\u00e0 ti\u1ebfp c\u1eadn H\u1ed7 tr\u1ee3 kh\u00e1ch h\u00e0ng \u2013 C\u00f4ng ty C\u00f4ng ngh\u1ec7 v\u00e0 T\u01b0 v\u1ea5n Doanh nghi\u1ec7p INNOCOM\" \/>\n<meta name=\"robots\" content=\"index, follow, max-snippet:-1, max-image-preview:large, max-video-preview:-1\" \/>\n<link rel=\"canonical\" href=\"https:\/\/innocom.vn\/en\/careers\/\" \/>\n<meta property=\"og:locale\" content=\"en_US\" \/>\n<meta property=\"og:type\" content=\"article\" \/>\n<meta property=\"og:title\" content=\"Careers\" \/>\n<meta property=\"og:description\" content=\"01. V\u1ecb tr\u00ed Accounts Management Associate\u00a0(Chuy\u00ean vi\u00ean QL Quan h\u1ec7 kh\u00e1ch h\u00e0ng) M\u00f4 t\u1ea3 c\u00f4ng vi\u1ec7c:\u00a0 X\u00e2y d\u1ef1ng danh s\u00e1ch kh\u00e1ch h\u00e0ng v\u00e0 ti\u1ebfp c\u1eadn H\u1ed7 tr\u1ee3 kh\u00e1ch h\u00e0ng \u2013 C\u00f4ng ty C\u00f4ng ngh\u1ec7 v\u00e0 T\u01b0 v\u1ea5n Doanh nghi\u1ec7p INNOCOM\" \/>\n<meta property=\"og:url\" content=\"https:\/\/innocom.vn\/en\/careers\/\" \/>\n<meta property=\"og:site_name\" content=\"C\u00f4ng ty C\u00f4ng ngh\u1ec7 v\u00e0 T\u01b0 v\u1ea5n Doanh nghi\u1ec7p INNOCOM\" \/>\n<meta property=\"og:image\" content=\"https:\/\/innocom.vn\/wp-content\/uploads\/2014\/01\/recruitment-banner.jpg\" \/>\n\t<meta property=\"og:image:width\" content=\"979\" \/>\n\t<meta property=\"og:image:height\" content=\"242\" \/>\n\t<meta property=\"og:image:type\" content=\"image\/jpeg\" \/>\n<meta name=\"twitter:label1\" content=\"Est. reading time\" \/>\n\t<meta name=\"twitter:data1\" content=\"6 minutes\" \/>\n<script type=\"application\/ld+json\" class=\"yoast-schema-graph\">{\"@context\":\"https:\/\/schema.org\",\"@graph\":[{\"@type\":\"WebPage\",\"@id\":\"https:\/\/innocom.vn\/en\/careers\/\",\"url\":\"https:\/\/innocom.vn\/en\/careers\/\",\"name\":\"Careers - C\u00f4ng ty C\u00f4ng ngh\u1ec7 v\u00e0 T\u01b0 v\u1ea5n Doanh nghi\u1ec7p INNOCOM\",\"isPartOf\":{\"@id\":\"https:\/\/innocom.vn\/#website\"},\"primaryImageOfPage\":{\"@id\":\"https:\/\/innocom.vn\/en\/careers\/#primaryimage\"},\"image\":{\"@id\":\"https:\/\/innocom.vn\/en\/careers\/#primaryimage\"},\"thumbnailUrl\":\"https:\/\/innocom.vn\/wp-content\/uploads\/2014\/01\/recruitment-banner.jpg\",\"datePublished\":\"2016-01-08T10:28:12+00:00\",\"description\":\"01. V\u1ecb tr\u00ed Accounts Management Associate\u00a0(Chuy\u00ean vi\u00ean QL Quan h\u1ec7 kh\u00e1ch h\u00e0ng) M\u00f4 t\u1ea3 c\u00f4ng vi\u1ec7c:\u00a0 X\u00e2y d\u1ef1ng danh s\u00e1ch kh\u00e1ch h\u00e0ng v\u00e0 ti\u1ebfp c\u1eadn H\u1ed7 tr\u1ee3 kh\u00e1ch h\u00e0ng \u2013 C\u00f4ng ty C\u00f4ng ngh\u1ec7 v\u00e0 T\u01b0 v\u1ea5n Doanh nghi\u1ec7p INNOCOM\",\"breadcrumb\":{\"@id\":\"https:\/\/innocom.vn\/en\/careers\/#breadcrumb\"},\"inLanguage\":\"en-US\",\"potentialAction\":[{\"@type\":\"ReadAction\",\"target\":[\"https:\/\/innocom.vn\/en\/careers\/\"]}]},{\"@type\":\"ImageObject\",\"inLanguage\":\"en-US\",\"@id\":\"https:\/\/innocom.vn\/en\/careers\/#primaryimage\",\"url\":\"https:\/\/innocom.vn\/wp-content\/uploads\/2014\/01\/recruitment-banner.jpg\",\"contentUrl\":\"https:\/\/innocom.vn\/wp-content\/uploads\/2014\/01\/recruitment-banner.jpg\"},{\"@type\":\"BreadcrumbList\",\"@id\":\"https:\/\/innocom.vn\/en\/careers\/#breadcrumb\",\"itemListElement\":[{\"@type\":\"ListItem\",\"position\":1,\"name\":\"Home\",\"item\":\"https:\/\/innocom.vn\/en\/\"},{\"@type\":\"ListItem\",\"position\":2,\"name\":\"Careers\"}]},{\"@type\":\"WebSite\",\"@id\":\"https:\/\/innocom.vn\/#website\",\"url\":\"https:\/\/innocom.vn\/\",\"name\":\"C\u00f4ng ty C\u00f4ng ngh\u1ec7 v\u00e0 T\u01b0 v\u1ea5n Doanh nghi\u1ec7p INNOCOM\",\"description\":\"\",\"publisher\":{\"@id\":\"https:\/\/innocom.vn\/#organization\"},\"potentialAction\":[{\"@type\":\"SearchAction\",\"target\":{\"@type\":\"EntryPoint\",\"urlTemplate\":\"https:\/\/innocom.vn\/?s={search_term_string}\"},\"query-input\":{\"@type\":\"PropertyValueSpecification\",\"valueRequired\":true,\"valueName\":\"search_term_string\"}}],\"inLanguage\":\"en-US\"},{\"@type\":\"Organization\",\"@id\":\"https:\/\/innocom.vn\/#organization\",\"name\":\"Innocom\",\"url\":\"https:\/\/innocom.vn\/\",\"logo\":{\"@type\":\"ImageObject\",\"inLanguage\":\"en-US\",\"@id\":\"https:\/\/innocom.vn\/#\/schema\/logo\/image\/\",\"url\":\"https:\/\/innocom.vn\/wp-content\/uploads\/2016\/01\/innocom-logo.png\",\"contentUrl\":\"https:\/\/innocom.vn\/wp-content\/uploads\/2016\/01\/innocom-logo.png\",\"width\":2048,\"height\":2046,\"caption\":\"Innocom\"},\"image\":{\"@id\":\"https:\/\/innocom.vn\/#\/schema\/logo\/image\/\"}}]}<\/script>\n<!-- \/ Yoast SEO Premium plugin. -->","yoast_head_json":{"title":"Careers - C\u00f4ng ty C\u00f4ng ngh\u1ec7 v\u00e0 T\u01b0 v\u1ea5n Doanh nghi\u1ec7p INNOCOM","description":"01. V\u1ecb tr\u00ed Accounts Management Associate\u00a0(Chuy\u00ean vi\u00ean QL Quan h\u1ec7 kh\u00e1ch h\u00e0ng) M\u00f4 t\u1ea3 c\u00f4ng vi\u1ec7c:\u00a0 X\u00e2y d\u1ef1ng danh s\u00e1ch kh\u00e1ch h\u00e0ng v\u00e0 ti\u1ebfp c\u1eadn H\u1ed7 tr\u1ee3 kh\u00e1ch h\u00e0ng \u2013 C\u00f4ng ty C\u00f4ng ngh\u1ec7 v\u00e0 T\u01b0 v\u1ea5n Doanh nghi\u1ec7p INNOCOM","robots":{"index":"index","follow":"follow","max-snippet":"max-snippet:-1","max-image-preview":"max-image-preview:large","max-video-preview":"max-video-preview:-1"},"canonical":"https:\/\/innocom.vn\/en\/careers\/","og_locale":"en_US","og_type":"article","og_title":"Careers","og_description":"01. V\u1ecb tr\u00ed Accounts Management Associate\u00a0(Chuy\u00ean vi\u00ean QL Quan h\u1ec7 kh\u00e1ch h\u00e0ng) M\u00f4 t\u1ea3 c\u00f4ng vi\u1ec7c:\u00a0 X\u00e2y d\u1ef1ng danh s\u00e1ch kh\u00e1ch h\u00e0ng v\u00e0 ti\u1ebfp c\u1eadn H\u1ed7 tr\u1ee3 kh\u00e1ch h\u00e0ng \u2013 C\u00f4ng ty C\u00f4ng ngh\u1ec7 v\u00e0 T\u01b0 v\u1ea5n Doanh nghi\u1ec7p INNOCOM","og_url":"https:\/\/innocom.vn\/en\/careers\/","og_site_name":"C\u00f4ng ty C\u00f4ng ngh\u1ec7 v\u00e0 T\u01b0 v\u1ea5n Doanh nghi\u1ec7p INNOCOM","og_image":[{"width":979,"height":242,"url":"https:\/\/innocom.vn\/wp-content\/uploads\/2014\/01\/recruitment-banner.jpg","type":"image\/jpeg"}],"twitter_misc":{"Est. reading time":"6 minutes"},"schema":{"@context":"https:\/\/schema.org","@graph":[{"@type":"WebPage","@id":"https:\/\/innocom.vn\/en\/careers\/","url":"https:\/\/innocom.vn\/en\/careers\/","name":"Careers - C\u00f4ng ty C\u00f4ng ngh\u1ec7 v\u00e0 T\u01b0 v\u1ea5n Doanh nghi\u1ec7p INNOCOM","isPartOf":{"@id":"https:\/\/innocom.vn\/#website"},"primaryImageOfPage":{"@id":"https:\/\/innocom.vn\/en\/careers\/#primaryimage"},"image":{"@id":"https:\/\/innocom.vn\/en\/careers\/#primaryimage"},"thumbnailUrl":"https:\/\/innocom.vn\/wp-content\/uploads\/2014\/01\/recruitment-banner.jpg","datePublished":"2016-01-08T10:28:12+00:00","description":"01. V\u1ecb tr\u00ed Accounts Management Associate\u00a0(Chuy\u00ean vi\u00ean QL Quan h\u1ec7 kh\u00e1ch h\u00e0ng) M\u00f4 t\u1ea3 c\u00f4ng vi\u1ec7c:\u00a0 X\u00e2y d\u1ef1ng danh s\u00e1ch kh\u00e1ch h\u00e0ng v\u00e0 ti\u1ebfp c\u1eadn H\u1ed7 tr\u1ee3 kh\u00e1ch h\u00e0ng \u2013 C\u00f4ng ty C\u00f4ng ngh\u1ec7 v\u00e0 T\u01b0 v\u1ea5n Doanh nghi\u1ec7p INNOCOM","breadcrumb":{"@id":"https:\/\/innocom.vn\/en\/careers\/#breadcrumb"},"inLanguage":"en-US","potentialAction":[{"@type":"ReadAction","target":["https:\/\/innocom.vn\/en\/careers\/"]}]},{"@type":"ImageObject","inLanguage":"en-US","@id":"https:\/\/innocom.vn\/en\/careers\/#primaryimage","url":"https:\/\/innocom.vn\/wp-content\/uploads\/2014\/01\/recruitment-banner.jpg","contentUrl":"https:\/\/innocom.vn\/wp-content\/uploads\/2014\/01\/recruitment-banner.jpg"},{"@type":"BreadcrumbList","@id":"https:\/\/innocom.vn\/en\/careers\/#breadcrumb","itemListElement":[{"@type":"ListItem","position":1,"name":"Home","item":"https:\/\/innocom.vn\/en\/"},{"@type":"ListItem","position":2,"name":"Careers"}]},{"@type":"WebSite","@id":"https:\/\/innocom.vn\/#website","url":"https:\/\/innocom.vn\/","name":"C\u00f4ng ty C\u00f4ng ngh\u1ec7 v\u00e0 T\u01b0 v\u1ea5n Doanh nghi\u1ec7p INNOCOM","description":"","publisher":{"@id":"https:\/\/innocom.vn\/#organization"},"potentialAction":[{"@type":"SearchAction","target":{"@type":"EntryPoint","urlTemplate":"https:\/\/innocom.vn\/?s={search_term_string}"},"query-input":{"@type":"PropertyValueSpecification","valueRequired":true,"valueName":"search_term_string"}}],"inLanguage":"en-US"},{"@type":"Organization","@id":"https:\/\/innocom.vn\/#organization","name":"Innocom","url":"https:\/\/innocom.vn\/","logo":{"@type":"ImageObject","inLanguage":"en-US","@id":"https:\/\/innocom.vn\/#\/schema\/logo\/image\/","url":"https:\/\/innocom.vn\/wp-content\/uploads\/2016\/01\/innocom-logo.png","contentUrl":"https:\/\/innocom.vn\/wp-content\/uploads\/2016\/01\/innocom-logo.png","width":2048,"height":2046,"caption":"Innocom"},"image":{"@id":"https:\/\/innocom.vn\/#\/schema\/logo\/image\/"}}]}},"_links":{"self":[{"href":"https:\/\/innocom.vn\/en\/wp-json\/wp\/v2\/pages\/13640","targetHints":{"allow":["GET"]}}],"collection":[{"href":"https:\/\/innocom.vn\/en\/wp-json\/wp\/v2\/pages"}],"about":[{"href":"https:\/\/innocom.vn\/en\/wp-json\/wp\/v2\/types\/page"}],"author":[{"embeddable":true,"href":"https:\/\/innocom.vn\/en\/wp-json\/wp\/v2\/users\/4"}],"replies":[{"embeddable":true,"href":"https:\/\/innocom.vn\/en\/wp-json\/wp\/v2\/comments?post=13640"}],"version-history":[{"count":0,"href":"https:\/\/innocom.vn\/en\/wp-json\/wp\/v2\/pages\/13640\/revisions"}],"wp:attachment":[{"href":"https:\/\/innocom.vn\/en\/wp-json\/wp\/v2\/media?parent=13640"}],"curies":[{"name":"wp","href":"https:\/\/api.w.org\/{rel}","templated":true}]}}