{"id":13636,"date":"2016-01-08T17:17:54","date_gmt":"2016-01-08T10:17:54","guid":{"rendered":"https:\/\/innocom.vn\/?page_id=13636"},"modified":"2024-11-02T10:19:58","modified_gmt":"2024-11-02T03:19:58","slug":"why-choose-innocom","status":"publish","type":"page","link":"https:\/\/innocom.vn\/en\/about\/why-choose-innocom\/","title":{"rendered":"Why choose Innocom?"},"content":{"rendered":"\t<section class=\"section\" id=\"section_326495465\">\n\t\t<div class=\"bg section-bg fill bg-fill bg-loaded bg-loaded\" >\n\n\t\t\t\n\t\t\t\n\t\t\t\n\n\t\t<\/div>\n\n\t\t\n\n\t\t<div class=\"section-content relative\">\n\t\t\t\n<div class=\"row\"  id=\"row-419050413\">\n\n\t<div id=\"col-2026674804\" class=\"col small-12 large-12\"  >\n\t\t\t\t<div class=\"col-inner\"  >\n\t\t\t\n\t\t\t\n<ol>\n<li><strong>T\u00f4n ch\u1ec9 ho\u1ea1t \u0111\u1ed9ng c\u1ee7a ch\u00fang t\u00f4i<\/strong><\/li>\n<\/ol>\n<h2 style=\"text-align: center;\"><span style=\"color: #3366ff;\">\u201cGIVERS GAIN \u2013 CHO L\u00c0 NH\u1eacN\u201d<\/span><\/h2>\n<p style=\"text-align: center;\"><span style=\"color: #3366ff;\">H\u1ee3p t\u00e1c tr\u00ean c\u01a1 s\u1edf mang l\u1ea1i l\u1ee3i \u00edch th\u1ef1c cho kh\u00e1ch h\u00e0ng<\/span><\/p>\n<p style=\"text-align: center;\"><span style=\"color: #3366ff;\">S\u1ef1 k\u1ebft qu\u1ea3 \u0111\u01b0\u1ee3c \u0111\u00e1nh gi\u00e1 b\u1eb1ng s\u1ef1 th\u00e0nh c\u00f4ng c\u1ee7a kh\u00e1c h\u00e0ng<\/span><\/p>\n<p>&nbsp;<\/p>\n<ol start=\"2\">\n<li><strong>Sau 1 n\u0103m th\u00e0nh l\u1eadp ch\u00fang t\u00f4i \u0111\u00e3 \u0111\u1ea1t \u0111\u01b0\u1ee3c<\/strong><\/li>\n<\/ol>\n<p>&nbsp;<\/p>\n<table class=\" aligncenter\" style=\"height: 140px;\" width=\"590\">\n<tbody>\n<tr>\n<td width=\"160\">\n<h2 style=\"text-align: center;\"><span style=\"color: #3366ff;\">150<\/span><\/h2>\n<\/td>\n<td style=\"text-align: center;\" width=\"160\">\n<h2><span style=\"color: #3366ff;\">10<\/span><\/h2>\n<\/td>\n<td style=\"text-align: center;\" width=\"160\">\n<h2><span style=\"color: #3366ff;\">100<\/span><\/h2>\n<\/td>\n<td style=\"text-align: center;\" width=\"160\">\n<h2><span style=\"color: #3366ff;\">\u2026<\/span><\/h2>\n<\/td>\n<\/tr>\n<tr>\n<td style=\"text-align: center;\" width=\"160\"><span style=\"color: #000000;\">D\u1ef1 \u00e1n Website chuy\u00ean nghi\u1ec7p<\/span><\/td>\n<td style=\"text-align: center;\" width=\"160\"><span style=\"color: #000000;\">D\u1ef1 \u00e1n t\u01b0 v\u1ea5n, h\u1ed7 tr\u1ee3 doanh nghi\u1ec7p<\/span><\/td>\n<td style=\"text-align: center;\" width=\"160\"><span style=\"color: #000000;\">D\u1ef1 \u00e1n truy\u1ec1n th\u00f4ng Online<\/span><\/td>\n<td width=\"160\">\n<p style=\"text-align: center;\"><span style=\"color: #000000;\">C\u00f9ng nhi\u1ec1u d\u1ef1 \u00e1n l\u1edbn nh\u1edf trong v\u00e0 ngo\u00e0i n\u01b0\u1edbc<\/span><\/p>\n<\/td>\n<\/tr>\n<\/tbody>\n<\/table>\n<p style=\"text-align: left;\"><strong>3. \u00a0 \u0110\u1ed9i ng\u0169 c\u1ee7a ch\u00fang t\u00f4i<\/strong><\/p>\n<p style=\"text-align: left;\">\u0110\u1ed9i ng\u0169 gi\u00e0u kinh nghi\u1ec7m v\u00e0 nhi\u1ec7t huy\u1ebft, am hi\u1ec3u C\u00f4ng vi\u1ec7c kinh doanh v\u00e0 t\u01b0 v\u1ea5n t\u1eadn t\u00ecnh. Ch\u00fang t\u00f4i x\u00e2y d\u1ef1ng \u0111\u1ec3 t\u1ea1o n\u00ean m\u1ed9t m\u00f4i tr\u01b0\u1eddng l\u00e0m vi\u1ec7c c\u00f3 th\u1ec3 th\u1ed5i b\u00f9ng ng\u1ecdn l\u1eeda s\u00e1ng t\u1ea1o trong m\u1ed7i th\u00e0nh vi\u00ean v\u00e0 h\u1ed7 tr\u1ee3 nhau mang l\u1ea1i hi\u1ec7u qu\u1ea3 C\u00f4ng vi\u1ec7c v\u1edbi tr\u00e1ch nhi\u1ec7m cao nh\u1ea5t, lu\u00f4n l\u1ea5y s\u1ef1 th\u00e0nh c\u00f4ng c\u1ee7a kh\u00e1ch h\u00e0ng l\u00e0m th\u01b0\u1edbc \u0111o c\u00f4ng vi\u1ec7c<\/p>\n<p style=\"text-align: center;\"><a href=\"https:\/\/innocom.vn\/wp-content\/uploads\/2014\/01\/cats1.jpg\"><img loading=\"lazy\" decoding=\"async\" class=\"aligncenter wp-image-13551\" src=\"https:\/\/innocom.vn\/wp-content\/uploads\/2014\/01\/cats1.jpg\" alt=\"cats\" width=\"400\" height=\"354\" srcset=\"https:\/\/innocom.vn\/wp-content\/uploads\/2014\/01\/cats1.jpg 666w, https:\/\/innocom.vn\/wp-content\/uploads\/2014\/01\/cats1-300x265.jpg 300w\" sizes=\"auto, (max-width: 400px) 100vw, 400px\" \/><\/a><\/p>\n<p style=\"text-align: left;\"><strong>\u00a0 \u00a04. \u00a0 \u00a0Kh\u00e1ch h\u00e0ng nh\u1eadn x\u00e9t v\u1ec1 ch\u00fang t\u00f4i<\/strong><\/p>\n<p style=\"text-align: left;\"><img loading=\"lazy\" decoding=\"async\" class=\"size-full wp-image-13553\" src=\"https:\/\/innocom.vn\/wp-content\/uploads\/2014\/01\/1.jpg\" alt=\"1\" width=\"156\" height=\"156\" srcset=\"https:\/\/innocom.vn\/wp-content\/uploads\/2014\/01\/1.jpg 156w, https:\/\/innocom.vn\/wp-content\/uploads\/2014\/01\/1-150x150.jpg 150w\" sizes=\"auto, (max-width: 156px) 100vw, 156px\" \/><\/p>\n<p style=\"text-align: left;\">\u201c&#8230;I will keep playing and send you something if I see it. I really do like this site though, you\u2019ve done a wonderful job, this looks way better than 99.99 % of the Vn websites out there.\u201d (From Mr. John&#8217;s email)<\/p>\n<p style=\"text-align: left;\"><span style=\"color: #3366ff;\"><strong>Mr. John D. Brown \u2013 CEO <\/strong><\/span><\/p>\n<p style=\"text-align: left;\"><span style=\"color: #3366ff;\"><strong>C\u00f4ng ty t\u01b0 v\u1ea5n, thi\u1ebft k\u1ebf Brown v\u00e0 C\u1ed9ng s\u1ef1 (BAA) &#8211; baa.com.vn<\/strong><\/span><\/p>\n<p style=\"text-align: left;\"><a href=\"https:\/\/innocom.vn\/wp-content\/uploads\/2014\/01\/2.jpg\"><img loading=\"lazy\" decoding=\"async\" class=\"alignnone  wp-image-13554\" src=\"https:\/\/innocom.vn\/wp-content\/uploads\/2014\/01\/2.jpg\" alt=\"2\" width=\"159\" height=\"158\" srcset=\"https:\/\/innocom.vn\/wp-content\/uploads\/2014\/01\/2.jpg 259w, https:\/\/innocom.vn\/wp-content\/uploads\/2014\/01\/2-150x150.jpg 150w\" sizes=\"auto, (max-width: 159px) 100vw, 159px\" \/><\/a><\/p>\n<p style=\"text-align: left;\">\u201cI hired Hiep to work with me on consulting project for BAA. He went through 3 rigorous selection rounds and was selected as the Designer for my website project. Hiep has the latest knowledge about web design technology and search engine optimisation that a lots of web designer in Vietnam overlooked or simply don\u2019t have. Hiep is also very enthusiatic and cooperative individual when working with me. I would recommend his services to any company.\u201d<\/p>\n<p style=\"text-align: left;\"><span style=\"color: #3366ff;\"><strong>Ms. Truong Thanh Huyen- Bussiness consultant<\/strong><\/span><\/p>\n<p style=\"text-align: left;\"><span style=\"color: #3366ff;\"><strong>C\u00f4ng ty Result Driven SEO &#8211; Australia &#8211; resultdrivenseo.com.au<\/strong><\/span><\/p>\n<p style=\"text-align: left;\"><strong><img loading=\"lazy\" decoding=\"async\" class=\"alignnone  wp-image-13555\" src=\"https:\/\/innocom.vn\/wp-content\/uploads\/2014\/01\/3.jpg\" alt=\"3\" width=\"159\" height=\"158\" srcset=\"https:\/\/innocom.vn\/wp-content\/uploads\/2014\/01\/3.jpg 259w, https:\/\/innocom.vn\/wp-content\/uploads\/2014\/01\/3-150x150.jpg 150w\" sizes=\"auto, (max-width: 159px) 100vw, 159px\" \/><\/strong><\/p>\n<p style=\"text-align: left;\">\u00a0\u201cIt is such a smart and diligent person that I have ever met. He (refers to Hiep) has broad understanding in SEO and E-marketing tools. Using his great curiosity of knowledge into work, he made me surprised from times to times about his new ideas and technical skills. However, the more achievements he got, the more humble he is. Working with him will always be efficient and effective.\u201d<\/p>\n<p style=\"text-align: left;\"><span style=\"color: #3366ff;\"><strong>Ms. Trang Van- Business Development manager<\/strong><\/span><\/p>\n<p style=\"text-align: left;\"><span style=\"color: #3366ff;\"><strong>Trung t\u00e2m Ti\u1ebfng Anh Infocus &#8211; infocus.edu.vn<\/strong><\/span><\/p>\n<p style=\"text-align: left;\"><a href=\"https:\/\/innocom.vn\/wp-content\/uploads\/2014\/01\/TranVanSon.jpg\"><img loading=\"lazy\" decoding=\"async\" class=\"alignnone  wp-image-13564\" src=\"https:\/\/innocom.vn\/wp-content\/uploads\/2014\/01\/TranVanSon.jpg\" alt=\"TranVanSon\" width=\"161\" height=\"161\" srcset=\"https:\/\/innocom.vn\/wp-content\/uploads\/2014\/01\/TranVanSon.jpg 400w, https:\/\/innocom.vn\/wp-content\/uploads\/2014\/01\/TranVanSon-150x150.jpg 150w, https:\/\/innocom.vn\/wp-content\/uploads\/2014\/01\/TranVanSon-300x300.jpg 300w\" sizes=\"auto, (max-width: 161px) 100vw, 161px\" \/><\/a><\/p>\n<p style=\"text-align: left;\">&#8220;D\u1ecbch v\u1ee5 \u0111\u00e0o t\u1ea1o v\u1ec1 k\u1ef9 n\u0103ng b\u00e1n h\u00e0ng v\u00e0 thi\u1ebft l\u1eadp k\u00eanh ph\u1ea5p ph\u1ed1i c\u1ee7a c\u00f4ng ty Innocom \u0111\u00e3 gi\u00fap \u0111\u1ed9i ng\u0169 nh\u00e2n vi\u00ean b\u00e1n h\u00e0ng c\u1ee7a ch\u00fang t\u00f4i tri\u1ec3n khai c\u00f4ng vi\u1ec7c m\u1ed9t c\u00e1ch chuy\u00ean nghi\u1ec7p v\u00e0 hi\u1ec7u qu\u1ea3. ph\u00e1t huy t\u1ed1i \u0111a n\u0103ng l\u1ef1c c\u1ee7a t\u1eebng nh\u00e2n vi\u00ean. T\u00f4i ch\u1eafc ch\u1eafn s\u1ebd s\u1eed d\u1ee5ng c\u00e1c d\u1ecbch v\u1ee5 t\u01b0 v\u1ea5n c\u1ee7a Innocom trong chi\u1ebfn l\u01b0\u1ee3c ph\u00e1t tri\u1ec3n d\u00e0i h\u1ea1n c\u1ee7a Ni\u1ec1m Tin Vi\u1ec7t&#8221;<\/p>\n<p style=\"text-align: left;\"><span style=\"color: #3366ff;\"><strong>Mr. Tr\u1ea7n V\u0103n S\u01a1n- Ch\u1ee7 t\u1ecbch H\u1ed9i \u0111\u1ed3ng qu\u1ea3n tr\u1ecb ki\u00eam T\u1ed5ng Gi\u00e1m \u0111\u1ed1c <\/strong><\/span><\/p>\n<p style=\"text-align: left;\"><span style=\"color: #3366ff;\"><strong>C\u00f4ng ty C\u1ed5 ph\u1ea7n \u0111\u1ea7u t\u01b0 v\u00e0 Ph\u00e1t tri\u1ec3n c\u00f4ng ngh\u1ec7 Ni\u1ec1m Tin Vi\u1ec7t\u00a0<\/strong><\/span><\/p>\n\t\t<\/div>\n\t\t\t\t\t<\/div>\n\n\t\n<\/div>\n\t\t<\/div>\n\n\t\t\n<style>\n#section_326495465 {\n  padding-top: 30px;\n  padding-bottom: 30px;\n}\n#section_326495465 .ux-shape-divider--top svg {\n  height: 150px;\n  --divider-top-width: 100%;\n}\n#section_326495465 .ux-shape-divider--bottom svg {\n  height: 150px;\n  --divider-width: 100%;\n}\n<\/style>\n\t<\/section>\n\t\n","protected":false},"excerpt":{"rendered":"","protected":false},"author":4,"featured_media":0,"parent":35004,"menu_order":3,"comment_status":"closed","ping_status":"closed","template":"","meta":{"footnotes":""},"class_list":["post-13636","page","type-page","status-publish","hentry"],"yoast_head":"<!-- This site is optimized with the Yoast SEO Premium plugin v24.5 (Yoast SEO v26.1.1) - https:\/\/yoast.com\/wordpress\/plugins\/seo\/ -->\n<title>Why choose Innocom? - C\u00f4ng ty C\u00f4ng ngh\u1ec7 v\u00e0 T\u01b0 v\u1ea5n Doanh nghi\u1ec7p INNOCOM<\/title>\n<meta name=\"description\" content=\"\u2013 C\u00f4ng ty C\u00f4ng ngh\u1ec7 v\u00e0 T\u01b0 v\u1ea5n Doanh nghi\u1ec7p INNOCOM\" \/>\n<meta name=\"robots\" content=\"index, follow, max-snippet:-1, max-image-preview:large, max-video-preview:-1\" \/>\n<link rel=\"canonical\" href=\"https:\/\/innocom.vn\/en\/about\/why-choose-innocom\/\" \/>\n<meta property=\"og:locale\" content=\"en_US\" \/>\n<meta property=\"og:type\" content=\"article\" \/>\n<meta property=\"og:title\" content=\"Why choose Innocom?\" \/>\n<meta property=\"og:description\" content=\"\u2013 C\u00f4ng ty C\u00f4ng ngh\u1ec7 v\u00e0 T\u01b0 v\u1ea5n Doanh nghi\u1ec7p INNOCOM\" \/>\n<meta property=\"og:url\" content=\"https:\/\/innocom.vn\/en\/about\/why-choose-innocom\/\" \/>\n<meta property=\"og:site_name\" content=\"C\u00f4ng ty C\u00f4ng ngh\u1ec7 v\u00e0 T\u01b0 v\u1ea5n Doanh nghi\u1ec7p INNOCOM\" \/>\n<meta property=\"article:modified_time\" content=\"2024-11-02T03:19:58+00:00\" \/>\n<meta property=\"og:image\" content=\"https:\/\/innocom.vn\/wp-content\/uploads\/2014\/01\/cats1.jpg\" \/>\n\t<meta property=\"og:image:width\" content=\"666\" \/>\n\t<meta property=\"og:image:height\" content=\"590\" \/>\n\t<meta property=\"og:image:type\" content=\"image\/jpeg\" \/>\n<meta name=\"twitter:label1\" content=\"Est. reading time\" \/>\n\t<meta name=\"twitter:data1\" content=\"3 minutes\" \/>\n<script type=\"application\/ld+json\" class=\"yoast-schema-graph\">{\"@context\":\"https:\/\/schema.org\",\"@graph\":[{\"@type\":\"WebPage\",\"@id\":\"https:\/\/innocom.vn\/en\/about\/why-choose-innocom\/\",\"url\":\"https:\/\/innocom.vn\/en\/about\/why-choose-innocom\/\",\"name\":\"Why choose Innocom? - C\u00f4ng ty C\u00f4ng ngh\u1ec7 v\u00e0 T\u01b0 v\u1ea5n Doanh nghi\u1ec7p INNOCOM\",\"isPartOf\":{\"@id\":\"https:\/\/innocom.vn\/#website\"},\"primaryImageOfPage\":{\"@id\":\"https:\/\/innocom.vn\/en\/about\/why-choose-innocom\/#primaryimage\"},\"image\":{\"@id\":\"https:\/\/innocom.vn\/en\/about\/why-choose-innocom\/#primaryimage\"},\"thumbnailUrl\":\"https:\/\/innocom.vn\/wp-content\/uploads\/2014\/01\/cats1.jpg\",\"datePublished\":\"2016-01-08T10:17:54+00:00\",\"dateModified\":\"2024-11-02T03:19:58+00:00\",\"description\":\"\u2013 C\u00f4ng ty C\u00f4ng ngh\u1ec7 v\u00e0 T\u01b0 v\u1ea5n Doanh nghi\u1ec7p INNOCOM\",\"breadcrumb\":{\"@id\":\"https:\/\/innocom.vn\/en\/about\/why-choose-innocom\/#breadcrumb\"},\"inLanguage\":\"en-US\",\"potentialAction\":[{\"@type\":\"ReadAction\",\"target\":[\"https:\/\/innocom.vn\/en\/about\/why-choose-innocom\/\"]}]},{\"@type\":\"ImageObject\",\"inLanguage\":\"en-US\",\"@id\":\"https:\/\/innocom.vn\/en\/about\/why-choose-innocom\/#primaryimage\",\"url\":\"https:\/\/innocom.vn\/wp-content\/uploads\/2014\/01\/cats1.jpg\",\"contentUrl\":\"https:\/\/innocom.vn\/wp-content\/uploads\/2014\/01\/cats1.jpg\"},{\"@type\":\"BreadcrumbList\",\"@id\":\"https:\/\/innocom.vn\/en\/about\/why-choose-innocom\/#breadcrumb\",\"itemListElement\":[{\"@type\":\"ListItem\",\"position\":1,\"name\":\"Home\",\"item\":\"https:\/\/innocom.vn\/en\/\"},{\"@type\":\"ListItem\",\"position\":2,\"name\":\"About us\",\"item\":\"https:\/\/innocom.vn\/en\/about\/\"},{\"@type\":\"ListItem\",\"position\":3,\"name\":\"Why choose Innocom?\"}]},{\"@type\":\"WebSite\",\"@id\":\"https:\/\/innocom.vn\/#website\",\"url\":\"https:\/\/innocom.vn\/\",\"name\":\"C\u00f4ng ty C\u00f4ng ngh\u1ec7 v\u00e0 T\u01b0 v\u1ea5n Doanh nghi\u1ec7p INNOCOM\",\"description\":\"\",\"publisher\":{\"@id\":\"https:\/\/innocom.vn\/#organization\"},\"potentialAction\":[{\"@type\":\"SearchAction\",\"target\":{\"@type\":\"EntryPoint\",\"urlTemplate\":\"https:\/\/innocom.vn\/?s={search_term_string}\"},\"query-input\":{\"@type\":\"PropertyValueSpecification\",\"valueRequired\":true,\"valueName\":\"search_term_string\"}}],\"inLanguage\":\"en-US\"},{\"@type\":\"Organization\",\"@id\":\"https:\/\/innocom.vn\/#organization\",\"name\":\"Innocom\",\"url\":\"https:\/\/innocom.vn\/\",\"logo\":{\"@type\":\"ImageObject\",\"inLanguage\":\"en-US\",\"@id\":\"https:\/\/innocom.vn\/#\/schema\/logo\/image\/\",\"url\":\"https:\/\/innocom.vn\/wp-content\/uploads\/2016\/01\/innocom-logo.png\",\"contentUrl\":\"https:\/\/innocom.vn\/wp-content\/uploads\/2016\/01\/innocom-logo.png\",\"width\":2048,\"height\":2046,\"caption\":\"Innocom\"},\"image\":{\"@id\":\"https:\/\/innocom.vn\/#\/schema\/logo\/image\/\"}}]}<\/script>\n<!-- \/ Yoast SEO Premium plugin. -->","yoast_head_json":{"title":"Why choose Innocom? - C\u00f4ng ty C\u00f4ng ngh\u1ec7 v\u00e0 T\u01b0 v\u1ea5n Doanh nghi\u1ec7p INNOCOM","description":"\u2013 C\u00f4ng ty C\u00f4ng ngh\u1ec7 v\u00e0 T\u01b0 v\u1ea5n Doanh nghi\u1ec7p INNOCOM","robots":{"index":"index","follow":"follow","max-snippet":"max-snippet:-1","max-image-preview":"max-image-preview:large","max-video-preview":"max-video-preview:-1"},"canonical":"https:\/\/innocom.vn\/en\/about\/why-choose-innocom\/","og_locale":"en_US","og_type":"article","og_title":"Why choose Innocom?","og_description":"\u2013 C\u00f4ng ty C\u00f4ng ngh\u1ec7 v\u00e0 T\u01b0 v\u1ea5n Doanh nghi\u1ec7p INNOCOM","og_url":"https:\/\/innocom.vn\/en\/about\/why-choose-innocom\/","og_site_name":"C\u00f4ng ty C\u00f4ng ngh\u1ec7 v\u00e0 T\u01b0 v\u1ea5n Doanh nghi\u1ec7p INNOCOM","article_modified_time":"2024-11-02T03:19:58+00:00","og_image":[{"width":666,"height":590,"url":"https:\/\/innocom.vn\/wp-content\/uploads\/2014\/01\/cats1.jpg","type":"image\/jpeg"}],"twitter_misc":{"Est. reading time":"3 minutes"},"schema":{"@context":"https:\/\/schema.org","@graph":[{"@type":"WebPage","@id":"https:\/\/innocom.vn\/en\/about\/why-choose-innocom\/","url":"https:\/\/innocom.vn\/en\/about\/why-choose-innocom\/","name":"Why choose Innocom? - C\u00f4ng ty C\u00f4ng ngh\u1ec7 v\u00e0 T\u01b0 v\u1ea5n Doanh nghi\u1ec7p INNOCOM","isPartOf":{"@id":"https:\/\/innocom.vn\/#website"},"primaryImageOfPage":{"@id":"https:\/\/innocom.vn\/en\/about\/why-choose-innocom\/#primaryimage"},"image":{"@id":"https:\/\/innocom.vn\/en\/about\/why-choose-innocom\/#primaryimage"},"thumbnailUrl":"https:\/\/innocom.vn\/wp-content\/uploads\/2014\/01\/cats1.jpg","datePublished":"2016-01-08T10:17:54+00:00","dateModified":"2024-11-02T03:19:58+00:00","description":"\u2013 C\u00f4ng ty C\u00f4ng ngh\u1ec7 v\u00e0 T\u01b0 v\u1ea5n Doanh nghi\u1ec7p INNOCOM","breadcrumb":{"@id":"https:\/\/innocom.vn\/en\/about\/why-choose-innocom\/#breadcrumb"},"inLanguage":"en-US","potentialAction":[{"@type":"ReadAction","target":["https:\/\/innocom.vn\/en\/about\/why-choose-innocom\/"]}]},{"@type":"ImageObject","inLanguage":"en-US","@id":"https:\/\/innocom.vn\/en\/about\/why-choose-innocom\/#primaryimage","url":"https:\/\/innocom.vn\/wp-content\/uploads\/2014\/01\/cats1.jpg","contentUrl":"https:\/\/innocom.vn\/wp-content\/uploads\/2014\/01\/cats1.jpg"},{"@type":"BreadcrumbList","@id":"https:\/\/innocom.vn\/en\/about\/why-choose-innocom\/#breadcrumb","itemListElement":[{"@type":"ListItem","position":1,"name":"Home","item":"https:\/\/innocom.vn\/en\/"},{"@type":"ListItem","position":2,"name":"About us","item":"https:\/\/innocom.vn\/en\/about\/"},{"@type":"ListItem","position":3,"name":"Why choose Innocom?"}]},{"@type":"WebSite","@id":"https:\/\/innocom.vn\/#website","url":"https:\/\/innocom.vn\/","name":"C\u00f4ng ty C\u00f4ng ngh\u1ec7 v\u00e0 T\u01b0 v\u1ea5n Doanh nghi\u1ec7p INNOCOM","description":"","publisher":{"@id":"https:\/\/innocom.vn\/#organization"},"potentialAction":[{"@type":"SearchAction","target":{"@type":"EntryPoint","urlTemplate":"https:\/\/innocom.vn\/?s={search_term_string}"},"query-input":{"@type":"PropertyValueSpecification","valueRequired":true,"valueName":"search_term_string"}}],"inLanguage":"en-US"},{"@type":"Organization","@id":"https:\/\/innocom.vn\/#organization","name":"Innocom","url":"https:\/\/innocom.vn\/","logo":{"@type":"ImageObject","inLanguage":"en-US","@id":"https:\/\/innocom.vn\/#\/schema\/logo\/image\/","url":"https:\/\/innocom.vn\/wp-content\/uploads\/2016\/01\/innocom-logo.png","contentUrl":"https:\/\/innocom.vn\/wp-content\/uploads\/2016\/01\/innocom-logo.png","width":2048,"height":2046,"caption":"Innocom"},"image":{"@id":"https:\/\/innocom.vn\/#\/schema\/logo\/image\/"}}]}},"_links":{"self":[{"href":"https:\/\/innocom.vn\/en\/wp-json\/wp\/v2\/pages\/13636","targetHints":{"allow":["GET"]}}],"collection":[{"href":"https:\/\/innocom.vn\/en\/wp-json\/wp\/v2\/pages"}],"about":[{"href":"https:\/\/innocom.vn\/en\/wp-json\/wp\/v2\/types\/page"}],"author":[{"embeddable":true,"href":"https:\/\/innocom.vn\/en\/wp-json\/wp\/v2\/users\/4"}],"replies":[{"embeddable":true,"href":"https:\/\/innocom.vn\/en\/wp-json\/wp\/v2\/comments?post=13636"}],"version-history":[{"count":0,"href":"https:\/\/innocom.vn\/en\/wp-json\/wp\/v2\/pages\/13636\/revisions"}],"up":[{"embeddable":true,"href":"https:\/\/innocom.vn\/en\/wp-json\/wp\/v2\/pages\/35004"}],"wp:attachment":[{"href":"https:\/\/innocom.vn\/en\/wp-json\/wp\/v2\/media?parent=13636"}],"curies":[{"name":"wp","href":"https:\/\/api.w.org\/{rel}","templated":true}]}}