{"id":13625,"date":"2016-01-08T16:56:29","date_gmt":"2016-01-08T09:56:29","guid":{"rendered":"https:\/\/innocom.vn\/?page_id=13625"},"modified":"2016-01-08T16:56:29","modified_gmt":"2016-01-08T09:56:29","slug":"facebook-ads","status":"publish","type":"page","link":"https:\/\/innocom.vn\/en\/marketing-online\/facebook-ads\/","title":{"rendered":"Facebook Ads"},"content":{"rendered":"<div id=\"content-single\">\n<div id=\"post-4\" class=\"post\">\n<div class=\"entry\">\n<h2 style=\"color: #00609a;\"><strong>B\u1ea3ng gi\u00e1\u00a0Qu\u1ea3ng c\u00e1o Facebook<\/strong><\/h2>\n<div>\n<h3 style=\"color: #00609a;\">1. Gi\u00e1 qu\u1ea3ng c\u00e1o Facebook d\u1ea1ng hi\u1ec3n th\u1ecb CPM<\/h3>\n<table border=\"1\" cellspacing=\"1\" cellpadding=\"3\">\n<tbody>\n<tr>\n<td align=\"center\" bgcolor=\"#f5f5ff\" width=\"25%\"><strong>G\u00f3i d\u1ecbch v\u1ee5<\/strong><\/td>\n<td align=\"center\" bgcolor=\"#f5f5ff\" width=\"15%\"><strong>G\u00f3i 1<\/strong><\/td>\n<td align=\"center\" bgcolor=\"#f5f5ff\" width=\"15%\"><strong>G\u00f3i 2<\/strong><\/td>\n<td align=\"center\" bgcolor=\"#f5f5ff\" width=\"15%\"><strong>G\u00f3i 3<\/strong><\/td>\n<td align=\"center\" bgcolor=\"#f5f5ff\" width=\"15%\"><strong>G\u00f3i 4<\/strong><\/td>\n<td align=\"center\" bgcolor=\"#f5f5ff\" width=\"15%\"><strong>G\u00f3i 5<\/strong><\/td>\n<\/tr>\n<tr>\n<td>S\u1ed1 l\u01b0\u1ee3ng hi\u1ec3n th\u1ecb<\/td>\n<td>\n<p align=\"center\">1.000.000<\/p>\n<\/td>\n<td>\n<p align=\"center\">2.000.000<\/p>\n<\/td>\n<td>\n<p align=\"center\">5.000.000<\/p>\n<\/td>\n<td>\n<p align=\"center\">10.000.000<\/p>\n<\/td>\n<td>\n<p align=\"center\">20.000.000<\/p>\n<\/td>\n<\/tr>\n<tr>\n<td>Gi\u00e1\/hi\u1ec3n th\u1ecb (\u0111)<\/td>\n<td>\n<p align=\"center\">5<\/p>\n<\/td>\n<td>\n<p align=\"center\">5<\/p>\n<\/td>\n<td>\n<p align=\"center\">5<\/p>\n<\/td>\n<td>\n<p align=\"center\">5<\/p>\n<\/td>\n<td>\n<p align=\"center\">5<\/p>\n<\/td>\n<\/tr>\n<tr>\n<td>G\u1eedi b\u00e1o c\u00e1o<\/td>\n<td>\n<p align=\"center\">H\u00e0ng tu\u1ea7n<\/p>\n<\/td>\n<td>\n<p align=\"center\">H\u00e0ng tu\u1ea7n<\/p>\n<\/td>\n<td>\n<p align=\"center\">H\u00e0ng tu\u1ea7n<\/p>\n<\/td>\n<td>\n<p align=\"center\">H\u00e0ng tu\u1ea7n<\/p>\n<\/td>\n<td>\n<p align=\"center\">H\u00e0ng tu\u1ea7n<\/p>\n<\/td>\n<\/tr>\n<tr>\n<td><strong>Chi ph\u00ed (\u0111)<\/strong><\/td>\n<td>\n<p align=\"center\"><strong>5.000.000<\/strong><\/p>\n<\/td>\n<td>\n<p align=\"center\"><strong>10.000.000<\/strong><\/p>\n<\/td>\n<td>\n<p align=\"center\"><strong>25.000.000<\/strong><\/p>\n<\/td>\n<td>\n<p align=\"center\"><strong>50.000.000<\/strong><\/p>\n<\/td>\n<td>\n<p align=\"center\"><strong>100.000.000<\/strong><\/p>\n<\/td>\n<\/tr>\n<\/tbody>\n<\/table>\n<h3 style=\"color: #00609a;\">2. B\u1ea3ng Gi\u00e1 qu\u1ea3ng c\u00e1o Facebook theo Click \u2013 CPC<\/h3>\n<table border=\"1\" cellspacing=\"1\" cellpadding=\"3\">\n<tbody>\n<tr>\n<td align=\"center\" bgcolor=\"#f5f5ff\" width=\"25%\"><strong>G\u00f3i d\u1ecbch v\u1ee5<\/strong><\/td>\n<td align=\"center\" bgcolor=\"#f5f5ff\" width=\"15%\"><strong>G\u00f3i 1<\/strong><\/td>\n<td align=\"center\" bgcolor=\"#f5f5ff\" width=\"15%\"><strong>G\u00f3i 2<\/strong><\/td>\n<td align=\"center\" bgcolor=\"#f5f5ff\" width=\"15%\"><strong>G\u00f3i 3<\/strong><\/td>\n<td align=\"center\" bgcolor=\"#f5f5ff\" width=\"15%\"><strong>G\u00f3i 4<\/strong><\/td>\n<td align=\"center\" bgcolor=\"#f5f5ff\" width=\"15%\"><strong>G\u00f3i 5<\/strong><\/td>\n<\/tr>\n<tr>\n<td>S\u1ed1 l\u01b0\u1ee3ng click<\/td>\n<td>\n<p align=\"center\">1.000<\/p>\n<\/td>\n<td>\n<p align=\"center\">2.000<\/p>\n<\/td>\n<td>\n<p align=\"center\">5.000<\/p>\n<\/td>\n<td>\n<p align=\"center\">10.000<\/p>\n<\/td>\n<td>\n<p align=\"center\">20.000<\/p>\n<\/td>\n<\/tr>\n<tr>\n<td>Gi\u00e1\/click\u00a0(\u0111)<\/td>\n<td>\n<p align=\"center\">4.500<\/p>\n<\/td>\n<td>\n<p align=\"center\">4.500<\/p>\n<\/td>\n<td>\n<p align=\"center\">4.500<\/p>\n<\/td>\n<td>\n<p align=\"center\">4.500<\/p>\n<\/td>\n<td>\n<p align=\"center\">4.500<\/p>\n<\/td>\n<\/tr>\n<tr>\n<td>G\u1eedi b\u00e1o c\u00e1o<\/td>\n<td>\n<p align=\"center\">H\u00e0ng tu\u1ea7n<\/p>\n<\/td>\n<td>\n<p align=\"center\">H\u00e0ng tu\u1ea7n<\/p>\n<\/td>\n<td>\n<p align=\"center\">H\u00e0ng tu\u1ea7n<\/p>\n<\/td>\n<td>\n<p align=\"center\">H\u00e0ng tu\u1ea7n<\/p>\n<\/td>\n<td>\n<p align=\"center\">H\u00e0ng tu\u1ea7n<\/p>\n<\/td>\n<\/tr>\n<tr>\n<td><strong>Chi ph\u00ed\u00a0(\u0111)<\/strong><\/td>\n<td>\n<p align=\"center\"><strong>4.500.000<\/strong><\/p>\n<\/td>\n<td>\n<p align=\"center\"><strong>9.000.000<\/strong><\/p>\n<\/td>\n<td>\n<p align=\"center\"><strong>22.500.000<\/strong><\/p>\n<\/td>\n<td>\n<p align=\"center\"><strong>45.000.000<\/strong><\/p>\n<\/td>\n<td>\n<p align=\"center\"><strong>90.000.000<\/strong><\/p>\n<\/td>\n<\/tr>\n<\/tbody>\n<\/table>\n<p><strong>Ch\u00fa th\u00edch:<\/strong><\/p>\n<ul>\n<li>N\u1ebfu s\u1ed1 l\u01b0\u1ee3ng hi\u1ec3n th\u1ecb ho\u1eb7c s\u1ed1 l\u01b0\u1ee3ng\u00a0click th\u00e1ng ch\u01b0a h\u1ebft, s\u1ebd \u0111\u01b0\u1ee3c c\u1ed9ng d\u1ed3n v\u00e0o th\u00e1ng ti\u1ebfp theo.<\/li>\n<li>Qu\u1ea3ng c\u00e1o xu\u1ea5t hi\u1ec7n ng\u1eabu nhi\u00ean \u1edf b\u00ean ph\u1ea3i v\u1ecb tr\u00ed\u00a0\u0111\u01b0\u1ee3c t\u00e0i tr\u1ee3 tr\u00ean Facebook.<\/li>\n<\/ul>\n<p><strong>Gi\u1ea3i th\u00edch c\u00e1c th\u00f4ng tin \u0111i k\u00e8m\u00a0<\/strong><\/p>\n<p>*\u00a0<em>Ngo\u00e0i c\u00e1ch qu\u1ea3ng c\u00e1o b\u1eb1ng banner, Facebook Ads c\u00f2n cho ph\u00e9p kh\u00e1ch h\u00e0ng t\u1ea1o trang c\u00e1 nh\u00e2n tr\u00ean m\u1ea1ng x\u00e3 h\u1ed9i c\u1ee7a m\u00ecnh. Ng\u01b0\u1eddi s\u1eed d\u1ee5ng s\u1ebd \u0111\u01b0\u1ee3c li\u00ean k\u1ebft v\u00e0 th\u01b0\u1eddng xuy\u00ean c\u1eadp nh\u1eadt th\u00f4ng tin v\u1ec1 h\u00e3ng n\u1ebfu h\u1ecd tr\u1edf th\u00e0nh \u201cng\u01b0\u1eddi h\u00e2m m\u1ed9\u201d (Fan). V\u1edbi c\u00e1ch l\u00e0m \u0111\u00f3, Starbucks \u0111\u00e3 thu h\u00fat \u0111\u01b0\u1ee3c 3,7 tri\u1ec7u fan trong khi con s\u1ed1 c\u1ee7a Coca-Cola l\u00e0 3,5 tri\u1ec7u. M\u1ed7i khi c\u00f3 1 th\u00f4ng tin m\u1edbi tr\u00ean trang c\u1ee7a b\u1ea1n, n\u00f3 s\u1ebd c\u1eadp nh\u1eadt l\u00ean wall c\u1ee7a Fan v\u00e0 gi\u00e1n ti\u1ebfp qu\u1ea3ng c\u00e1o s\u1ef1 ki\u1ec7n c\u1ee7a b\u1ea1n t\u1edbi h\u00e0ng tr\u0103m ngh\u00ecn th\u1eadm ch\u00ed tri\u1ec7u ng\u01b0\u1eddi kh\u00e1c. T\u00ednh lan truy\u1ec1n c\u1ee7a Qu\u1ea3ng c\u00e1o r\u1ea5t cao.<\/em><\/p>\n<p><strong>Ph\u00e2n lo\u1ea1i qu\u1ea3ng c\u00e1o theo \u0111\u1ed9 tu\u1ed5i, gi\u1edbi t\u00ednh,\u2026.<\/strong><\/p>\n<p><img loading=\"lazy\" decoding=\"async\" class=\"alignnone size-full wp-image-99\" title=\"quang-cao-facebook\" src=\"http:\/\/facebookads.com.vn\/wp-content\/uploads\/2012\/06\/quang-cao-facebook.png\" alt=\"qu\u1ea3ng c\u00e1o facebook\" width=\"430\" height=\"488\" \/><\/p>\n<p><strong>V\u1ecb tr\u00ed xu\u1ea5t hi\u1ec7n c\u1ee7a qu\u1ea3ng c\u00e1o tr\u00ean Facebook:<\/strong><\/p>\n<p><img loading=\"lazy\" decoding=\"async\" title=\"quang-cao-Facebook2\" src=\"http:\/\/facebookads.com.vn\/wp-content\/uploads\/2012\/06\/quang-cao-Facebook2.png\" alt=\"\" width=\"692\" height=\"435\" \/><\/p>\n<p><img loading=\"lazy\" decoding=\"async\" title=\"quang_cao_Facebook3\" src=\"http:\/\/facebookads.com.vn\/wp-content\/uploads\/2012\/06\/quang_cao_Facebook3.png\" alt=\"\" width=\"700\" height=\"338\" \/><\/p>\n<\/div>\n<\/div>\n<\/div>\n<\/div>\n<div id=\"sidebar\"><\/div>\n","protected":false},"excerpt":{"rendered":"<p>B\u1ea3ng gi\u00e1\u00a0Qu\u1ea3ng c\u00e1o Facebook 1. Gi\u00e1 qu\u1ea3ng c\u00e1o Facebook d\u1ea1ng hi\u1ec3n th\u1ecb CPM G\u00f3i d\u1ecbch v\u1ee5 G\u00f3i 1 G\u00f3i 2 G\u00f3i 3 G\u00f3i 4 G\u00f3i 5 S\u1ed1 l\u01b0\u1ee3ng hi\u1ec3n th\u1ecb 1.000.000 2.000.000 5.000.000 10.000.000 20.000.000 Gi\u00e1\/hi\u1ec3n th\u1ecb (\u0111) 5 5 5 5 5 G\u1eedi b\u00e1o c\u00e1o H\u00e0ng tu\u1ea7n H\u00e0ng tu\u1ea7n H\u00e0ng tu\u1ea7n H\u00e0ng tu\u1ea7n H\u00e0ng [&#8230;]\n","protected":false},"author":4,"featured_media":0,"parent":13654,"menu_order":0,"comment_status":"closed","ping_status":"closed","template":"","meta":{"footnotes":""},"class_list":["post-13625","page","type-page","status-publish","hentry"],"yoast_head":"<!-- This site is optimized with the Yoast SEO Premium plugin v24.5 (Yoast SEO v26.1.1) - https:\/\/yoast.com\/wordpress\/plugins\/seo\/ -->\n<title>Facebook Ads - C\u00f4ng ty C\u00f4ng ngh\u1ec7 v\u00e0 T\u01b0 v\u1ea5n Doanh nghi\u1ec7p INNOCOM<\/title>\n<meta name=\"description\" content=\"B\u1ea3ng gi\u00e1\u00a0Qu\u1ea3ng c\u00e1o Facebook 1. Gi\u00e1 qu\u1ea3ng c\u00e1o Facebook d\u1ea1ng hi\u1ec3n th\u1ecb CPM G\u00f3i d\u1ecbch v\u1ee5 G\u00f3i 1 G\u00f3i 2 G\u00f3i 3 G\u00f3i 4 G\u00f3i 5 S\u1ed1 l\u01b0\u1ee3ng hi\u1ec3n th\u1ecb 1.000.000 2.000.000 \u2013 C\u00f4ng ty C\u00f4ng ngh\u1ec7 v\u00e0 T\u01b0 v\u1ea5n Doanh nghi\u1ec7p INNOCOM\" \/>\n<meta name=\"robots\" content=\"index, follow, max-snippet:-1, max-image-preview:large, max-video-preview:-1\" \/>\n<link rel=\"canonical\" href=\"https:\/\/innocom.vn\/en\/marketing-online\/facebook-ads\/\" \/>\n<meta property=\"og:locale\" content=\"en_US\" \/>\n<meta property=\"og:type\" content=\"article\" \/>\n<meta property=\"og:title\" content=\"Facebook Ads\" \/>\n<meta property=\"og:description\" content=\"B\u1ea3ng gi\u00e1\u00a0Qu\u1ea3ng c\u00e1o Facebook 1. Gi\u00e1 qu\u1ea3ng c\u00e1o Facebook d\u1ea1ng hi\u1ec3n th\u1ecb CPM G\u00f3i d\u1ecbch v\u1ee5 G\u00f3i 1 G\u00f3i 2 G\u00f3i 3 G\u00f3i 4 G\u00f3i 5 S\u1ed1 l\u01b0\u1ee3ng hi\u1ec3n th\u1ecb 1.000.000 2.000.000 \u2013 C\u00f4ng ty C\u00f4ng ngh\u1ec7 v\u00e0 T\u01b0 v\u1ea5n Doanh nghi\u1ec7p INNOCOM\" \/>\n<meta property=\"og:url\" content=\"https:\/\/innocom.vn\/en\/marketing-online\/facebook-ads\/\" \/>\n<meta property=\"og:site_name\" content=\"C\u00f4ng ty C\u00f4ng ngh\u1ec7 v\u00e0 T\u01b0 v\u1ea5n Doanh nghi\u1ec7p INNOCOM\" \/>\n<meta name=\"twitter:label1\" content=\"Est. reading time\" \/>\n\t<meta name=\"twitter:data1\" content=\"2 minutes\" \/>\n<script type=\"application\/ld+json\" class=\"yoast-schema-graph\">{\"@context\":\"https:\/\/schema.org\",\"@graph\":[{\"@type\":\"WebPage\",\"@id\":\"https:\/\/innocom.vn\/en\/marketing-online\/facebook-ads\/\",\"url\":\"https:\/\/innocom.vn\/en\/marketing-online\/facebook-ads\/\",\"name\":\"Facebook Ads - C\u00f4ng ty C\u00f4ng ngh\u1ec7 v\u00e0 T\u01b0 v\u1ea5n Doanh nghi\u1ec7p INNOCOM\",\"isPartOf\":{\"@id\":\"https:\/\/innocom.vn\/#website\"},\"primaryImageOfPage\":{\"@id\":\"https:\/\/innocom.vn\/en\/marketing-online\/facebook-ads\/#primaryimage\"},\"image\":{\"@id\":\"https:\/\/innocom.vn\/en\/marketing-online\/facebook-ads\/#primaryimage\"},\"thumbnailUrl\":\"http:\/\/facebookads.com.vn\/wp-content\/uploads\/2012\/06\/quang-cao-facebook.png\",\"datePublished\":\"2016-01-08T09:56:29+00:00\",\"description\":\"B\u1ea3ng gi\u00e1\u00a0Qu\u1ea3ng c\u00e1o Facebook 1. Gi\u00e1 qu\u1ea3ng c\u00e1o Facebook d\u1ea1ng hi\u1ec3n th\u1ecb CPM G\u00f3i d\u1ecbch v\u1ee5 G\u00f3i 1 G\u00f3i 2 G\u00f3i 3 G\u00f3i 4 G\u00f3i 5 S\u1ed1 l\u01b0\u1ee3ng hi\u1ec3n th\u1ecb 1.000.000 2.000.000 \u2013 C\u00f4ng ty C\u00f4ng ngh\u1ec7 v\u00e0 T\u01b0 v\u1ea5n Doanh nghi\u1ec7p INNOCOM\",\"breadcrumb\":{\"@id\":\"https:\/\/innocom.vn\/en\/marketing-online\/facebook-ads\/#breadcrumb\"},\"inLanguage\":\"en-US\",\"potentialAction\":[{\"@type\":\"ReadAction\",\"target\":[\"https:\/\/innocom.vn\/en\/marketing-online\/facebook-ads\/\"]}]},{\"@type\":\"ImageObject\",\"inLanguage\":\"en-US\",\"@id\":\"https:\/\/innocom.vn\/en\/marketing-online\/facebook-ads\/#primaryimage\",\"url\":\"http:\/\/facebookads.com.vn\/wp-content\/uploads\/2012\/06\/quang-cao-facebook.png\",\"contentUrl\":\"http:\/\/facebookads.com.vn\/wp-content\/uploads\/2012\/06\/quang-cao-facebook.png\"},{\"@type\":\"BreadcrumbList\",\"@id\":\"https:\/\/innocom.vn\/en\/marketing-online\/facebook-ads\/#breadcrumb\",\"itemListElement\":[{\"@type\":\"ListItem\",\"position\":1,\"name\":\"Home\",\"item\":\"https:\/\/innocom.vn\/en\/\"},{\"@type\":\"ListItem\",\"position\":2,\"name\":\"Marketing Online\",\"item\":\"https:\/\/innocom.vn\/en\/marketing-online\/\"},{\"@type\":\"ListItem\",\"position\":3,\"name\":\"Facebook Ads\"}]},{\"@type\":\"WebSite\",\"@id\":\"https:\/\/innocom.vn\/#website\",\"url\":\"https:\/\/innocom.vn\/\",\"name\":\"C\u00f4ng ty C\u00f4ng ngh\u1ec7 v\u00e0 T\u01b0 v\u1ea5n Doanh nghi\u1ec7p INNOCOM\",\"description\":\"\",\"publisher\":{\"@id\":\"https:\/\/innocom.vn\/#organization\"},\"potentialAction\":[{\"@type\":\"SearchAction\",\"target\":{\"@type\":\"EntryPoint\",\"urlTemplate\":\"https:\/\/innocom.vn\/?s={search_term_string}\"},\"query-input\":{\"@type\":\"PropertyValueSpecification\",\"valueRequired\":true,\"valueName\":\"search_term_string\"}}],\"inLanguage\":\"en-US\"},{\"@type\":\"Organization\",\"@id\":\"https:\/\/innocom.vn\/#organization\",\"name\":\"Innocom\",\"url\":\"https:\/\/innocom.vn\/\",\"logo\":{\"@type\":\"ImageObject\",\"inLanguage\":\"en-US\",\"@id\":\"https:\/\/innocom.vn\/#\/schema\/logo\/image\/\",\"url\":\"https:\/\/innocom.vn\/wp-content\/uploads\/2016\/01\/innocom-logo.png\",\"contentUrl\":\"https:\/\/innocom.vn\/wp-content\/uploads\/2016\/01\/innocom-logo.png\",\"width\":2048,\"height\":2046,\"caption\":\"Innocom\"},\"image\":{\"@id\":\"https:\/\/innocom.vn\/#\/schema\/logo\/image\/\"}}]}<\/script>\n<!-- \/ Yoast SEO Premium plugin. -->","yoast_head_json":{"title":"Facebook Ads - C\u00f4ng ty C\u00f4ng ngh\u1ec7 v\u00e0 T\u01b0 v\u1ea5n Doanh nghi\u1ec7p INNOCOM","description":"B\u1ea3ng gi\u00e1\u00a0Qu\u1ea3ng c\u00e1o Facebook 1. Gi\u00e1 qu\u1ea3ng c\u00e1o Facebook d\u1ea1ng hi\u1ec3n th\u1ecb CPM G\u00f3i d\u1ecbch v\u1ee5 G\u00f3i 1 G\u00f3i 2 G\u00f3i 3 G\u00f3i 4 G\u00f3i 5 S\u1ed1 l\u01b0\u1ee3ng hi\u1ec3n th\u1ecb 1.000.000 2.000.000 \u2013 C\u00f4ng ty C\u00f4ng ngh\u1ec7 v\u00e0 T\u01b0 v\u1ea5n Doanh nghi\u1ec7p INNOCOM","robots":{"index":"index","follow":"follow","max-snippet":"max-snippet:-1","max-image-preview":"max-image-preview:large","max-video-preview":"max-video-preview:-1"},"canonical":"https:\/\/innocom.vn\/en\/marketing-online\/facebook-ads\/","og_locale":"en_US","og_type":"article","og_title":"Facebook Ads","og_description":"B\u1ea3ng gi\u00e1\u00a0Qu\u1ea3ng c\u00e1o Facebook 1. Gi\u00e1 qu\u1ea3ng c\u00e1o Facebook d\u1ea1ng hi\u1ec3n th\u1ecb CPM G\u00f3i d\u1ecbch v\u1ee5 G\u00f3i 1 G\u00f3i 2 G\u00f3i 3 G\u00f3i 4 G\u00f3i 5 S\u1ed1 l\u01b0\u1ee3ng hi\u1ec3n th\u1ecb 1.000.000 2.000.000 \u2013 C\u00f4ng ty C\u00f4ng ngh\u1ec7 v\u00e0 T\u01b0 v\u1ea5n Doanh nghi\u1ec7p INNOCOM","og_url":"https:\/\/innocom.vn\/en\/marketing-online\/facebook-ads\/","og_site_name":"C\u00f4ng ty C\u00f4ng ngh\u1ec7 v\u00e0 T\u01b0 v\u1ea5n Doanh nghi\u1ec7p INNOCOM","twitter_misc":{"Est. reading time":"2 minutes"},"schema":{"@context":"https:\/\/schema.org","@graph":[{"@type":"WebPage","@id":"https:\/\/innocom.vn\/en\/marketing-online\/facebook-ads\/","url":"https:\/\/innocom.vn\/en\/marketing-online\/facebook-ads\/","name":"Facebook Ads - C\u00f4ng ty C\u00f4ng ngh\u1ec7 v\u00e0 T\u01b0 v\u1ea5n Doanh nghi\u1ec7p INNOCOM","isPartOf":{"@id":"https:\/\/innocom.vn\/#website"},"primaryImageOfPage":{"@id":"https:\/\/innocom.vn\/en\/marketing-online\/facebook-ads\/#primaryimage"},"image":{"@id":"https:\/\/innocom.vn\/en\/marketing-online\/facebook-ads\/#primaryimage"},"thumbnailUrl":"http:\/\/facebookads.com.vn\/wp-content\/uploads\/2012\/06\/quang-cao-facebook.png","datePublished":"2016-01-08T09:56:29+00:00","description":"B\u1ea3ng gi\u00e1\u00a0Qu\u1ea3ng c\u00e1o Facebook 1. Gi\u00e1 qu\u1ea3ng c\u00e1o Facebook d\u1ea1ng hi\u1ec3n th\u1ecb CPM G\u00f3i d\u1ecbch v\u1ee5 G\u00f3i 1 G\u00f3i 2 G\u00f3i 3 G\u00f3i 4 G\u00f3i 5 S\u1ed1 l\u01b0\u1ee3ng hi\u1ec3n th\u1ecb 1.000.000 2.000.000 \u2013 C\u00f4ng ty C\u00f4ng ngh\u1ec7 v\u00e0 T\u01b0 v\u1ea5n Doanh nghi\u1ec7p INNOCOM","breadcrumb":{"@id":"https:\/\/innocom.vn\/en\/marketing-online\/facebook-ads\/#breadcrumb"},"inLanguage":"en-US","potentialAction":[{"@type":"ReadAction","target":["https:\/\/innocom.vn\/en\/marketing-online\/facebook-ads\/"]}]},{"@type":"ImageObject","inLanguage":"en-US","@id":"https:\/\/innocom.vn\/en\/marketing-online\/facebook-ads\/#primaryimage","url":"http:\/\/facebookads.com.vn\/wp-content\/uploads\/2012\/06\/quang-cao-facebook.png","contentUrl":"http:\/\/facebookads.com.vn\/wp-content\/uploads\/2012\/06\/quang-cao-facebook.png"},{"@type":"BreadcrumbList","@id":"https:\/\/innocom.vn\/en\/marketing-online\/facebook-ads\/#breadcrumb","itemListElement":[{"@type":"ListItem","position":1,"name":"Home","item":"https:\/\/innocom.vn\/en\/"},{"@type":"ListItem","position":2,"name":"Marketing Online","item":"https:\/\/innocom.vn\/en\/marketing-online\/"},{"@type":"ListItem","position":3,"name":"Facebook Ads"}]},{"@type":"WebSite","@id":"https:\/\/innocom.vn\/#website","url":"https:\/\/innocom.vn\/","name":"C\u00f4ng ty C\u00f4ng ngh\u1ec7 v\u00e0 T\u01b0 v\u1ea5n Doanh nghi\u1ec7p INNOCOM","description":"","publisher":{"@id":"https:\/\/innocom.vn\/#organization"},"potentialAction":[{"@type":"SearchAction","target":{"@type":"EntryPoint","urlTemplate":"https:\/\/innocom.vn\/?s={search_term_string}"},"query-input":{"@type":"PropertyValueSpecification","valueRequired":true,"valueName":"search_term_string"}}],"inLanguage":"en-US"},{"@type":"Organization","@id":"https:\/\/innocom.vn\/#organization","name":"Innocom","url":"https:\/\/innocom.vn\/","logo":{"@type":"ImageObject","inLanguage":"en-US","@id":"https:\/\/innocom.vn\/#\/schema\/logo\/image\/","url":"https:\/\/innocom.vn\/wp-content\/uploads\/2016\/01\/innocom-logo.png","contentUrl":"https:\/\/innocom.vn\/wp-content\/uploads\/2016\/01\/innocom-logo.png","width":2048,"height":2046,"caption":"Innocom"},"image":{"@id":"https:\/\/innocom.vn\/#\/schema\/logo\/image\/"}}]}},"_links":{"self":[{"href":"https:\/\/innocom.vn\/en\/wp-json\/wp\/v2\/pages\/13625","targetHints":{"allow":["GET"]}}],"collection":[{"href":"https:\/\/innocom.vn\/en\/wp-json\/wp\/v2\/pages"}],"about":[{"href":"https:\/\/innocom.vn\/en\/wp-json\/wp\/v2\/types\/page"}],"author":[{"embeddable":true,"href":"https:\/\/innocom.vn\/en\/wp-json\/wp\/v2\/users\/4"}],"replies":[{"embeddable":true,"href":"https:\/\/innocom.vn\/en\/wp-json\/wp\/v2\/comments?post=13625"}],"version-history":[{"count":0,"href":"https:\/\/innocom.vn\/en\/wp-json\/wp\/v2\/pages\/13625\/revisions"}],"up":[{"embeddable":true,"href":"https:\/\/innocom.vn\/en\/wp-json\/wp\/v2\/pages\/13654"}],"wp:attachment":[{"href":"https:\/\/innocom.vn\/en\/wp-json\/wp\/v2\/media?parent=13625"}],"curies":[{"name":"wp","href":"https:\/\/api.w.org\/{rel}","templated":true}]}}