{"id":13621,"date":"2016-01-08T16:54:14","date_gmt":"2016-01-08T09:54:14","guid":{"rendered":"https:\/\/innocom.vn\/?page_id=13621"},"modified":"2016-01-08T17:14:27","modified_gmt":"2016-01-08T10:14:27","slug":"innocom","status":"publish","type":"page","link":"https:\/\/innocom.vn\/en\/innocom\/","title":{"rendered":"Innocom"},"content":{"rendered":"<h1 style=\"text-align: center;\"><span style=\"color: #3366ff;\">Th\u01b0 ng\u1ecf<\/span><\/h1>\n<p>K\u00ednh th\u01b0a Qu\u00fd kh\u00e1ch h\u00e0ng,<\/p>\n<p>C\u00f4ng ty C\u00f4ng ngh\u1ec7 v\u00e0 T\u01b0 v\u1ea5n doanh nghi\u1ec7p INNOCOM l\u00e0 m\u1ed9t trong nh\u1eefng \u0111\u01a1n v\u1ecb ti\u00ean ti\u1ebfn nh\u1ea5t v\u1ec1 t\u01b0 v\u1ea5n v\u00e0 cung c\u1ea5p gi\u1ea3i ph\u00e1p doanh nghi\u1ec7p trong c\u00e1c l\u0129nh v\u1ef1c: Kinh doanh tr\u00ean internet, truy\u1ec1n th\u00f4ng, c\u00f4ng ngh\u1ec7 website, digital marketing, t\u01b0 v\u1ea5n startup, t\u01b0 v\u1ea5n \u0111\u00e0o t\u1ea1o doanh nghi\u1ec7p&#8230;<\/p>\n<p>Ngay t\u1eeb nh\u1eefng ng\u00e0y \u0111\u1ea7u th\u00e0nh l\u1eadp, s\u1ee9 m\u1ec7nh c\u1ee7a ch\u00fang t\u00f4i \u0111\u00e3 \u0111\u01b0\u1ee3c x\u00e1c \u0111\u1ecbnh l\u00e0 gi\u00fap cho c\u00f4ng vi\u1ec7c kinh doanh c\u1ee7a kh\u00e1ch h\u00e0ng tr\u1edf n\u00ean \u0111\u01a1n gi\u1ea3n, hi\u1ec7u qu\u1ea3 v\u00e0 \u0111em l\u1ea1i gi\u00e1 tr\u1ecb cao h\u01a1n. V\u1edbi s\u1ef1 quy\u1ebft t\u00e2m lan t\u1ecfa trong t\u1ea5t c\u1ea3 c\u00e1c th\u00e0nh vi\u00ean, ch\u00fang t\u00f4i v\u1eabn \u0111ang t\u1eebng ng\u00e0y th\u1ef1c hi\u1ec7n s\u1ee9 m\u1ec7nh \u0111\u00f3.<\/p>\n<p>L\u00e0 m\u1ed9t \u0111\u1ed9i ng\u0169 k\u1ebft h\u1ee3p b\u1edfi nh\u1eefng chuy\u00ean gia c\u00f3 nhi\u1ec1u kinh nghi\u1ec7m, gi\u00e0u \u0111am m\u00ea v\u00e0 s\u00e1ng t\u1ea1o c\u00f9ng nh\u1eefng \u0111\u1ed1i t\u00e1c l\u00e0 c\u00e1c nh\u00e0 cung c\u1ea5p h\u00e0ng \u0111\u1ea7u trong c\u00e1c l\u0129nh v\u1ef1c truy\u1ec1n th\u00f4ng, gi\u1ea3i ph\u00e1p doanh nghi\u1ec7p ch\u00fang t\u00f4i c\u00f3 c\u01a1 s\u1edf \u0111\u1ec3 \u0111\u1ea3m b\u1ea3o cho nh\u1eefng d\u1ef1 \u00e1n ch\u00fang t\u00f4i tham gia \u0111\u1ea1t th\u00e0nh c\u00f4ng t\u1ed1t nh\u1ea5t. M\u1ed7i s\u1ea3n ph\u1ea9m v\u00e0 d\u1ecbch v\u1ee5 ch\u00fang t\u00f4i cung c\u1ea5p \u0111\u1ec1u l\u00e0 k\u1ebft qu\u1ea3 t\u1eeb s\u1ef1 th\u1ea5u hi\u1ec3u kh\u00e1ch h\u00e0ng v\u00e0 \u0111\u1ed1i t\u00e1c.<\/p>\n<p>Kh\u00e1ch h\u00e0ng c\u1ee7a ch\u00fang t\u00f4i l\u00e0 nh\u1eefng nh\u1eefng doanh nghi\u1ec7p \u0111ang c\u1ea7n m\u1ed9t c\u00f4ng c\u1ee5 hi\u1ec7u qu\u1ea3 \u0111\u1ec3 qu\u1ea3n l\u00fd ho\u1ea1t \u0111\u1ed9ng kinh doanh, ng\u01b0\u1eddi m\u1edbi kh\u1edfi nghi\u1ec7p, ho\u1eb7c nh\u1eefng \u0111\u01a1n v\u1ecb \u0111ang c\u1ea7n m\u1ed9t \u0111\u1ed1i t\u00e1c chuy\u00ean nghi\u1ec7p \u0111\u1ec3 truy\u1ec1n th\u00f4ng gi\u00e1 tr\u1ecb s\u1ea3n ph\u1ea9m c\u1ee7a h\u1ecd \u0111\u1ebfn v\u1edbi m\u1ea1ng l\u01b0\u1edbi kh\u00e1ch h\u00e0ng m\u1ee5c ti\u00eau.<\/p>\n<p>T\u00f4n ch\u1ec9 ho\u1ea1t \u0111\u1ed9ng c\u1ee7a ch\u00fang t\u00f4i l\u00e0 s\u00e1ng t\u1ea1o, chuy\u00ean nghi\u1ec7p v\u00e0 ho\u00e0n h\u1ea3o trong t\u1eebng chi ti\u1ebft, l\u00e0 \u0111\u1ed1i t\u00e1c tin c\u1eady \u0111\u1ec3 \u0111em \u0111\u1ebfn nh\u1eefng gi\u00e1 tr\u1ecb m\u1edbi cho kh\u00e1ch h\u00e0ng.<\/p>\n<p>C\u1ea3m \u01a1n Qu\u00fd kh\u00e1ch \u0111\u00e3 tin t\u01b0\u1edfng v\u00e0 l\u1ef1a ch\u1ecdn C\u00f4ng ty ch\u00fang t\u00f4i l\u00e0 \u0111\u00f4i t\u00e1c kinh doanh. Ch\u00fang t\u00f4i ch\u1eafc ch\u1eafn s\u1ebd l\u00e0 ng\u01b0\u1eddi \u0111\u1ed3ng h\u00e0nh th\u00e2n thi\u1ebft v\u00e0 \u0111\u00e1ng tin c\u1eady nh\u1ea5t.<\/p>\n<p>Ch\u00fac c\u00f4ng vi\u1ec7c kinh doanh c\u1ee7a Qu\u00fd kh\u00e1ch ng\u00e0y c\u00e0ng ph\u00e1t tri\u1ec3n h\u01b0ng th\u1ecbnh v\u00e0 b\u1ec1n v\u1eefng.<\/p>\n<p>&nbsp;<\/p>\n<p style=\"text-align: right;\">Tr\u00e2n tr\u1ecdng,<br \/>\n<span style=\"color: #3366ff;\"><strong>Innocom Team<\/strong><\/span><\/p>\n<p><span style=\"color: #3366ff;\">\u00a0<\/span><\/p>\n<h2><span style=\"color: #3366ff;\">T\u1ea7m nh\u00ecn<\/span><\/h2>\n<p>L\u00e0 \u0111\u01a1n v\u1ecb h\u00e0ng \u0111\u1ea7u trong l\u0129nh v\u1ef1c t\u01b0 v\u1ea5n v\u00e0 cung c\u1ea5p c\u00e1c gi\u1ea3i ph\u00e1p kinh doanh, truy\u1ec1n th\u00f4ng, marketing cho doanh nghi\u1ec7p.<\/p>\n<h2><span style=\"color: #3366ff;\">S\u1ee9 m\u1ec7nh<\/span><\/h2>\n<p>Cung c\u1ea5p c\u00e1c gi\u1ea3i ph\u00e1p th\u00fac \u0111\u1ea9y qu\u1ea3 v\u00e0 ki\u1ec3m so\u00e1t c\u00f4ng vi\u1ec7c, kh\u00f4ng ng\u1eebng s\u00e1ng t\u1ea1o \u0111\u1ec3 gi\u00fap cho vi\u1ec7c kinh doanh c\u1ee7a \u0111\u1ed1i t\u00e1c tr\u1edf n\u00ean \u0111\u01a1n gi\u1ea3n v\u00e0 hi\u1ec7u qu\u1ea3 h\u01a1n.<\/p>\n<h2><span style=\"color: #3366ff;\">10 gi\u00e1 tr\u1ecb c\u1ed1t l\u00f5i<\/span><\/h2>\n<p><strong>1. S\u1eb5n s\u00e0ng<\/strong> \u2013 L\u00e0 b\u1ea1n \u0111\u1ed3ng h\u00e0nh tin c\u1eady c\u1ee7a doanh nghi\u1ec7p trong m\u1ecdi ho\u00e0n c\u1ea3nh kh\u00f3 kh\u0103n<\/p>\n<p><strong>2. Th\u1ea5u hi\u1ec3u<\/strong> \u2013 H\u01a1n c\u1ea3 hi\u1ec3u, ch\u00fang t\u00f4i th\u1ea5u hi\u1ec3u c\u00f4ng ty, con ng\u01b0\u1eddi v\u00e0 c\u00f4ng vi\u1ec7c kinh doanh<\/p>\n<p><strong>3. T\u00e2m huy\u1ebft<\/strong> \u2013 T\u1eadn t\u00e2m v\u00e0 nhi\u1ec7t huy\u1ebft v\u1edbi m\u1ed7i d\u1ef1 \u00e1n m\u00e0 ch\u00fang t\u00f4i \u0111\u1ea3m nh\u1eadn<\/p>\n<p><strong>4. V\u1eb9n to\u00e0n<\/strong> \u2013 \u0110\u00e3 n\u00f3i l\u00e0 l\u00e0m. L\u00e0m t\u1ed1t h\u01a1n l\u1eddi \u0111\u00e3 n\u00f3i. L\u00e0m nh\u1eefng vi\u1ec7c \u0111\u00fang, ngay c\u1ea3 khi kh\u00f4ng ai nh\u00ecn th\u1ea5y.<\/p>\n<p><strong>5. Tuy\u1ec7t h\u1ea3o<\/strong> \u2013 \u0110\u1ea3m b\u1ea3o k\u1ebft qu\u1ea3 \u0111\u1ea1t ch\u1ea5t l\u01b0\u1ee3ng tuy\u1ec7t h\u1ea3o \u2013 Ch\u00fa \u00fd v\u00e0 ho\u00e0n thi\u1ec7n \u0111\u1ebfn chi ti\u1ebft nh\u1ecf nh\u1ea5t<\/p>\n<p><strong>6. Chia s\u1ebb<\/strong> \u2013 Chia s\u1ebb \u0111\u1ec3 t\u1ea1o \u0111\u1ed9ng l\u1ef1c, n\u00e2ng cao hi\u1ec7u qu\u1ea3, chia s\u1ebb \u0111\u1ec3 tr\u1edf n\u00ean \u0111o\u00e0n k\u1ebft v\u00e0 th\u00e2n thi\u1ebft<\/p>\n<p><strong>7. S\u00e1ng t\u1ea1o<\/strong> \u2013 Kh\u00f4ng ng\u1eebng t\u00ecm t\u00f2i v\u00e0 \u1ee9ng d\u1ee5ng s\u1ef1 s\u00e1ng t\u1ea1o hi\u1ec7u qu\u1ea3 nh\u1ea5t<\/p>\n<p><strong>8. Nhanh nh\u1eb9n<\/strong> \u2013 H\u01a1n c\u1ea3 s\u1ef1 k\u1ecbp th\u1eddi, ch\u00fang t\u00f4i \u0111em l\u1ea1i k\u1ebft qu\u1ea3 nhanh ch\u00f3ng nh\u1ea5t<\/p>\n<p><strong>9. K\u1ebft qu\u1ea3<\/strong> \u2013 \u0110\u1ecbnh h\u01b0\u1edbng k\u1ebft qu\u1ea3, \u0111\u00e1nh gi\u00e1 tr\u00ean k\u1ebft qu\u1ea3, k\u1ebft qu\u1ea3 lu\u00f4n r\u00f5 r\u00e0ng v\u00e0 \u0111o l\u01b0\u1eddng \u0111\u01b0\u1ee3c. K\u1ebft qu\u1ea3 mang t\u00ednh chi\u1ebfn l\u01b0\u1ee3c v\u00e0 c\u00f3 t\u1ea7m nh\u00ecn d\u00e0i h\u1ea1n<\/p>\n<p><strong>10. Ni\u1ec1m vui<\/strong> \u2013 Vui v\u1ebb l\u00e0m vi\u1ec7c t\u1ed1t, t\u1eadn h\u01b0\u1edfng ni\u1ec1m vui trong c\u00f4ng vi\u1ec7c v\u00e0 cu\u1ed9c s\u1ed1ng, mang l\u1ea1i ni\u1ec1m vui cho kh\u00e1ch h\u00e0ng v\u00e0 b\u1ea3n th\u00e2n<\/p>\n","protected":false},"excerpt":{"rendered":"<p>Th\u01b0 ng\u1ecf K\u00ednh th\u01b0a Qu\u00fd kh\u00e1ch h\u00e0ng, C\u00f4ng ty C\u00f4ng ngh\u1ec7 v\u00e0 T\u01b0 v\u1ea5n doanh nghi\u1ec7p INNOCOM l\u00e0 m\u1ed9t trong nh\u1eefng \u0111\u01a1n v\u1ecb ti\u00ean ti\u1ebfn nh\u1ea5t v\u1ec1 t\u01b0 v\u1ea5n v\u00e0 cung c\u1ea5p gi\u1ea3i ph\u00e1p doanh nghi\u1ec7p trong c\u00e1c l\u0129nh v\u1ef1c: Kinh doanh tr\u00ean internet, truy\u1ec1n th\u00f4ng, c\u00f4ng ngh\u1ec7 website, digital marketing, t\u01b0 v\u1ea5n startup, t\u01b0 [&#8230;]\n","protected":false},"author":4,"featured_media":0,"parent":0,"menu_order":4,"comment_status":"closed","ping_status":"closed","template":"","meta":{"footnotes":""},"class_list":["post-13621","page","type-page","status-publish","hentry"],"yoast_head":"<!-- This site is optimized with the Yoast SEO Premium plugin v24.5 (Yoast SEO v26.1.1) - https:\/\/yoast.com\/wordpress\/plugins\/seo\/ -->\n<title>Innocom - C\u00f4ng ty C\u00f4ng ngh\u1ec7 v\u00e0 T\u01b0 v\u1ea5n Doanh nghi\u1ec7p INNOCOM<\/title>\n<meta name=\"description\" content=\"Th\u01b0 ng\u1ecf K\u00ednh th\u01b0a Qu\u00fd kh\u00e1ch h\u00e0ng, C\u00f4ng ty C\u00f4ng ngh\u1ec7 v\u00e0 T\u01b0 v\u1ea5n doanh nghi\u1ec7p INNOCOM l\u00e0 m\u1ed9t trong nh\u1eefng \u0111\u01a1n v\u1ecb ti\u00ean ti\u1ebfn nh\u1ea5t v\u1ec1 t\u01b0 v\u1ea5n v\u00e0 cung c\u1ea5p gi\u1ea3i \u2013 C\u00f4ng ty C\u00f4ng ngh\u1ec7 v\u00e0 T\u01b0 v\u1ea5n Doanh nghi\u1ec7p INNOCOM\" \/>\n<meta name=\"robots\" content=\"index, follow, max-snippet:-1, max-image-preview:large, max-video-preview:-1\" \/>\n<link rel=\"canonical\" href=\"https:\/\/innocom.vn\/en\/innocom\/\" \/>\n<meta property=\"og:locale\" content=\"en_US\" \/>\n<meta property=\"og:type\" content=\"article\" \/>\n<meta property=\"og:title\" content=\"Innocom\" \/>\n<meta property=\"og:description\" content=\"Th\u01b0 ng\u1ecf K\u00ednh th\u01b0a Qu\u00fd kh\u00e1ch h\u00e0ng, C\u00f4ng ty C\u00f4ng ngh\u1ec7 v\u00e0 T\u01b0 v\u1ea5n doanh nghi\u1ec7p INNOCOM l\u00e0 m\u1ed9t trong nh\u1eefng \u0111\u01a1n v\u1ecb ti\u00ean ti\u1ebfn nh\u1ea5t v\u1ec1 t\u01b0 v\u1ea5n v\u00e0 cung c\u1ea5p gi\u1ea3i \u2013 C\u00f4ng ty C\u00f4ng ngh\u1ec7 v\u00e0 T\u01b0 v\u1ea5n Doanh nghi\u1ec7p INNOCOM\" \/>\n<meta property=\"og:url\" content=\"https:\/\/innocom.vn\/en\/innocom\/\" \/>\n<meta property=\"og:site_name\" content=\"C\u00f4ng ty C\u00f4ng ngh\u1ec7 v\u00e0 T\u01b0 v\u1ea5n Doanh nghi\u1ec7p INNOCOM\" \/>\n<meta property=\"article:modified_time\" content=\"2016-01-08T10:14:27+00:00\" \/>\n<meta name=\"twitter:label1\" content=\"Est. reading time\" \/>\n\t<meta name=\"twitter:data1\" content=\"5 minutes\" \/>\n<script type=\"application\/ld+json\" class=\"yoast-schema-graph\">{\"@context\":\"https:\/\/schema.org\",\"@graph\":[{\"@type\":\"WebPage\",\"@id\":\"https:\/\/innocom.vn\/en\/innocom\/\",\"url\":\"https:\/\/innocom.vn\/en\/innocom\/\",\"name\":\"Innocom - C\u00f4ng ty C\u00f4ng ngh\u1ec7 v\u00e0 T\u01b0 v\u1ea5n Doanh nghi\u1ec7p INNOCOM\",\"isPartOf\":{\"@id\":\"https:\/\/innocom.vn\/#website\"},\"datePublished\":\"2016-01-08T09:54:14+00:00\",\"dateModified\":\"2016-01-08T10:14:27+00:00\",\"description\":\"Th\u01b0 ng\u1ecf K\u00ednh th\u01b0a Qu\u00fd kh\u00e1ch h\u00e0ng, C\u00f4ng ty C\u00f4ng ngh\u1ec7 v\u00e0 T\u01b0 v\u1ea5n doanh nghi\u1ec7p INNOCOM l\u00e0 m\u1ed9t trong nh\u1eefng \u0111\u01a1n v\u1ecb ti\u00ean ti\u1ebfn nh\u1ea5t v\u1ec1 t\u01b0 v\u1ea5n v\u00e0 cung c\u1ea5p gi\u1ea3i \u2013 C\u00f4ng ty C\u00f4ng ngh\u1ec7 v\u00e0 T\u01b0 v\u1ea5n Doanh nghi\u1ec7p INNOCOM\",\"breadcrumb\":{\"@id\":\"https:\/\/innocom.vn\/en\/innocom\/#breadcrumb\"},\"inLanguage\":\"en-US\",\"potentialAction\":[{\"@type\":\"ReadAction\",\"target\":[\"https:\/\/innocom.vn\/en\/innocom\/\"]}]},{\"@type\":\"BreadcrumbList\",\"@id\":\"https:\/\/innocom.vn\/en\/innocom\/#breadcrumb\",\"itemListElement\":[{\"@type\":\"ListItem\",\"position\":1,\"name\":\"Home\",\"item\":\"https:\/\/innocom.vn\/en\/\"},{\"@type\":\"ListItem\",\"position\":2,\"name\":\"Innocom\"}]},{\"@type\":\"WebSite\",\"@id\":\"https:\/\/innocom.vn\/#website\",\"url\":\"https:\/\/innocom.vn\/\",\"name\":\"C\u00f4ng ty C\u00f4ng ngh\u1ec7 v\u00e0 T\u01b0 v\u1ea5n Doanh nghi\u1ec7p INNOCOM\",\"description\":\"\",\"publisher\":{\"@id\":\"https:\/\/innocom.vn\/#organization\"},\"potentialAction\":[{\"@type\":\"SearchAction\",\"target\":{\"@type\":\"EntryPoint\",\"urlTemplate\":\"https:\/\/innocom.vn\/?s={search_term_string}\"},\"query-input\":{\"@type\":\"PropertyValueSpecification\",\"valueRequired\":true,\"valueName\":\"search_term_string\"}}],\"inLanguage\":\"en-US\"},{\"@type\":\"Organization\",\"@id\":\"https:\/\/innocom.vn\/#organization\",\"name\":\"Innocom\",\"url\":\"https:\/\/innocom.vn\/\",\"logo\":{\"@type\":\"ImageObject\",\"inLanguage\":\"en-US\",\"@id\":\"https:\/\/innocom.vn\/#\/schema\/logo\/image\/\",\"url\":\"https:\/\/innocom.vn\/wp-content\/uploads\/2016\/01\/innocom-logo.png\",\"contentUrl\":\"https:\/\/innocom.vn\/wp-content\/uploads\/2016\/01\/innocom-logo.png\",\"width\":2048,\"height\":2046,\"caption\":\"Innocom\"},\"image\":{\"@id\":\"https:\/\/innocom.vn\/#\/schema\/logo\/image\/\"}}]}<\/script>\n<!-- \/ Yoast SEO Premium plugin. -->","yoast_head_json":{"title":"Innocom - C\u00f4ng ty C\u00f4ng ngh\u1ec7 v\u00e0 T\u01b0 v\u1ea5n Doanh nghi\u1ec7p INNOCOM","description":"Th\u01b0 ng\u1ecf K\u00ednh th\u01b0a Qu\u00fd kh\u00e1ch h\u00e0ng, C\u00f4ng ty C\u00f4ng ngh\u1ec7 v\u00e0 T\u01b0 v\u1ea5n doanh nghi\u1ec7p INNOCOM l\u00e0 m\u1ed9t trong nh\u1eefng \u0111\u01a1n v\u1ecb ti\u00ean ti\u1ebfn nh\u1ea5t v\u1ec1 t\u01b0 v\u1ea5n v\u00e0 cung c\u1ea5p gi\u1ea3i \u2013 C\u00f4ng ty C\u00f4ng ngh\u1ec7 v\u00e0 T\u01b0 v\u1ea5n Doanh nghi\u1ec7p INNOCOM","robots":{"index":"index","follow":"follow","max-snippet":"max-snippet:-1","max-image-preview":"max-image-preview:large","max-video-preview":"max-video-preview:-1"},"canonical":"https:\/\/innocom.vn\/en\/innocom\/","og_locale":"en_US","og_type":"article","og_title":"Innocom","og_description":"Th\u01b0 ng\u1ecf K\u00ednh th\u01b0a Qu\u00fd kh\u00e1ch h\u00e0ng, C\u00f4ng ty C\u00f4ng ngh\u1ec7 v\u00e0 T\u01b0 v\u1ea5n doanh nghi\u1ec7p INNOCOM l\u00e0 m\u1ed9t trong nh\u1eefng \u0111\u01a1n v\u1ecb ti\u00ean ti\u1ebfn nh\u1ea5t v\u1ec1 t\u01b0 v\u1ea5n v\u00e0 cung c\u1ea5p gi\u1ea3i \u2013 C\u00f4ng ty C\u00f4ng ngh\u1ec7 v\u00e0 T\u01b0 v\u1ea5n Doanh nghi\u1ec7p INNOCOM","og_url":"https:\/\/innocom.vn\/en\/innocom\/","og_site_name":"C\u00f4ng ty C\u00f4ng ngh\u1ec7 v\u00e0 T\u01b0 v\u1ea5n Doanh nghi\u1ec7p INNOCOM","article_modified_time":"2016-01-08T10:14:27+00:00","twitter_misc":{"Est. reading time":"5 minutes"},"schema":{"@context":"https:\/\/schema.org","@graph":[{"@type":"WebPage","@id":"https:\/\/innocom.vn\/en\/innocom\/","url":"https:\/\/innocom.vn\/en\/innocom\/","name":"Innocom - C\u00f4ng ty C\u00f4ng ngh\u1ec7 v\u00e0 T\u01b0 v\u1ea5n Doanh nghi\u1ec7p INNOCOM","isPartOf":{"@id":"https:\/\/innocom.vn\/#website"},"datePublished":"2016-01-08T09:54:14+00:00","dateModified":"2016-01-08T10:14:27+00:00","description":"Th\u01b0 ng\u1ecf K\u00ednh th\u01b0a Qu\u00fd kh\u00e1ch h\u00e0ng, C\u00f4ng ty C\u00f4ng ngh\u1ec7 v\u00e0 T\u01b0 v\u1ea5n doanh nghi\u1ec7p INNOCOM l\u00e0 m\u1ed9t trong nh\u1eefng \u0111\u01a1n v\u1ecb ti\u00ean ti\u1ebfn nh\u1ea5t v\u1ec1 t\u01b0 v\u1ea5n v\u00e0 cung c\u1ea5p gi\u1ea3i \u2013 C\u00f4ng ty C\u00f4ng ngh\u1ec7 v\u00e0 T\u01b0 v\u1ea5n Doanh nghi\u1ec7p INNOCOM","breadcrumb":{"@id":"https:\/\/innocom.vn\/en\/innocom\/#breadcrumb"},"inLanguage":"en-US","potentialAction":[{"@type":"ReadAction","target":["https:\/\/innocom.vn\/en\/innocom\/"]}]},{"@type":"BreadcrumbList","@id":"https:\/\/innocom.vn\/en\/innocom\/#breadcrumb","itemListElement":[{"@type":"ListItem","position":1,"name":"Home","item":"https:\/\/innocom.vn\/en\/"},{"@type":"ListItem","position":2,"name":"Innocom"}]},{"@type":"WebSite","@id":"https:\/\/innocom.vn\/#website","url":"https:\/\/innocom.vn\/","name":"C\u00f4ng ty C\u00f4ng ngh\u1ec7 v\u00e0 T\u01b0 v\u1ea5n Doanh nghi\u1ec7p INNOCOM","description":"","publisher":{"@id":"https:\/\/innocom.vn\/#organization"},"potentialAction":[{"@type":"SearchAction","target":{"@type":"EntryPoint","urlTemplate":"https:\/\/innocom.vn\/?s={search_term_string}"},"query-input":{"@type":"PropertyValueSpecification","valueRequired":true,"valueName":"search_term_string"}}],"inLanguage":"en-US"},{"@type":"Organization","@id":"https:\/\/innocom.vn\/#organization","name":"Innocom","url":"https:\/\/innocom.vn\/","logo":{"@type":"ImageObject","inLanguage":"en-US","@id":"https:\/\/innocom.vn\/#\/schema\/logo\/image\/","url":"https:\/\/innocom.vn\/wp-content\/uploads\/2016\/01\/innocom-logo.png","contentUrl":"https:\/\/innocom.vn\/wp-content\/uploads\/2016\/01\/innocom-logo.png","width":2048,"height":2046,"caption":"Innocom"},"image":{"@id":"https:\/\/innocom.vn\/#\/schema\/logo\/image\/"}}]}},"_links":{"self":[{"href":"https:\/\/innocom.vn\/en\/wp-json\/wp\/v2\/pages\/13621","targetHints":{"allow":["GET"]}}],"collection":[{"href":"https:\/\/innocom.vn\/en\/wp-json\/wp\/v2\/pages"}],"about":[{"href":"https:\/\/innocom.vn\/en\/wp-json\/wp\/v2\/types\/page"}],"author":[{"embeddable":true,"href":"https:\/\/innocom.vn\/en\/wp-json\/wp\/v2\/users\/4"}],"replies":[{"embeddable":true,"href":"https:\/\/innocom.vn\/en\/wp-json\/wp\/v2\/comments?post=13621"}],"version-history":[{"count":0,"href":"https:\/\/innocom.vn\/en\/wp-json\/wp\/v2\/pages\/13621\/revisions"}],"wp:attachment":[{"href":"https:\/\/innocom.vn\/en\/wp-json\/wp\/v2\/media?parent=13621"}],"curies":[{"name":"wp","href":"https:\/\/api.w.org\/{rel}","templated":true}]}}