{"id":13279,"date":"2013-09-12T13:45:32","date_gmt":"2013-09-12T06:45:32","guid":{"rendered":"https:\/\/innocom.vn\/innocom-thiet-ke-website-seo-digital-marketing-2\/"},"modified":"2017-09-21T17:58:32","modified_gmt":"2017-09-21T10:58:32","slug":"innocom-business-solution-provider","status":"publish","type":"page","link":"https:\/\/innocom.vn\/en\/innocom-business-solution-provider\/","title":{"rendered":"INNOCOM | Best Enterprise Tech Solution Provider"},"content":{"rendered":"[vc_row][vc_column][dt_gap height=&#8221;15&#8243;][\/vc_column][vc_column][vc_row_inner][vc_column_inner width=&#8221;1\/3&#8243;][vc_column_text]\n<h3>B\u1ea1n ch\u01b0a c\u00f3 website t\u1ed1t cho vi\u1ec7c kinh doanh online?<\/h3>\n[\/vc_column_text][vc_raw_html]JTNDYnIlM0U=[\/vc_raw_html][dt_teaser image_id=&#8221;13955&#8243; image_alt=&#8221;Thi\u1ebft k\u1ebf website uy t\u00edn chuy\u00ean nghi\u1ec7p&#8221; misc_link=&#8221;#&#8221; target=&#8221;self&#8221;][\/dt_teaser][vc_raw_html]JTNDYnIlM0U=[\/vc_raw_html][dt_button link=&#8221;#&#8221;]T\u00ecm hi\u1ec3u nh\u1eefng \u0111i\u1ec1u c\u1ea7n bi\u1ebft khi x\u00e2y d\u1ef1ng 1 website\u00a0[\/dt_button][dt_button link=&#8221;#&#8221;]Tham kh\u1ea3o giao di\u1ec7n[\/dt_button][dt_button link=&#8221;#&#8221;]\u0110\u0103ng k\u00fd n\u00e2ng c\u1ea5p website[\/dt_button][dt_button link=&#8221;#&#8221;]Thi\u1ebft k\u1ebf cho t\u00f4i 1 website m\u1edbi[\/dt_button][\/vc_column_inner][vc_column_inner width=&#8221;1\/3&#8243;][vc_column_text]\n<h3>Th\u01b0\u01a1ng hi\u1ec7u c\u1ee7a b\u1ea1n ch\u01b0a \u0111\u01b0\u1ee3c bi\u1ebft \u0111\u1ebfn?<\/h3>\n[\/vc_column_text][dt_teaser image_id=&#8221;13956&#8243; image_alt=&#8221;Ph\u00e1t tri\u1ec3n th\u01b0\u01a1ng hi\u1ec7u tr\u00ean internet&#8221; misc_link=&#8221;#&#8221; target=&#8221;self&#8221;][\/dt_teaser][dt_button link=&#8221;#&#8221;]T\u00ecm hi\u1ec3u c\u00e1ch th\u1ee9c ph\u00e1t tri\u1ec3n th\u01b0\u01a1ng hi\u1ec7u[\/dt_button][dt_button link=&#8221;#&#8221;]\u0110\u0103ng k\u00fd t\u01b0 v\u1ea5n v\u00e0 s\u1eed d\u1ee5ng d\u1ecbch v\u1ee5 ph\u00e1t tri\u1ec3n th\u01b0\u01a1ng hi\u1ec7u[\/dt_button][\/vc_column_inner][vc_column_inner width=&#8221;1\/3&#8243;][vc_column_text]\n<h3>T\u1ef1 t\u00ecm hi\u1ec3u c\u00e1ch l\u00e0m Marketing Online?<\/h3>\n[\/vc_column_text][dt_teaser image_id=&#8221;388&#8243; image_alt=&#8221;C\u00f4ng c\u1ee5 v\u00e0 T\u01b0 v\u1ea5n ph\u00e1t tri\u1ec3n th\u01b0\u01a1ng hi\u1ec7u&#8221; misc_link=&#8221;#&#8221; target=&#8221;self&#8221;][\/dt_teaser][dt_button link=&#8221;#&#8221;]C\u00f4ng c\u1ee5 Marketing Online[\/dt_button][dt_button link=&#8221;#&#8221;]H\u01b0\u1edbng d\u1eabn Marketing online[\/dt_button][\/vc_column_inner][\/vc_row_inner][\/vc_column][\/vc_row][vc_row][vc_column width=&#8221;1\/2&#8243;][vc_column_text]\n<h1 style=\"font: normal normal 500 24px \/ 30px Arial, Verdana, sans-serif;\">C\u00f4ng ty Thi\u1ebft k\u1ebf Website &amp; Ph\u00e1t tri\u1ec3n th\u01b0\u01a1ng hi\u1ec7u<\/h1>\n[\/vc_column_text][dt_gap height=&#8221;20&#8243;][vc_column_text]<img decoding=\"async\" class=\"alignleft size-full wp-image-9806\" src=\"https:\/\/innocom.vn\/wp-content\/uploads\/2013\/09\/tu-van-giai-phap-doanh-nghiep.jpg\" alt=\"tu-van-giai-phap-doanh-nghiep\" width=\"110\" \/><\/p>\n<p align=\"justify\">B\u1ea1n \u0111ang c\u1ea7n ph\u00e1t tri\u1ec3n kinh doanh v\u00e0 ch\u01b0a c\u00f3 m\u1ed9t k\u00eanh ph\u00e1t tri\u1ec3n th\u01b0\u01a1ng hi\u1ec7u v\u00e0 b\u00e1n h\u00e0ng online mang l\u1ea1i hi\u1ec7u qu\u1ea3?<br \/>\nINNOCOM v\u1edbi \u0111\u1ed9i ng\u0169 chuy\u00ean gia gi\u00e0u kinh nghi\u1ec7m, s\u1ebd cung c\u1ea5p cho b\u1ea1n gi\u1ea3i ph\u00e1p t\u1ed1t\u00a0nh\u1ea5t s\u1eed d\u1ee5ng c\u00e1c c\u00f4ng c\u1ee5 ti\u00ean ti\u1ebfn nh\u1ea5t.<\/p>\n[\/vc_column_text][dt_gap height=&#8221;30&#8243;][\/vc_column][vc_column width=&#8221;1\/4&#8243;][vc_column_text]\n<h3>Th\u00f4ng tin li\u00ean h\u1ec7<\/h3>\n[\/vc_column_text][dt_gap height=&#8221;20&#8243;][vc_column_text]S\u1ed1 \u0111i\u1ec7n tho\u1ea1i li\u00ean h\u1ec7:<\/p>\n<p>0942.8888.95 &#8211;\u00a00949.0888.95<\/p>\n<p>Email: <a href=\"mailto:hello@innocom.vn\">hello@innocom.vn<\/a><\/p>\n[dt_divider style=&#8221;thin&#8221; \/]\n<p>Li\u00ean k\u1ebft:<\/p>\n[dt_social_icons animation=&#8221;fade&#8221;][dt_social_icon target_blank=&#8221;true&#8221; icon=&#8221;facebook&#8221; link=&#8221;https:\/\/www.facebook.com\/innocom.vn&#8221; \/][dt_social_icon target_blank=&#8221;true&#8221; icon=&#8221;google&#8221; link=&#8221;https:\/\/plus.google.com\/+Innocomvn8888\u200e&#8221; \/][\/dt_social_icons][\/vc_column_text][dt_gap height=&#8221;30&#8243;][\/vc_column][vc_column width=&#8221;1\/4&#8243;][vc_column_text]\n<h3>Tin t\u1ee9c<\/h3>\n[\/vc_column_text][dt_gap height=&#8221;20&#8243;][dt_blog_posts_small number=&#8221;2&#8243; category=&#8221;blog-category-01,thong-tin-danh-cho-khach-hang,tin-tuc-cong-nghe,tin-tuc-innocom&#8221;][\/vc_column][\/vc_row][vc_row margin_top=&#8221;48&#8243; margin_bottom=&#8221;48&#8243; type=&#8221;5&#8243; bg_type=&#8221;bg_color&#8221;][vc_column width=&#8221;1\/4&#8243;][vc_column_text]\n<h3>Kh\u00e1ch h\u00e0ng \u0110\u1ed1i t\u00e1c<\/h3>\n[\/vc_column_text][dt_gap height=&#8221;20&#8243;][vc_column_text]\n<p align=\"justify\">INNOCOM l\u00e0 \u0111\u1ed1i t\u00e1c d\u00e0i h\u1ea1n c\u1ee7a nhi\u1ec1u \u0111\u01a1n v\u1ecb. Ch\u00fang t\u00f4i mong mu\u1ed1n l\u00e0 ng\u01b0\u1eddi b\u1ea1n s\u00e1t c\u00e1nh tr\u00ean b\u01b0\u1edbc \u0111\u01b0\u1eddng ph\u00e1t tri\u1ec3n c\u1ee7a c\u00e1c doanh nghi\u1ec7p Vi\u1ec7t. Kh\u1eb3ng \u0111\u1ecbnh v\u1ecb tr\u00ed s\u1ed1 m\u1ed9t v\u1ec1 t\u01b0 v\u1ea5n x\u00e2y d\u1ef1ng th\u01b0\u01a1ng hi\u1ec7u v\u00e0 truy\u1ec1n th\u00f4ng internet<\/p>\n[\/vc_column_text][dt_gap][dt_button link=&#8221;https:\/\/innocom.vn\/gioi-thieu\/khach-hang-doi-tac&#8221;]Danh s\u00e1ch kh\u00e1ch h\u00e0ng [\/dt_button][dt_gap height=&#8221;20&#8243;][\/vc_column][vc_column width=&#8221;3\/4&#8243;][dt_logos column_width=&#8221;140&#8243; columns_number=&#8221;5&#8243; number=&#8221;10&#8243; columns=&#8221;5&#8243; dividers=&#8221;true&#8221; category=&#8221;homepage&#8221;][\/vc_column][\/vc_row][vc_row][vc_column width=&#8221;1\/4&#8243;][vc_column_text]\n<h3>D\u1ecbch V\u1ee5<\/h3>\n[\/vc_column_text][dt_gap height=&#8221;20&#8243;][vc_column_text]\n<p align=\"justify\">C\u00e1c g\u00f3i d\u1ecbch v\u1ee5 c\u1ee7a ch\u00fang t\u00f4i t\u1eadp trung cung c\u1ea5p gi\u1ea3i ph\u00e1p thi\u1ebft k\u1ebf website v\u00e0 ph\u00e1t tri\u1ec3n th\u01b0\u01a1ng hi\u1ec7u cho kh\u00e1ch h\u00e0ng tr\u00ean internet<\/p>\n[\/vc_column_text][dt_gap][dt_button link=&#8221;https:\/\/innocom.vn\/lien-he\/&#8221; animation=&#8221;fade&#8221; size=&#8221;link&#8221;]\n<p>Y\u00eau c\u1ea7u t\u01b0 v\u1ea5n<\/p>\n[\/dt_button][dt_gap height=&#8221;20&#8243;][\/vc_column][vc_column width=&#8221;3\/4&#8243;][vc_row_inner][vc_column_inner width=&#8221;1\/3&#8243;][dt_teaser type=&#8221;image&#8221; image=&#8221;https:\/\/innocom.vn\/wp-content\/uploads\/2013\/09\/tu-van-doanh-nghiep.jpg&#8221; image_alt=&#8221;Thi\u1ebft k\u1ebf website&#8221; lightbox=&#8221;true&#8221; style=&#8221;2&#8243; content_size=&#8221;normal&#8221; background=&#8221;fancy&#8221; text_align=&#8221;center&#8221;]\n<h4>Thi\u1ebft k\u1ebf website<\/h4>\n<p>Thi\u1ebft k\u1ebf website ch\u1ea5t l\u01b0\u1ee3ng cao, th\u1ec3 hi\u1ec7n \u0111\u1eb7c \u0111i\u1ec3m th\u01b0\u01a1ng hi\u1ec7u, x\u00e2y d\u1ef1ng uy t\u00edn v\u00e0 gi\u00fap kh\u00e1ch h\u00e0ng d\u1ec5 d\u00e0ng mua h\u00e0ng, \u0111\u0103ng k\u00fd s\u1eed d\u1ee5ng d\u1ecbch v\u1ee5<\/p>\n[dt_gap height=&#8221;5&#8243;][\/dt_teaser][\/vc_column_inner][vc_column_inner width=&#8221;1\/3&#8243;][dt_teaser type=&#8221;image&#8221; image=&#8221;https:\/\/innocom.vn\/wp-content\/uploads\/2013\/09\/truyen-thong-internet.jpg&#8221; image_alt=&#8221;Ph\u00e1t tri\u1ec3n th\u01b0\u01a1ng hi\u1ec7u&#8221; lightbox=&#8221;true&#8221; style=&#8221;2&#8243; content_size=&#8221;normal&#8221; background=&#8221;fancy&#8221; text_align=&#8221;center&#8221;]\n<h4>Ph\u00e1t tri\u1ec3n th\u01b0\u01a1ng hi\u1ec7u<\/h4>\n<p>T\u1ed5 ch\u1ee9c s\u1ef1 ki\u1ec7n tr\u00ean internet v\u00e0 qu\u1ea3ng c\u00e1o gi\u00fap kh\u00e1ch h\u00e0ng bi\u1ebft \u0111\u1ebfn, tin t\u01b0\u1edfng, v\u00e0 s\u1eed d\u1ee5ng s\u1ea3n ph\u1ea9m d\u1ecbch v\u1ee5<\/p>\n[dt_gap height=&#8221;5&#8243;][\/dt_teaser][\/vc_column_inner][vc_column_inner width=&#8221;1\/3&#8243;][dt_teaser type=&#8221;image&#8221; image=&#8221;https:\/\/innocom.vn\/wp-content\/uploads\/2013\/09\/goi-giai-phap-tong-the.jpg&#8221; image_alt=&#8221;T\u01b0 v\u1ea5n \u0111\u00e0o t\u1ea1o&#8221; lightbox=&#8221;true&#8221; style=&#8221;2&#8243; content_size=&#8221;normal&#8221; background=&#8221;fancy&#8221; text_align=&#8221;center&#8221;]\n<h4>T\u01b0 v\u1ea5n \u0111\u00e0o t\u1ea1o<\/h4>\n<p>Cung c\u1ea5p\u00a0ki\u1ebfn th\u1ee9c v\u00e0 t\u01b0 v\u1ea5n gi\u00fap kh\u00e1ch h\u00e0ng b\u00e1n h\u00e0ng v\u00e0 truy\u1ec1n th\u00f4ng hi\u1ec7u qu\u1ea3 tr\u00ean internet nh\u01b0 m\u1ed9t \u0111\u1ed1i t\u00e1c ph\u00e1t tri\u1ec3n kinh doanh to\u00e0n di\u1ec7n tr\u00ean internet.<\/p>\n[dt_gap height=&#8221;5&#8243;][\/dt_teaser][\/vc_column_inner][\/vc_row_inner][\/vc_column][\/vc_row][vc_row margin_top=&#8221;40&#8243; margin_bottom=&#8221;40&#8243; type=&#8221;1&#8243; bg_repeat=&#8221;repeat&#8221; padding_top=&#8221;50&#8243; padding_bottom=&#8221;20&#8243;][vc_column][vc_column_text]\n<h3>Ki\u1ec3m tra t\u00ean mi\u1ec1n<\/h3>\n[\/vc_column_text][vc_raw_html]JTNDaWZyYW1lJTIwc3R5bGUlM0QlMjJib3JkZXIlM0Fub25lJTNCJTIyJTIwd2lkdGglM0QxMDAlMjUlMjBzcmMlM0QlMjIlMkZkb21haW5jaGVjayUyRiUyMiUyMGhlaWdodCUzRCUyMjMwMHB4JTIyJTNFJTBBJTNDJTJGaWZyYW1lJTNF[\/vc_raw_html][\/vc_column][\/vc_row][vc_row][vc_column width=&#8221;2\/3&#8243;][vc_column_text]\n<h4>D\u1ef1 \u00e1n \u0111\u00e3 tri\u1ec3n khai<\/h4>\n[\/vc_column_text][dt_gap height=&#8221;20&#8243;][dt_portfolio_slider height=&#8221;250&#8243; margin_top=&#8221;10&#8243; margin_bottom=&#8221;10&#8243; category=&#8221;nang-cap-website,seo-digital-marketing,thiet-ke-website&#8221;][\/vc_column][vc_column width=&#8221;1\/3&#8243;][vc_column_text]\n<h4>Ph\u1ea3n h\u1ed3i c\u1ee7a kh\u00e1ch h\u00e0ng<\/h4>\n[\/vc_column_text][dt_gap height=&#8221;20&#8243;][dt_testimonials type=&#8221;slider&#8221; category=&#8221;testimonials-category-01&#8243;][\/vc_column][\/vc_row][vc_row margin_top=&#8221;15&#8243; margin_bottom=&#8221;50&#8243; type=&#8221;1&#8243; bg_position=&#8221;bottom&#8221; bg_cover=&#8221;true&#8221; bg_attachment=&#8221;true&#8221; padding_top=&#8221;34&#8243; padding_bottom=&#8221;40&#8243;][vc_column][vc_column_text css_animation=&#8221;bottom-to-top&#8221;]\n<h2 style=\"text-align: center;\">Li\u00ean h\u1ec7 ngay v\u1edbi ch\u00fang t\u00f4i \u0111\u1ec3 \u0111\u01b0\u1ee3c t\u01b0 v\u1ea5n.<\/h2>\n[dt_gap height=&#8221;5&#8243; \/][\/vc_column_text][dt_gap height=&#8221;30&#8243;][vc_column_text]\n<p style=\"text-align: center;\">[dt_button animation=&#8221;scale&#8221; size=&#8221;big&#8221; color=&#8221;&#8221; link=&#8221;https:\/\/innocom.vn\/lien-he\/&#8221; target_blank=&#8221;true&#8221;]Li\u00ean H\u1ec7[\/dt_button][dt_button size=&#8221;big&#8221; animation=&#8221;scale&#8221; color=&#8221;&#8221; link=&#8221;https:\/\/innocom.vn\/khach-hang\/faq\/&#8221; target_blank=&#8221;true&#8221;]C\u00e2u H\u1ecfi Th\u01b0\u1eddng G\u1eb7p[\/dt_button]\n[\/vc_column_text][dt_gap][\/vc_column][\/vc_row]\n","protected":false},"excerpt":{"rendered":"[vc_row][vc_column][dt_gap height=&#8221;15&#8243;][\/vc_column][vc_column][vc_row_inner][vc_column_inner width=&#8221;1\/3&#8243;][vc_column_text] B\u1ea1n ch\u01b0a c\u00f3 website t\u1ed1t cho vi\u1ec7c kinh doanh online? [\/vc_column_text][vc_raw_html]JTNDYnIlM0U=[\/vc_raw_html][dt_teaser image_id=&#8221;13955&#8243; image_alt=&#8221;Thi\u1ebft k\u1ebf website uy t\u00edn chuy\u00ean nghi\u1ec7p&#8221; misc_link=&#8221;#&#8221; target=&#8221;self&#8221;][\/dt_teaser][vc_raw_html]JTNDYnIlM0U=[\/vc_raw_html][dt_button link=&#8221;#&#8221;]T\u00ecm hi\u1ec3u nh\u1eefng \u0111i\u1ec1u c\u1ea7n bi\u1ebft khi x\u00e2y d\u1ef1ng 1 website\u00a0[\/dt_button][dt_button link=&#8221;#&#8221;]Tham kh\u1ea3o giao di\u1ec7n[\/dt_button][dt_button link=&#8221;#&#8221;]\u0110\u0103ng k\u00fd n\u00e2ng c\u1ea5p website[\/dt_button][dt_button link=&#8221;#&#8221;]Thi\u1ebft k\u1ebf cho t\u00f4i 1 website m\u1edbi[\/dt_button][\/vc_column_inner][vc_column_inner width=&#8221;1\/3&#8243;][vc_column_text] Th\u01b0\u01a1ng hi\u1ec7u c\u1ee7a [&#8230;]\n","protected":false},"author":4,"featured_media":0,"parent":0,"menu_order":6,"comment_status":"closed","ping_status":"closed","template":"","meta":{"footnotes":""},"class_list":["post-13279","page","type-page","status-publish","hentry"],"yoast_head":"<!-- This site is optimized with the Yoast SEO Premium plugin v24.5 (Yoast SEO v26.1.1) - https:\/\/yoast.com\/wordpress\/plugins\/seo\/ -->\n<title>INNOCOM Technology &amp; Enterprise Consulting Company<\/title>\n<meta name=\"description\" content=\"Best Enterprise Tech Solution Provider in Vietnam - Automating Business Management System (ABMS) - Website design &amp; development - Online &amp; Brand Promotion\" \/>\n<meta name=\"robots\" content=\"index, follow, max-snippet:-1, max-image-preview:large, max-video-preview:-1\" \/>\n<link rel=\"canonical\" href=\"https:\/\/innocom.vn\/en\/innocom-business-solution-provider\/\" \/>\n<meta property=\"og:locale\" content=\"en_US\" \/>\n<meta property=\"og:type\" content=\"article\" \/>\n<meta property=\"og:title\" content=\"INNOCOM | Best Enterprise Tech Solution Provider\" \/>\n<meta property=\"og:description\" content=\"Best Enterprise Tech Solution Provider in Vietnam - Automating Business Management System (ABMS) - Website design &amp; development - Online &amp; Brand Promotion\" \/>\n<meta property=\"og:url\" content=\"https:\/\/innocom.vn\/en\/innocom-business-solution-provider\/\" \/>\n<meta property=\"og:site_name\" content=\"C\u00f4ng ty C\u00f4ng ngh\u1ec7 v\u00e0 T\u01b0 v\u1ea5n Doanh nghi\u1ec7p INNOCOM\" \/>\n<meta property=\"article:modified_time\" content=\"2017-09-21T10:58:32+00:00\" \/>\n<meta name=\"twitter:label1\" content=\"Est. reading time\" \/>\n\t<meta name=\"twitter:data1\" content=\"7 minutes\" \/>\n<script type=\"application\/ld+json\" class=\"yoast-schema-graph\">{\"@context\":\"https:\/\/schema.org\",\"@graph\":[{\"@type\":\"WebPage\",\"@id\":\"https:\/\/innocom.vn\/en\/innocom-business-solution-provider\/\",\"url\":\"https:\/\/innocom.vn\/en\/innocom-business-solution-provider\/\",\"name\":\"INNOCOM Technology & Enterprise Consulting Company\",\"isPartOf\":{\"@id\":\"https:\/\/innocom.vn\/#website\"},\"primaryImageOfPage\":{\"@id\":\"https:\/\/innocom.vn\/en\/innocom-business-solution-provider\/#primaryimage\"},\"image\":{\"@id\":\"https:\/\/innocom.vn\/en\/innocom-business-solution-provider\/#primaryimage\"},\"thumbnailUrl\":\"https:\/\/innocom.vn\/wp-content\/uploads\/2013\/09\/tu-van-giai-phap-doanh-nghiep.jpg\",\"datePublished\":\"2013-09-12T06:45:32+00:00\",\"dateModified\":\"2017-09-21T10:58:32+00:00\",\"description\":\"Best Enterprise Tech Solution Provider in Vietnam - Automating Business Management System (ABMS) - Website design & development - Online & Brand Promotion\",\"breadcrumb\":{\"@id\":\"https:\/\/innocom.vn\/en\/innocom-business-solution-provider\/#breadcrumb\"},\"inLanguage\":\"en-US\",\"potentialAction\":[{\"@type\":\"ReadAction\",\"target\":[\"https:\/\/innocom.vn\/en\/innocom-business-solution-provider\/\"]}]},{\"@type\":\"ImageObject\",\"inLanguage\":\"en-US\",\"@id\":\"https:\/\/innocom.vn\/en\/innocom-business-solution-provider\/#primaryimage\",\"url\":\"https:\/\/innocom.vn\/wp-content\/uploads\/2013\/09\/tu-van-giai-phap-doanh-nghiep.jpg\",\"contentUrl\":\"https:\/\/innocom.vn\/wp-content\/uploads\/2013\/09\/tu-van-giai-phap-doanh-nghiep.jpg\"},{\"@type\":\"BreadcrumbList\",\"@id\":\"https:\/\/innocom.vn\/en\/innocom-business-solution-provider\/#breadcrumb\",\"itemListElement\":[{\"@type\":\"ListItem\",\"position\":1,\"name\":\"Home\",\"item\":\"https:\/\/innocom.vn\/en\/\"},{\"@type\":\"ListItem\",\"position\":2,\"name\":\"INNOCOM | Best Enterprise Tech Solution Provider\"}]},{\"@type\":\"WebSite\",\"@id\":\"https:\/\/innocom.vn\/#website\",\"url\":\"https:\/\/innocom.vn\/\",\"name\":\"C\u00f4ng ty C\u00f4ng ngh\u1ec7 v\u00e0 T\u01b0 v\u1ea5n Doanh nghi\u1ec7p INNOCOM\",\"description\":\"\",\"publisher\":{\"@id\":\"https:\/\/innocom.vn\/#organization\"},\"potentialAction\":[{\"@type\":\"SearchAction\",\"target\":{\"@type\":\"EntryPoint\",\"urlTemplate\":\"https:\/\/innocom.vn\/?s={search_term_string}\"},\"query-input\":{\"@type\":\"PropertyValueSpecification\",\"valueRequired\":true,\"valueName\":\"search_term_string\"}}],\"inLanguage\":\"en-US\"},{\"@type\":\"Organization\",\"@id\":\"https:\/\/innocom.vn\/#organization\",\"name\":\"Innocom\",\"url\":\"https:\/\/innocom.vn\/\",\"logo\":{\"@type\":\"ImageObject\",\"inLanguage\":\"en-US\",\"@id\":\"https:\/\/innocom.vn\/#\/schema\/logo\/image\/\",\"url\":\"https:\/\/innocom.vn\/wp-content\/uploads\/2016\/01\/innocom-logo.png\",\"contentUrl\":\"https:\/\/innocom.vn\/wp-content\/uploads\/2016\/01\/innocom-logo.png\",\"width\":2048,\"height\":2046,\"caption\":\"Innocom\"},\"image\":{\"@id\":\"https:\/\/innocom.vn\/#\/schema\/logo\/image\/\"}}]}<\/script>\n<!-- \/ Yoast SEO Premium plugin. -->","yoast_head_json":{"title":"INNOCOM Technology & Enterprise Consulting Company","description":"Best Enterprise Tech Solution Provider in Vietnam - Automating Business Management System (ABMS) - Website design & development - Online & Brand Promotion","robots":{"index":"index","follow":"follow","max-snippet":"max-snippet:-1","max-image-preview":"max-image-preview:large","max-video-preview":"max-video-preview:-1"},"canonical":"https:\/\/innocom.vn\/en\/innocom-business-solution-provider\/","og_locale":"en_US","og_type":"article","og_title":"INNOCOM | Best Enterprise Tech Solution Provider","og_description":"Best Enterprise Tech Solution Provider in Vietnam - Automating Business Management System (ABMS) - Website design & development - Online & Brand Promotion","og_url":"https:\/\/innocom.vn\/en\/innocom-business-solution-provider\/","og_site_name":"C\u00f4ng ty C\u00f4ng ngh\u1ec7 v\u00e0 T\u01b0 v\u1ea5n Doanh nghi\u1ec7p INNOCOM","article_modified_time":"2017-09-21T10:58:32+00:00","twitter_misc":{"Est. reading time":"7 minutes"},"schema":{"@context":"https:\/\/schema.org","@graph":[{"@type":"WebPage","@id":"https:\/\/innocom.vn\/en\/innocom-business-solution-provider\/","url":"https:\/\/innocom.vn\/en\/innocom-business-solution-provider\/","name":"INNOCOM Technology & Enterprise Consulting Company","isPartOf":{"@id":"https:\/\/innocom.vn\/#website"},"primaryImageOfPage":{"@id":"https:\/\/innocom.vn\/en\/innocom-business-solution-provider\/#primaryimage"},"image":{"@id":"https:\/\/innocom.vn\/en\/innocom-business-solution-provider\/#primaryimage"},"thumbnailUrl":"https:\/\/innocom.vn\/wp-content\/uploads\/2013\/09\/tu-van-giai-phap-doanh-nghiep.jpg","datePublished":"2013-09-12T06:45:32+00:00","dateModified":"2017-09-21T10:58:32+00:00","description":"Best Enterprise Tech Solution Provider in Vietnam - Automating Business Management System (ABMS) - Website design & development - Online & Brand Promotion","breadcrumb":{"@id":"https:\/\/innocom.vn\/en\/innocom-business-solution-provider\/#breadcrumb"},"inLanguage":"en-US","potentialAction":[{"@type":"ReadAction","target":["https:\/\/innocom.vn\/en\/innocom-business-solution-provider\/"]}]},{"@type":"ImageObject","inLanguage":"en-US","@id":"https:\/\/innocom.vn\/en\/innocom-business-solution-provider\/#primaryimage","url":"https:\/\/innocom.vn\/wp-content\/uploads\/2013\/09\/tu-van-giai-phap-doanh-nghiep.jpg","contentUrl":"https:\/\/innocom.vn\/wp-content\/uploads\/2013\/09\/tu-van-giai-phap-doanh-nghiep.jpg"},{"@type":"BreadcrumbList","@id":"https:\/\/innocom.vn\/en\/innocom-business-solution-provider\/#breadcrumb","itemListElement":[{"@type":"ListItem","position":1,"name":"Home","item":"https:\/\/innocom.vn\/en\/"},{"@type":"ListItem","position":2,"name":"INNOCOM | Best Enterprise Tech Solution Provider"}]},{"@type":"WebSite","@id":"https:\/\/innocom.vn\/#website","url":"https:\/\/innocom.vn\/","name":"C\u00f4ng ty C\u00f4ng ngh\u1ec7 v\u00e0 T\u01b0 v\u1ea5n Doanh nghi\u1ec7p INNOCOM","description":"","publisher":{"@id":"https:\/\/innocom.vn\/#organization"},"potentialAction":[{"@type":"SearchAction","target":{"@type":"EntryPoint","urlTemplate":"https:\/\/innocom.vn\/?s={search_term_string}"},"query-input":{"@type":"PropertyValueSpecification","valueRequired":true,"valueName":"search_term_string"}}],"inLanguage":"en-US"},{"@type":"Organization","@id":"https:\/\/innocom.vn\/#organization","name":"Innocom","url":"https:\/\/innocom.vn\/","logo":{"@type":"ImageObject","inLanguage":"en-US","@id":"https:\/\/innocom.vn\/#\/schema\/logo\/image\/","url":"https:\/\/innocom.vn\/wp-content\/uploads\/2016\/01\/innocom-logo.png","contentUrl":"https:\/\/innocom.vn\/wp-content\/uploads\/2016\/01\/innocom-logo.png","width":2048,"height":2046,"caption":"Innocom"},"image":{"@id":"https:\/\/innocom.vn\/#\/schema\/logo\/image\/"}}]}},"_links":{"self":[{"href":"https:\/\/innocom.vn\/en\/wp-json\/wp\/v2\/pages\/13279","targetHints":{"allow":["GET"]}}],"collection":[{"href":"https:\/\/innocom.vn\/en\/wp-json\/wp\/v2\/pages"}],"about":[{"href":"https:\/\/innocom.vn\/en\/wp-json\/wp\/v2\/types\/page"}],"author":[{"embeddable":true,"href":"https:\/\/innocom.vn\/en\/wp-json\/wp\/v2\/users\/4"}],"replies":[{"embeddable":true,"href":"https:\/\/innocom.vn\/en\/wp-json\/wp\/v2\/comments?post=13279"}],"version-history":[{"count":0,"href":"https:\/\/innocom.vn\/en\/wp-json\/wp\/v2\/pages\/13279\/revisions"}],"wp:attachment":[{"href":"https:\/\/innocom.vn\/en\/wp-json\/wp\/v2\/media?parent=13279"}],"curies":[{"name":"wp","href":"https:\/\/api.w.org\/{rel}","templated":true}]}}